{"id":5416,"date":"2019-09-16T14:21:13","date_gmt":"2019-09-16T14:21:13","guid":{"rendered":"http:\/\/www.ciencianews.com.br\/?page_id=5416"},"modified":"2025-05-23T14:59:22","modified_gmt":"2025-05-23T14:59:22","slug":"artigos-de-hematologia-anemia-hemolitica-autoimune-e-hpn","status":"publish","type":"page","link":"https:\/\/www.ciencianews.com.br\/index.php\/home\/biblioteca_digital\/biblioteca-digital-hematologia\/b-d-hematologia-serie-vermelha\/biblioteca-digital-hematologia-anemia-hemolitica-autoimune-e-hpn\/artigos-de-hematologia-anemia-hemolitica-autoimune-e-hpn\/","title":{"rendered":"ARTIGOS DE HEMATOLOGIA \u2013 Anemia hemol\u00edtica autoimune e HPN"},"content":{"rendered":"<h1 align=\"center\"><span style=\"color: #000000;\"><strong> ARTIGOS <\/strong><\/span><\/h1>\n<p><strong>Escolha o tema de sua prefer\u00eancia:<\/strong><\/p>\n<ol>\n<li style=\"list-style-type: none;\">\n<ol>\n<li>\n<h4><em><strong><a title=\"HEMOGLOBIN\u00daRIA PAROX\u00cdSTICA NOTURNA - PRINCIPAIS ASPECTOS\" href=\"http:\/\/www.ciencianews.com.br\/arquivos\/ACET\/IMAGENS\/biblioteca-digital\/hematologia\/serie_vermelha\/anemia_hemolitica_hpn\/1.pdf\" target=\"_blank\" rel=\"noopener noreferrer\">HEMOGLOBIN\u00daRIA PAROX\u00cdSTICA NOTURNA &#8211; PRINCIPAIS ASPECTOS<\/a><\/strong><\/em><\/h4>\n<\/li>\n<li>\n<h4><em><strong><a title=\"T\u00c9CNICAS EMPREGADAS NA ROTINA LABORATORIAL IMUNOHEMATOL\u00d3GICA PARA A IDENTIFICA\u00c7\u00c3O DA ANEMIA HEMOL\u00cdTICA AUTOIMUNE\" href=\"http:\/\/www.ciencianews.com.br\/arquivos\/ACET\/IMAGENS\/biblioteca-digital\/hematologia\/serie_vermelha\/anemia_hemolitica_hpn\/2.pdf\" target=\"_blank\" rel=\"noopener noreferrer\">T\u00c9CNICAS EMPREGADAS NA ROTINA LABORATORIAL IMUNOHEMATOL\u00d3GICA PARA A IDENTIFICA\u00c7\u00c3O DA ANEMIA HEMOL\u00cdTICA AUTOIMUNE<\/a><\/strong><\/em><\/h4>\n<\/li>\n<li>\n<h4><em><strong><a title=\"ANEMIA HEMOL\u00cdTICA AUTOIMUNE\" href=\"http:\/\/www.ciencianews.com.br\/arquivos\/ACET\/IMAGENS\/biblioteca-digital\/hematologia\/serie_vermelha\/anemia_hemolitica_hpn\/3.pdf\" target=\"_blank\" rel=\"noopener noreferrer\">ANEMIA HEMOL\u00cdTICA AUTOIMUNE<\/a><\/strong><\/em><\/h4>\n<\/li>\n<li>\n<h4><em><strong><a title=\"ANEMIA HEMOL\u00cdTICA AUTOIMUNE E O SEU DIAGN\u00d3STICO LABORATORIAL: REVIS\u00c3O DA LITERATURA\" href=\"http:\/\/www.ciencianews.com.br\/arquivos\/ACET\/IMAGENS\/biblioteca-digital\/hematologia\/serie_vermelha\/anemia_hemolitica_hpn\/4.pdf\" target=\"_blank\" rel=\"noopener noreferrer\">ANEMIA HEMOL\u00cdTICA AUTOIMUNE E O SEU DIAGN\u00d3STICO LABORATORIAL: REVIS\u00c3O DA LITERATURA<\/a><\/strong><\/em><\/h4>\n<\/li>\n<li>\n<h4><em><strong><a title=\"ANEMIA HEMOL\u00cdTICA AUTOIMUNE: DIAGN\u00d3STICO E TRATAMENTO\" href=\"http:\/\/www.ciencianews.com.br\/arquivos\/ACET\/IMAGENS\/biblioteca-digital\/hematologia\/serie_vermelha\/anemia_hemolitica_hpn\/5.pdf\" target=\"_blank\" rel=\"noopener noreferrer\"> ANEMIA HEMOL\u00cdTICA AUTOIMUNE: DIAGN\u00d3STICO E TRATAMENTO<\/a><\/strong><\/em><\/h4>\n<\/li>\n<li>\n<h4><em><strong><a title=\"ANEMIA HEMOL\u00cdTICA\" href=\"http:\/\/www.ciencianews.com.br\/arquivos\/ACET\/IMAGENS\/biblioteca-digital\/hematologia\/serie_vermelha\/anemia_hemolitica_hpn\/6.pdf\" target=\"_blank\" rel=\"noopener noreferrer\">ANEMIA HEMOL\u00cdTICA<\/a><\/strong><\/em><\/h4>\n<\/li>\n<li>\n<h4><em><strong><a title=\" ANEMIAS HEMOL\u00cdTICAS AUTO-IMUNES \" href=\"http:\/\/www.ciencianews.com.br\/arquivos\/ACET\/IMAGENS\/biblioteca-digital\/hematologia\/serie_vermelha\/anemia_hemolitica_hpn\/7.pdf\" target=\"_blank\" rel=\"noopener noreferrer\"> ANEMIAS HEMOL\u00cdTICAS AUTO-IMUNES <\/a><\/strong><\/em><\/h4>\n<\/li>\n<li>\n<h4><em><strong><a title=\"DIAGN\u00d3STICO LABORATORIAL DA ANEMIA HEMOL\u00cdTICA AUTO IMUNE EM PACIENTES PORTADORES DE LEUCEMIA LINFOC\u00cdTICA CR\u00d4NICA\" href=\"http:\/\/www.ciencianews.com.br\/arquivos\/ACET\/IMAGENS\/biblioteca-digital\/hematologia\/serie_vermelha\/anemia_hemolitica_hpn\/8.pdf\" target=\"_blank\" rel=\"noopener noreferrer\">DIAGN\u00d3STICO LABORATORIAL DA ANEMIA HEMOL\u00cdTICA AUTO IMUNE EM PACIENTES PORTADORES DE LEUCEMIA LINFOC\u00cdTICA CR\u00d4NICA<\/a><\/strong><\/em><\/h4>\n<\/li>\n<li>\n<h4><em><strong><a title=\"HEMOGLOBIN\u00daRIA PAROX\u00cdSTICA NOTURNA\" href=\"http:\/\/www.ciencianews.com.br\/arquivos\/ACET\/IMAGENS\/biblioteca-digital\/hematologia\/serie_vermelha\/anemia_hemolitica_hpn\/9.pdf\" target=\"_blank\" rel=\"noopener noreferrer\">HEMOGLOBIN\u00daRIA PAROX\u00cdSTICA NOTURNA<\/a><\/strong><\/em><\/h4>\n<\/li>\n<li>\n<h4><em><strong><a title=\"HEMOGLOBIN\u00daRIA PAROX\u00cdSTICA NOTURNA\" href=\"http:\/\/www.ciencianews.com.br\/arquivos\/ACET\/IMAGENS\/biblioteca-digital\/hematologia\/serie_vermelha\/anemia_hemolitica_hpn\/10.pdf\" target=\"_blank\" rel=\"noopener noreferrer\">HEMOGLOBIN\u00daRIA PAROX\u00cdSTICA NOTURNA <\/a><\/strong><\/em><\/h4>\n<\/li>\n<li>\n<h4><em><strong><a title=\"ANEMIA HEMOL\u00cdTICA AUTO IMUNE: PRINCIPAIS M\u00c9TODOS DIAGN\u00d3STICOS\" href=\"http:\/\/www.ciencianews.com.br\/arquivos\/ACET\/IMAGENS\/biblioteca-digital\/hematologia\/serie_vermelha\/anemia_hemolitica_hpn\/11.pdf\" target=\"_blank\" rel=\"noopener noreferrer\">ANEMIA HEMOL\u00cdTICA AUTO IMUNE: PRINCIPAIS M\u00c9TODOS DIAGN\u00d3STICOS <\/a><\/strong><\/em><\/h4>\n<\/li>\n<li>\n<h4><em><strong><a title=\"CURSO DE ESPECIALIZA\u00c7\u00c3O EM HEMATOLOGIA LABORATORIAL\" href=\"http:\/\/www.ciencianews.com.br\/arquivos\/ACET\/IMAGENS\/biblioteca-digital\/hematologia\/serie_vermelha\/anemia_hemolitica_hpn\/12.pdf\" target=\"_blank\" rel=\"noopener noreferrer\">CURSO DE ESPECIALIZA\u00c7\u00c3O EM HEMATOLOGIA LABORATORIAL<\/a><\/strong><\/em><\/h4>\n<\/li>\n<li>\n<h4><em><strong><a title=\"ATLAS CITOL\u00d3GICO DE CONCLUS\u00c3O DO CURSO DE CITOLOGIA CL\u00cdNICA E LABORATORIAL DA ACADEMIA DE CI\u00caNCIA E TECNOLOGIA DE S\u00c3O JOS\u00c9 DO RIO PRETO \u2013 SP\" href=\"http:\/\/www.ciencianews.com.br\/arquivos\/ACET\/IMAGENS\/biblioteca-digital\/hematologia\/serie_vermelha\/anemia_hemolitica_hpn\/13.pdf\" target=\"_blank\" rel=\"noopener noreferrer\">ATLAS CITOL\u00d3GICO DE CONCLUS\u00c3O DO CURSO DE CITOLOGIA CL\u00cdNICA E LABORATORIAL DA ACADEMIA DE CI\u00caNCIA E TECNOLOGIA DE S\u00c3O JOS\u00c9 DO RIO PRETO \u2013 SP<\/a><\/strong><\/em><\/h4>\n<\/li>\n<li>\n<h4><em><strong><a title=\"ANEMIAS HEMOLITICAS ADQUIRIDAS, HEREDIT\u00c1RIAS E AUTOIMUNES- CONCEITO- ETIOLOGIA E AVALIA\u00c7\u00c3O LABORAT\u00d3RIAL\" href=\"http:\/\/www.ciencianews.com.br\/arquivos\/ACET\/IMAGENS\/biblioteca-digital\/hematologia\/serie_vermelha\/anemia_hemolitica_hpn\/14.pdf\" target=\"_blank\" rel=\"noopener noreferrer\">ANEMIAS HEMOLITICAS ADQUIRIDAS, HEREDIT\u00c1RIAS E AUTOIMUNES- CONCEITO- ETIOLOGIA E AVALIA\u00c7\u00c3O LABORAT\u00d3RIAL<\/a><\/strong><\/em><\/h4>\n<\/li>\n<li>\n<h4><a href=\"https:\/\/www.ciencianews.com.br\/arquivos\/ACET\/IMAGENS\/biblioteca-digital\/hematologia\/serie_vermelha\/anemia_hemolitica_hpn\/HEMOGLOBIN%C3%9ARIA%20PAROX%C3%8DSTICA%20NOTURNA%20-%20DA%20FISIOPATOLOGIA%20AO%20TRATAMENTO%20-%20Fernanda%20da%20Silva%20Gomes.pdf\"><em><strong>HEMOGLOBIN\u00daRIA PAROX\u00cdSTICA NOTURNA &#8211; DA FISIOPATOLOGIA AO TRATAMENTO<\/strong><\/em><\/a><\/h4>\n<\/li>\n<li>\n<h4><a href=\"https:\/\/www.ciencianews.com.br\/arquivos\/ACET\/IMAGENS\/biblioteca-digital\/hematologia\/serie_vermelha\/anemia_hemolitica_hpn\/HEMOGLOBIN%C3%9ARIA_PAROX%C3%8DSTICA_NOTURNA%20-%20Gabriel%20Rocha%20de%20Andrade.pdf\"><em><strong>HEMOGLOBIN\u00daRIA PAROX\u00cdSTICA NOTURNA<\/strong><\/em><\/a><\/h4>\n<\/li>\n<li>\n<h4><a href=\"https:\/\/www.ciencianews.com.br\/arquivos\/ACET\/IMAGENS\/biblioteca-digital\/hematologia\/serie_vermelha\/anemia_hemolitica_hpn\/17_Aline%20martins.pdf\"><em><strong>O DIAGN\u00d3STICO LABORATORIAL DE ANEMIAS HEMOL\u00cdTICAS AUTOIMUNES<\/strong><\/em><\/a><\/h4>\n<\/li>\n<\/ol>\n<\/li>\n<\/ol>\n<div style=\"text-align: center;\">\n<p>[ezcol_1third]<br \/>\n<a href=\"http:\/\/www.ciencianews.com.br\/index.php\/home\/biblioteca_digital\/biblioteca-digital-hematologia\/b-d-hematologia-serie-vermelha\/biblioteca-digital-hematologia-anemia-hemolitica-autoimune-e-hpn\/\"> <img loading=\"lazy\" decoding=\"async\" class=\"alignnone size-thumbnail wp-image-4997\" src=\"http:\/\/www.ciencianews.com.br\/wp-content\/uploads\/2019\/08\/voltar-150x150.png\" alt=\"voltar\" width=\"70\" height=\"70\" srcset=\"https:\/\/www.ciencianews.com.br\/wp-content\/uploads\/2019\/08\/voltar-150x150.png 150w, https:\/\/www.ciencianews.com.br\/wp-content\/uploads\/2019\/08\/voltar-250x250.png 250w, https:\/\/www.ciencianews.com.br\/wp-content\/uploads\/2019\/08\/voltar.png 256w\" sizes=\"auto, (max-width: 70px) 100vw, 70px\" \/> <\/a><\/p>\n<div style=\"color: #000000; text-align: center; font-size: 15px; font-weight: bold;\"><a href=\"http:\/\/www.ciencianews.com.br\/index.php\/home\/biblioteca_digital\/biblioteca-digital-hematologia\/b-d-hematologia-serie-vermelha\/biblioteca-digital-hematologia-anemia-hemolitica-autoimune-e-hpn\/\">Voltar<\/a><\/p>\n<\/div>\n<p>[\/ezcol_1third]<br \/>\n[ezcol_1third]<br \/>\n<a href=\"http:\/\/www.ciencianews.com.br\/index.php\/home\/biblioteca_digital\/\"> <img loading=\"lazy\" decoding=\"async\" class=\"alignnone size-thumbnail wp-image-4996\" src=\"http:\/\/www.ciencianews.com.br\/wp-content\/uploads\/2019\/08\/home-150x150.jpg\" alt=\"home\" width=\"70\" height=\"70\" srcset=\"https:\/\/www.ciencianews.com.br\/wp-content\/uploads\/2019\/08\/home-150x150.jpg 150w, https:\/\/www.ciencianews.com.br\/wp-content\/uploads\/2019\/08\/home.jpg 225w\" sizes=\"auto, (max-width: 70px) 100vw, 70px\" \/> <\/a><\/p>\n<div style=\"color: #000000; text-align: center; font-size: 15px; font-weight: bold;\"><a href=\"http:\/\/www.ciencianews.com.br\/index.php\/home\/biblioteca_digital\/\">Biblioteca Digital<\/a><\/p>\n<\/div>\n<p>[\/ezcol_1third]<br \/>\n[ezcol_1third_end]<br \/>\n<a href=\"http:\/\/www.ciencianews.com.br\/index.php\/home\/biblioteca_digital\/biblioteca-digital-hematologia\/b-d-hematologia-serie-vermelha\/biblioteca-digital-hematologia-anemias-por-deficiencias-de-vitamina-b12-e-folatos\/\"> <img loading=\"lazy\" decoding=\"async\" class=\"alignnone size-thumbnail wp-image-4995\" src=\"http:\/\/www.ciencianews.com.br\/wp-content\/uploads\/2019\/08\/avancar-150x150.png\" alt=\"avancar\" width=\"70\" height=\"70\" srcset=\"https:\/\/www.ciencianews.com.br\/wp-content\/uploads\/2019\/08\/avancar-150x150.png 150w, https:\/\/www.ciencianews.com.br\/wp-content\/uploads\/2019\/08\/avancar-250x250.png 250w, https:\/\/www.ciencianews.com.br\/wp-content\/uploads\/2019\/08\/avancar.png 256w\" sizes=\"auto, (max-width: 70px) 100vw, 70px\" \/> <\/a><\/p>\n<div style=\"color: #000000; text-align: center; font-size: 15px; font-weight: bold;\"><a href=\"http:\/\/www.ciencianews.com.br\/index.php\/home\/biblioteca_digital\/biblioteca-digital-hematologia\/b-d-hematologia-serie-vermelha\/biblioteca-digital-hematologia-anemias-por-deficiencias-de-vitamina-b12-e-folatos\/\">Pr\u00f3ximo T\u00f3pico: &#8220;HEMATOLOGIA \u2013 Anemias por defici\u00eancias de vitamina B12 e folatos&#8221;<\/a><\/div>\n<p>[\/ezcol_1third_end]<\/p>\n<\/div>\n","protected":false},"excerpt":{"rendered":"<p>ARTIGOS Escolha o tema de sua prefer\u00eancia: HEMOGLOBIN\u00daRIA PAROX\u00cdSTICA NOTURNA &#8211; PRINCIPAIS ASPECTOS T\u00c9CNICAS EMPREGADAS NA ROTINA LABORATORIAL IMUNOHEMATOL\u00d3GICA PARA A IDENTIFICA\u00c7\u00c3O DA ANEMIA HEMOL\u00cdTICA AUTOIMUNE ANEMIA HEMOL\u00cdTICA AUTOIMUNE ANEMIA HEMOL\u00cdTICA AUTOIMUNE E O SEU DIAGN\u00d3STICO LABORATORIAL: REVIS\u00c3O DA LITERATURA [&hellip;]<\/p>\n","protected":false},"author":1,"featured_media":0,"parent":5418,"menu_order":0,"comment_status":"closed","ping_status":"closed","template":"","meta":{"_uag_custom_page_level_css":"","_joinchat":[],"footnotes":""},"class_list":["post-5416","page","type-page","status-publish","hentry"],"uagb_featured_image_src":{"full":false,"thumbnail":false,"medium":false,"medium_large":false,"large":false,"1536x1536":false,"2048x2048":false,"post-thumbnail":false,"business-hub-blog":false,"business-hub-work":false},"uagb_author_info":{"display_name":"real","author_link":"https:\/\/www.ciencianews.com.br\/index.php\/author\/real\/"},"uagb_comment_info":0,"uagb_excerpt":"ARTIGOS Escolha o tema de sua prefer\u00eancia: HEMOGLOBIN\u00daRIA PAROX\u00cdSTICA NOTURNA &#8211; PRINCIPAIS ASPECTOS T\u00c9CNICAS EMPREGADAS NA ROTINA LABORATORIAL IMUNOHEMATOL\u00d3GICA PARA A IDENTIFICA\u00c7\u00c3O DA ANEMIA HEMOL\u00cdTICA AUTOIMUNE ANEMIA HEMOL\u00cdTICA AUTOIMUNE ANEMIA HEMOL\u00cdTICA AUTOIMUNE E O SEU DIAGN\u00d3STICO LABORATORIAL: REVIS\u00c3O DA LITERATURA [&hellip;]","_links":{"self":[{"href":"https:\/\/www.ciencianews.com.br\/index.php\/wp-json\/wp\/v2\/pages\/5416","targetHints":{"allow":["GET"]}}],"collection":[{"href":"https:\/\/www.ciencianews.com.br\/index.php\/wp-json\/wp\/v2\/pages"}],"about":[{"href":"https:\/\/www.ciencianews.com.br\/index.php\/wp-json\/wp\/v2\/types\/page"}],"author":[{"embeddable":true,"href":"https:\/\/www.ciencianews.com.br\/index.php\/wp-json\/wp\/v2\/users\/1"}],"replies":[{"embeddable":true,"href":"https:\/\/www.ciencianews.com.br\/index.php\/wp-json\/wp\/v2\/comments?post=5416"}],"version-history":[{"count":5,"href":"https:\/\/www.ciencianews.com.br\/index.php\/wp-json\/wp\/v2\/pages\/5416\/revisions"}],"predecessor-version":[{"id":7712,"href":"https:\/\/www.ciencianews.com.br\/index.php\/wp-json\/wp\/v2\/pages\/5416\/revisions\/7712"}],"up":[{"embeddable":true,"href":"https:\/\/www.ciencianews.com.br\/index.php\/wp-json\/wp\/v2\/pages\/5418"}],"wp:attachment":[{"href":"https:\/\/www.ciencianews.com.br\/index.php\/wp-json\/wp\/v2\/media?parent=5416"}],"curies":[{"name":"wp","href":"https:\/\/api.w.org\/{rel}","templated":true}]}}