{"id":5443,"date":"2019-09-16T15:20:07","date_gmt":"2019-09-16T15:20:07","guid":{"rendered":"http:\/\/www.ciencianews.com.br\/?page_id=5443"},"modified":"2026-02-04T20:30:32","modified_gmt":"2026-02-04T20:30:32","slug":"artigos-de-hematologia-hemoglobinopatias","status":"publish","type":"page","link":"https:\/\/www.ciencianews.com.br\/index.php\/home\/biblioteca_digital\/biblioteca-digital-hematologia\/b-d-hematologia-serie-vermelha\/biblioteca-digital-hematologia-hemoglobinopatias\/artigos-de-hematologia-hemoglobinopatias\/","title":{"rendered":"ARTIGOS DE HEMATOLOGIA \u2013 Hemoglobinopatias"},"content":{"rendered":"<h1 align=\"center\"><span style=\"color: #000000;\"><strong> ARTIGOS <\/strong><\/span><\/h1>\n<p><strong>Escolha o tema de sua prefer\u00eancia:<\/strong><\/p>\n<ol>\n<li style=\"list-style-type: none;\">\n<ol>\n<li>\n<h4><em><strong><a title=\"HEMOGLOBINOPATIAS NO BRASIL \u2013 IMPORT\u00c2NCIA DO DIAGN\u00d3STICO LABORATORIAL\" href=\"http:\/\/www.ciencianews.com.br\/arquivos\/ACET\/IMAGENS\/biblioteca-digital\/hematologia\/serie_vermelha\/hemoglobinopatias\/1.pdf\" target=\"_blank\" rel=\"noopener\">HEMOGLOBINOPATIAS NO BRASIL \u2013 IMPORT\u00c2NCIA DO DIAGN\u00d3STICO LABORATORIAL<\/a><\/strong><\/em><\/h4>\n<\/li>\n<li>\n<h4><em><strong><a title=\"UM CASO DE TRIPLA ALTERA\u00c7\u00c3O DE HEMOGLOBINA EM PACIENTE AN\u00caMICO\" href=\"http:\/\/www.ciencianews.com.br\/arquivos\/ACET\/IMAGENS\/biblioteca-digital\/hematologia\/serie_vermelha\/hemoglobinopatias\/2.pdf\" target=\"_blank\" rel=\"noopener\">UM CASO DE TRIPLA ALTERA\u00c7\u00c3O DE HEMOGLOBINA EM PACIENTE AN\u00caMICO<\/a><\/strong><\/em><\/h4>\n<\/li>\n<li>\n<h4><em><strong><a title=\"HEMOGLOBINOPATIAS: UMA REVIS\u00c3O BIBLIOGR\u00c1FICA\" href=\"http:\/\/www.ciencianews.com.br\/arquivos\/ACET\/IMAGENS\/biblioteca-digital\/hematologia\/serie_vermelha\/hemoglobinopatias\/3.pdf\" target=\"_blank\" rel=\"noopener\">HEMOGLOBINOPATIAS: UMA REVIS\u00c3O BIBLIOGR\u00c1FICA<\/a><\/strong><\/em><\/h4>\n<\/li>\n<li>\n<h4><em><strong><a title=\"PREVAL\u00caNCIA DE HEMOGLOBINOPATIAS E TALASSEMIAS EM PACIENTES COM ANEMIA NA CIDADE DE S\u00c3O CARLOS\" href=\"http:\/\/www.ciencianews.com.br\/arquivos\/ACET\/IMAGENS\/biblioteca-digital\/hematologia\/serie_vermelha\/hemoglobinopatias\/4.pdf\" target=\"_blank\" rel=\"noopener\"> PREVAL\u00caNCIA DE HEMOGLOBINOPATIAS E TALASSEMIAS EM PACIENTES COM ANEMIA NA CIDADE DE S\u00c3O CARLOS<\/a><\/strong><\/em><\/h4>\n<\/li>\n<li>\n<h4><em><strong><a title=\"DISTRIBUI\u00c7\u00c3O GEOGR\u00c1FICA DOS TRA\u00c7OS DE HEMOGLOBINA NA TRIAGEM NEONATAL DO ESTADO DE GOI\u00c1S NO PER\u00cdODO DE JANEIRO DE 2007\" href=\"http:\/\/www.ciencianews.com.br\/arquivos\/ACET\/IMAGENS\/biblioteca-digital\/hematologia\/serie_vermelha\/hemoglobinopatias\/5.pdf\" target=\"_blank\" rel=\"noopener\"> DISTRIBUI\u00c7\u00c3O GEOGR\u00c1FICA DOS TRA\u00c7OS DE HEMOGLOBINA NA TRIAGEM NEONATAL DO ESTADO DE GOI\u00c1S NO PER\u00cdODO DE JANEIRO DE 2007<\/a><\/strong><\/em><\/h4>\n<\/li>\n<li>\n<h4><em><strong><a title=\"CARACTERIZA\u00c7\u00c3O DE HEMOGLOBINAS VARIANTES RARAS NA REGI\u00c3O DE S\u00c3O JOS\u00c9 DO RIO PRETO, SP\" href=\"http:\/\/www.ciencianews.com.br\/arquivos\/ACET\/IMAGENS\/biblioteca-digital\/hematologia\/serie_vermelha\/hemoglobinopatias\/6.pdf\" target=\"_blank\" rel=\"noopener\">CARACTERIZA\u00c7\u00c3O DE HEMOGLOBINAS VARIANTES RARAS NA REGI\u00c3O DE S\u00c3O JOS\u00c9 DO RIO PRETO, SP<\/a><\/strong><\/em><\/h4>\n<\/li>\n<li>\n<h4><em><strong><a title=\"PREVAL\u00caNCIA DE HEMOGLOBINOPATIAS EM HEMOGRAMAS COM MICROCITOSE E HIPOCROMIA\" href=\"http:\/\/www.ciencianews.com.br\/arquivos\/ACET\/IMAGENS\/biblioteca-digital\/hematologia\/serie_vermelha\/hemoglobinopatias\/7.pdf\" target=\"_blank\" rel=\"noopener\">PREVAL\u00caNCIA DE HEMOGLOBINOPATIAS EM HEMOGRAMAS COM MICROCITOSE E HIPOCROMIA<\/a><\/strong><\/em><\/h4>\n<\/li>\n<li>\n<h4><em><strong><a title=\"HEMOGLOBINOPATIAS E TALASSEMIAS: UMA REVIS\u00c3O\" href=\"http:\/\/www.ciencianews.com.br\/arquivos\/ACET\/IMAGENS\/biblioteca-digital\/hematologia\/serie_vermelha\/hemoglobinopatias\/8.pdf\" target=\"_blank\" rel=\"noopener\">HEMOGLOBINOPATIAS E TALASSEMIAS: UMA REVIS\u00c3O<\/a><\/strong><\/em><\/h4>\n<\/li>\n<li>\n<h4><em><strong><a title=\"HEMOGLOBINOPATIAS DETECTADAS NA TRIAGEM NENONATAL E SUA INCID\u00caNCIA EM ALGUMAS REGI\u00d5ES BRASILEIRAS.\" href=\"http:\/\/www.ciencianews.com.br\/arquivos\/ACET\/IMAGENS\/biblioteca-digital\/hematologia\/serie_vermelha\/hemoglobinopatias\/9.pdf\" target=\"_blank\" rel=\"noopener\">HEMOGLOBINOPATIAS DETECTADAS NA TRIAGEM NENONATAL E SUA INCID\u00caNCIA EM ALGUMAS REGI\u00d5ES BRASILEIRAS.<\/a><\/strong><\/em><\/h4>\n<\/li>\n<li>\n<h4><em><strong><a title=\"HEMOGLOBINOPATIAS DETECTADAS NA TRIAGEM NENONATAL E SUA INCID\u00caNCIA EM ALGUMAS REGI\u00d5ES BRASILEIRAS.\" href=\"https:\/\/ciencianews.com.br\/arquivos\/ACET\/IMAGENS\/biblioteca-digital\/hematologia\/serie_vermelha\/hemoglobinopatias\/2026_Hemoglobinopatias_diagnosticos_e_tratamentos.pdf\" target=\"_blank\" rel=\"noopener\">HEMOGLOBINOPATIAS: DIAGN\u00d3STICOS E TRATAMENTOS<\/a><\/strong><\/em><\/h4>\n<\/li>\n<\/ol>\n<\/li>\n<\/ol>\n<div style=\"text-align: center;\">\n<p>[ezcol_1third]<br \/>\n<a href=\"http:\/\/www.ciencianews.com.br\/index.php\/home\/biblioteca_digital\/biblioteca-digital-hematologia\/b-d-hematologia-serie-vermelha\/biblioteca-digital-hematologia-hemoglobinopatias\/\"> <img loading=\"lazy\" decoding=\"async\" class=\"alignnone size-thumbnail wp-image-4997\" src=\"http:\/\/www.ciencianews.com.br\/wp-content\/uploads\/2019\/08\/voltar-150x150.png\" alt=\"voltar\" width=\"70\" height=\"70\" srcset=\"https:\/\/www.ciencianews.com.br\/wp-content\/uploads\/2019\/08\/voltar-150x150.png 150w, https:\/\/www.ciencianews.com.br\/wp-content\/uploads\/2019\/08\/voltar-250x250.png 250w, https:\/\/www.ciencianews.com.br\/wp-content\/uploads\/2019\/08\/voltar.png 256w\" sizes=\"auto, (max-width: 70px) 100vw, 70px\" \/> <\/a><\/p>\n<div style=\"color: #000000; text-align: center; font-size: 15px; font-weight: bold;\">Voltar<\/div>\n<p>[\/ezcol_1third]<br \/>\n[ezcol_1third]<br \/>\n<a href=\"http:\/\/www.ciencianews.com.br\/index.php\/home\/biblioteca_digital\/\"> <img loading=\"lazy\" decoding=\"async\" class=\"alignnone size-thumbnail wp-image-4996\" src=\"http:\/\/www.ciencianews.com.br\/wp-content\/uploads\/2019\/08\/home-150x150.jpg\" alt=\"home\" width=\"70\" height=\"70\" srcset=\"https:\/\/www.ciencianews.com.br\/wp-content\/uploads\/2019\/08\/home-150x150.jpg 150w, https:\/\/www.ciencianews.com.br\/wp-content\/uploads\/2019\/08\/home.jpg 225w\" sizes=\"auto, (max-width: 70px) 100vw, 70px\" \/> <\/a><\/p>\n<div style=\"color: #000000; text-align: center; font-size: 15px; font-weight: bold;\">Biblioteca Digital<\/div>\n<p>[\/ezcol_1third]<br \/>\n[ezcol_1third_end]<br \/>\n<a href=\"http:\/\/www.ciencianews.com.br\/index.php\/home\/biblioteca_digital\/biblioteca-digital-hematologia\/b-d-hematologia-serie-vermelha\/biblioteca-digital-hematologia-outras-anemias-e-temas-relacionados\/\"> <img loading=\"lazy\" decoding=\"async\" class=\"alignnone size-thumbnail wp-image-4995\" src=\"http:\/\/www.ciencianews.com.br\/wp-content\/uploads\/2019\/08\/avancar-150x150.png\" alt=\"avancar\" width=\"70\" height=\"70\" srcset=\"https:\/\/www.ciencianews.com.br\/wp-content\/uploads\/2019\/08\/avancar-150x150.png 150w, https:\/\/www.ciencianews.com.br\/wp-content\/uploads\/2019\/08\/avancar-250x250.png 250w, https:\/\/www.ciencianews.com.br\/wp-content\/uploads\/2019\/08\/avancar.png 256w\" sizes=\"auto, (max-width: 70px) 100vw, 70px\" \/> <\/a><\/p>\n<div style=\"color: #000000; text-align: center; font-size: 15px; font-weight: bold;\">Pr\u00f3ximo T\u00f3pico: &#8220;HEMATOLOGIA \u2013 Outras anemias e temas relacionados&#8221;<\/div>\n<p>[\/ezcol_1third_end]<\/p>\n<\/div>\n","protected":false},"excerpt":{"rendered":"<p>ARTIGOS Escolha o tema de sua prefer\u00eancia: HEMOGLOBINOPATIAS NO BRASIL \u2013 IMPORT\u00c2NCIA DO DIAGN\u00d3STICO LABORATORIAL UM CASO DE TRIPLA ALTERA\u00c7\u00c3O DE HEMOGLOBINA EM PACIENTE AN\u00caMICO HEMOGLOBINOPATIAS: UMA REVIS\u00c3O BIBLIOGR\u00c1FICA PREVAL\u00caNCIA DE HEMOGLOBINOPATIAS E TALASSEMIAS EM PACIENTES COM ANEMIA NA CIDADE [&hellip;]<\/p>\n","protected":false},"author":1,"featured_media":0,"parent":5437,"menu_order":0,"comment_status":"closed","ping_status":"closed","template":"","meta":{"_uag_custom_page_level_css":"","_joinchat":[],"footnotes":""},"class_list":["post-5443","page","type-page","status-publish","hentry"],"uagb_featured_image_src":{"full":false,"thumbnail":false,"medium":false,"medium_large":false,"large":false,"1536x1536":false,"2048x2048":false,"post-thumbnail":false,"business-hub-blog":false,"business-hub-work":false},"uagb_author_info":{"display_name":"real","author_link":"https:\/\/www.ciencianews.com.br\/index.php\/author\/real\/"},"uagb_comment_info":0,"uagb_excerpt":"ARTIGOS Escolha o tema de sua prefer\u00eancia: HEMOGLOBINOPATIAS NO BRASIL \u2013 IMPORT\u00c2NCIA DO DIAGN\u00d3STICO LABORATORIAL UM CASO DE TRIPLA ALTERA\u00c7\u00c3O DE HEMOGLOBINA EM PACIENTE AN\u00caMICO HEMOGLOBINOPATIAS: UMA REVIS\u00c3O BIBLIOGR\u00c1FICA PREVAL\u00caNCIA DE HEMOGLOBINOPATIAS E TALASSEMIAS EM PACIENTES COM ANEMIA NA CIDADE [&hellip;]","_links":{"self":[{"href":"https:\/\/www.ciencianews.com.br\/index.php\/wp-json\/wp\/v2\/pages\/5443","targetHints":{"allow":["GET"]}}],"collection":[{"href":"https:\/\/www.ciencianews.com.br\/index.php\/wp-json\/wp\/v2\/pages"}],"about":[{"href":"https:\/\/www.ciencianews.com.br\/index.php\/wp-json\/wp\/v2\/types\/page"}],"author":[{"embeddable":true,"href":"https:\/\/www.ciencianews.com.br\/index.php\/wp-json\/wp\/v2\/users\/1"}],"replies":[{"embeddable":true,"href":"https:\/\/www.ciencianews.com.br\/index.php\/wp-json\/wp\/v2\/comments?post=5443"}],"version-history":[{"count":6,"href":"https:\/\/www.ciencianews.com.br\/index.php\/wp-json\/wp\/v2\/pages\/5443\/revisions"}],"predecessor-version":[{"id":8070,"href":"https:\/\/www.ciencianews.com.br\/index.php\/wp-json\/wp\/v2\/pages\/5443\/revisions\/8070"}],"up":[{"embeddable":true,"href":"https:\/\/www.ciencianews.com.br\/index.php\/wp-json\/wp\/v2\/pages\/5437"}],"wp:attachment":[{"href":"https:\/\/www.ciencianews.com.br\/index.php\/wp-json\/wp\/v2\/media?parent=5443"}],"curies":[{"name":"wp","href":"https:\/\/api.w.org\/{rel}","templated":true}]}}