{"id":5466,"date":"2019-09-16T16:09:40","date_gmt":"2019-09-16T16:09:40","guid":{"rendered":"http:\/\/www.ciencianews.com.br\/?page_id=5466"},"modified":"2026-02-04T20:10:55","modified_gmt":"2026-02-04T20:10:55","slug":"artigos-de-hematologia-talassemias","status":"publish","type":"page","link":"https:\/\/www.ciencianews.com.br\/index.php\/home\/biblioteca_digital\/biblioteca-digital-hematologia\/b-d-hematologia-serie-vermelha\/biblioteca-digital-hematologia-talassemias\/artigos-de-hematologia-talassemias\/","title":{"rendered":"ARTIGOS DE HEMATOLOGIA \u2013 Talassemias"},"content":{"rendered":"<h1 align=\"center\"><span style=\"color: #000000;\"><strong> ARTIGOS <\/strong><\/span><\/h1>\n<p><strong>Escolha o tema de sua prefer\u00eancia:<\/strong><\/p>\n<ol>\n<li style=\"list-style-type: none;\">\n<ol>\n<li><strong><a title=\"TALASSEMIA BETA MAIOR: ASPECTOS GERAIS\" href=\"http:\/\/www.ciencianews.com.br\/arquivos\/ACET\/IMAGENS\/biblioteca-digital\/hematologia\/serie_vermelha\/talassemias\/1.pdf\" target=\"_blank\" rel=\"noopener noreferrer\"> TALASSEMIA BETA MAIOR: ASPECTOS GERAIS<\/a><\/strong><\/li>\n<li><strong><a title=\"TALASSEMIAS\" href=\"http:\/\/www.ciencianews.com.br\/arquivos\/ACET\/IMAGENS\/biblioteca-digital\/hematologia\/serie_vermelha\/talassemias\/2.pdf\" target=\"_blank\" rel=\"noopener noreferrer\">TALASSEMIAS<\/a><\/strong><\/li>\n<li><strong><a title=\"AVALIA\u00c7\u00c3O LABORATORIAL DE TALASSEMIA ALFA\" href=\"http:\/\/www.ciencianews.com.br\/arquivos\/ACET\/IMAGENS\/biblioteca-digital\/hematologia\/serie_vermelha\/talassemias\/3.pdf\" target=\"_blank\" rel=\"noopener noreferrer\">AVALIA\u00c7\u00c3O LABORATORIAL DE TALASSEMIA ALFA<\/a><\/strong><\/li>\n<li><strong><a title=\"PREVAL\u00caNCIA DE HEMOGLOBINA H NA CIDADE DE ITABIRA - MG\" href=\"http:\/\/www.ciencianews.com.br\/arquivos\/ACET\/IMAGENS\/biblioteca-digital\/hematologia\/serie_vermelha\/talassemias\/4.pdf\" target=\"_blank\" rel=\"noopener noreferrer\">PREVAL\u00caNCIA DE HEMOGLOBINA H NA CIDADE DE ITABIRA &#8211; MG<\/a><\/strong><\/li>\n<li><strong><a title=\" PREVALENCIA DE TALASSEMIAS BETA NA CIDADE DE S\u00c3O MANUEL-SP, BRASIL\" href=\"http:\/\/www.ciencianews.com.br\/arquivos\/ACET\/IMAGENS\/biblioteca-digital\/hematologia\/serie_vermelha\/talassemias\/5.pdf\" target=\"_blank\" rel=\"noopener noreferrer\"> PREVALENCIA DE TALASSEMIAS BETA NA CIDADE DE S\u00c3O MANUEL-SP, BRASIL<\/a><\/strong><\/li>\n<li><strong><a title=\"HEMOGLOBINOPATIAS E TALASSEMIAS: UMA REVIS\u00c3O\" href=\"http:\/\/www.ciencianews.com.br\/arquivos\/ACET\/IMAGENS\/biblioteca-digital\/hematologia\/serie_vermelha\/talassemias\/6.pdf\" target=\"_blank\" rel=\"noopener noreferrer\">HEMOGLOBINOPATIAS E TALASSEMIAS: UMA REVIS\u00c3O<\/a><\/strong><\/li>\n<li><strong><a title=\"TALASSEMIAS\" href=\"http:\/\/www.ciencianews.com.br\/arquivos\/ACET\/IMAGENS\/biblioteca-digital\/hematologia\/serie_vermelha\/talassemias\/7.pdf\" target=\"_blank\" rel=\"noopener noreferrer\">TALASSEMIAS<\/a><\/strong><\/li>\n<li><strong><a title=\"TALASSEMIA ALFA MAIOR, TRANSPLANTE, POSSIBILIDADE DE CURA?\" href=\"http:\/\/www.ciencianews.com.br\/arquivos\/ACET\/IMAGENS\/biblioteca-digital\/hematologia\/serie_vermelha\/talassemias\/8.pdf\" target=\"_blank\" rel=\"noopener noreferrer\">TALASSEMIA ALFA MAIOR, TRANSPLANTE, POSSIBILIDADE DE CURA?<\/a><\/strong><\/li>\n<li><strong><a title=\"INCID\u00caNCIA DE TALASSEMIA ALFA EM PACIENTES COM \u00cdNDICES ERITROCIT\u00c1RIOS ABAIXO DA NORMALIDADE NA CIDADE DE ARACRUZ-ES\" href=\"http:\/\/www.ciencianews.com.br\/arquivos\/ACET\/IMAGENS\/biblioteca-digital\/hematologia\/serie_vermelha\/talassemias\/9.pdf\" target=\"_blank\" rel=\"noopener noreferrer\">INCID\u00caNCIA DE TALASSEMIA ALFA EM PACIENTES COM \u00cdNDICES ERITROCIT\u00c1RIOS ABAIXO DA NORMALIDADE NA CIDADE DE ARACRUZ-ES<\/a><\/strong><\/li>\n<li><strong><a title=\"ASPECTOS LABORATORIAS DAS TALASSEMIAS BETA\" href=\"http:\/\/www.ciencianews.com.br\/arquivos\/ACET\/IMAGENS\/biblioteca-digital\/hematologia\/serie_vermelha\/talassemias\/10.pdf\" target=\"_blank\" rel=\"noopener noreferrer\">ASPECTOS LABORATORIAS DAS TALASSEMIAS BETA<\/a><\/strong><\/li>\n<li><strong><a title=\" DIAGN\u00d3STICO LABORATORIAL DAS TALASSEMIAS BETA\" href=\"http:\/\/www.ciencianews.com.br\/arquivos\/ACET\/IMAGENS\/biblioteca-digital\/hematologia\/serie_vermelha\/talassemias\/11.pdf\" target=\"_blank\" rel=\"noopener noreferrer\"> DIAGN\u00d3STICO LABORATORIAL DAS TALASSEMIAS BETA<\/a><\/strong><\/li>\n<li><strong><a title=\"LEVANTAMENTO DOS CASOS DE TALASSEMIA EM PACIENTES DO MUNIC\u00cdPIO DE MIRASSOL, SP\" href=\"http:\/\/www.ciencianews.com.br\/arquivos\/ACET\/IMAGENS\/biblioteca-digital\/hematologia\/serie_vermelha\/talassemias\/12.pdf\" target=\"_blank\" rel=\"noopener noreferrer\">LEVANTAMENTO DOS CASOS DE TALASSEMIA EM PACIENTES DO MUNIC\u00cdPIO DE MIRASSOL, SP<\/a><\/strong><\/li>\n<li><strong><a title=\"ALTERA\u00c7\u00d5ES ERITROCIT\u00c1RIAS NA TALASSEMIA BETA\" href=\"http:\/\/www.ciencianews.com.br\/arquivos\/ACET\/IMAGENS\/biblioteca-digital\/hematologia\/serie_vermelha\/talassemias\/13.pdf\" target=\"_blank\" rel=\"noopener noreferrer\">ALTERA\u00c7\u00d5ES ERITROCIT\u00c1RIAS NA TALASSEMIA BETA<\/a><\/strong><\/li>\n<li><strong><a title=\" TRABALHO DE CONCLUS\u00c3O DE CURSO \u2013REVIS\u00c3O LITER\u00c1RIA \u2013TALASSEMIAS\" href=\"http:\/\/www.ciencianews.com.br\/arquivos\/ACET\/IMAGENS\/biblioteca-digital\/hematologia\/serie_vermelha\/talassemias\/14.pdf\" target=\"_blank\" rel=\"noopener noreferrer\"> TRABALHO DE CONCLUS\u00c3O DE CURSO \u2013REVIS\u00c3O LITER\u00c1RIA \u2013TALASSEMIAS<\/a><\/strong><\/li>\n<li><strong><a title=\"TALASSEMIAS\" href=\"http:\/\/www.ciencianews.com.br\/arquivos\/ACET\/IMAGENS\/biblioteca-digital\/hematologia\/serie_vermelha\/talassemias\/15.pdf\" target=\"_blank\" rel=\"noopener noreferrer\">TALASSEMIAS<\/a><\/strong><\/li>\n<li><strong><a title=\" TALASSEMIA ALFA \u2013 PRECOCIDADE DIAGN\u00d3STICA\" href=\"http:\/\/www.ciencianews.com.br\/arquivos\/ACET\/IMAGENS\/biblioteca-digital\/hematologia\/serie_vermelha\/talassemias\/16.pdf\" target=\"_blank\" rel=\"noopener noreferrer\"> TALASSEMIA ALFA \u2013 PRECOCIDADE DIAGN\u00d3STICA<\/a><\/strong><\/li>\n<li><strong><a title=\"COMPARA\u00c7\u00c3O ENTRE A IDENTIFICA\u00c7\u00c3O DA HB H, PELOS M\u00c9TODOS DE PRECIPITA\u00c7\u00c3O E ELETROFORESE\" href=\"http:\/\/www.ciencianews.com.br\/arquivos\/ACET\/IMAGENS\/biblioteca-digital\/hematologia\/serie_vermelha\/talassemias\/17.pdf\" target=\"_blank\" rel=\"noopener noreferrer\">COMPARA\u00c7\u00c3O ENTRE A IDENTIFICA\u00c7\u00c3O DA HB H, PELOS M\u00c9TODOS DE PRECIPITA\u00c7\u00c3O E ELETROFORESE<\/a><\/strong><\/li>\n<li><strong><a title=\"DIAGN\u00d3STICO DA TALASSEMIA BETA\" href=\"http:\/\/www.ciencianews.com.br\/arquivos\/ACET\/IMAGENS\/biblioteca-digital\/hematologia\/serie_vermelha\/talassemias\/18.pdf\" target=\"_blank\" rel=\"noopener noreferrer\">DIAGN\u00d3STICO DA TALASSEMIA BETA<\/a><\/strong><\/li>\n<li><strong><a title=\"SUBTIPOS DE BETA-TALASSEMIAS\" href=\"http:\/\/www.ciencianews.com.br\/arquivos\/ACET\/IMAGENS\/biblioteca-digital\/hematologia\/serie_vermelha\/talassemias\/19.pdf\" target=\"_blank\" rel=\"noopener noreferrer\">SUBTIPOS DE BETA-TALASSEMIAS<\/a><\/strong><\/li>\n<li><strong><a title=\"- PESQUISA DENTRO DE BANCO DE DADOS ENTRE A ASSOCIA\u00c7\u00c3O DE TALASSEMIAS E HEMOGLOBINAS VARIANTES RARAS\" href=\"http:\/\/www.ciencianews.com.br\/arquivos\/ACET\/IMAGENS\/biblioteca-digital\/hematologia\/serie_vermelha\/talassemias\/20.pdf\" target=\"_blank\" rel=\"noopener noreferrer\">PESQUISA DENTRO DE BANCO DE DADOS ENTRE A ASSOCIA\u00c7\u00c3O DE TALASSEMIAS E HEMOGLOBINAS VARIANTES RARAS<\/a><\/strong><\/li>\n<li><strong><a href=\"http:\/\/www.ciencianews.com.br\/arquivos\/ACET\/IMAGENS\/biblioteca-digital\/hematologia\/serie_vermelha\/talassemias\/TCC Nat\u00e1lia Oliveira Boracine \u2013 Hematologia \u2013 S\u00e9rie Vermelha - Talassemias.pdf\" data-wplink-url-error=\"true\">LEVANTAMENTO DOS CASOS DE TALASSEMIA BETA MENOR EM PACIENTES DO MUNICIPIO DE PALMEIRA D\u2019 OESTE<\/a><\/strong><\/li>\n<li><a href=\"https:\/\/www.ciencianews.com.br\/arquivos\/ACET\/IMAGENS\/biblioteca-digital\/hematologia\/serie_vermelha\/talassemias\/TALASSEMIAS%20HEMOGLOBINOPATIAS%20HEREDIT%C3%81RIAS%20-%20Fernanda%20N%C3%A1cul.pdf\"><strong>TALASSEMIAS: HEMOGLOBINOPATIAS HEREDIT\u00c1RIAS<\/strong><\/a><\/li>\n<li><a href=\"https:\/\/www.ciencianews.com.br\/arquivos\/ACET\/IMAGENS\/biblioteca-digital\/hematologia\/serie_vermelha\/talassemias\/TALASSEMIAALFA%20UMA%20REVIS%C3%83O%20BIBLIOGR%C3%81FICA%20-%20L%C3%ADgia_Maria_Fardin_Bocutti.pdf\"><strong>TALASSEMIA ALFA: UMA REVIS\u00c3O BIBLIOGR\u00c1FICA<\/strong><\/a><\/li>\n<li><a href=\"https:\/\/ciencianews.com.br\/arquivos\/ACET\/IMAGENS\/biblioteca-digital\/hematologia\/serie_vermelha\/talassemias\/2023-Avan%C3%A7os%20e%20principais%20tratamentos%20da%20Talassemia%20Beta%20-%20Igor%20Mouro%20Pinatti.pdf\"><strong> AVAN\u00c7OS E PRINCIPAIS TRATAMENTOS DA TALASSEMIA BETA<\/strong><\/a><\/li>\n<li><a href=\"https:\/\/ciencianews.com.br\/arquivos\/ACET\/IMAGENS\/biblioteca-digital\/hematologia\/serie_vermelha\/talassemias\/2023-Talassemia%20%20-%20uma%20revis%C3%A3o%20-%20Ana%20Carolina%20Zarpelon%20Teixeira.pdf\"><strong>TALASSEMIA: UMA REVIS\u00c3O<\/strong><\/a><\/li>\n<li><a href=\"https:\/\/ciencianews.com.br\/arquivos\/ACET\/IMAGENS\/biblioteca-digital\/hematologia\/serie_vermelha\/talassemias\/2023-Uso%20do%20%C3%ADndice%20de%20Mentzer%20no%20diagn%C3%B3stico%20de%20talassemia%20beta%20menor%20-%20Paula%20Xavier%20Maciel.pdf\"><strong>USO DO \u00cdNDICE DE MENTZER NO DIAGN\u00d3STICO DE TALASSEMIA BETA MENOR<\/strong><\/a><\/li>\n<li><a href=\"https:\/\/ciencianews.com.br\/arquivos\/ACET\/IMAGENS\/biblioteca-digital\/hematologia\/serie_vermelha\/talassemias\/2023-%CE%B2-Hemoglobinopatias%20-%20Doen%C3%A7a%20Falciforme%20e%20Talassemia%20beta%20-%20Gabrielly%20Contino%20da%20Silva.pdf\"><strong>\u03b2-HEMOGLOBINOPATIAS: DOEN\u00c7A FALCIFORME E TALASSEMIA BETA<\/strong><\/a><\/li>\n<li><a href=\"https:\/\/ciencianews.com.br\/arquivos\/ACET\/IMAGENS\/biblioteca-digital\/hematologia\/serie_vermelha\/talassemias\/2026-Talassemias%20Aspectos%20fisiopatol%C3%B3gicos%20e%20g%C3%A9neticos%20m%C3%A9todos%20e%20diagn%C3%B3sticos%20laboratorial.pdf\" target=\"_blank\" rel=\"noopener\"><strong>TALASSEMIAS: ASPECTOS FISIOPATOL\u00d3GICOS E GEN\u00c9TICOS, M\u00c9TODOS E DIAGN\u00d3STICO LABORATORIAL<\/strong><\/a><\/li>\n<li><a href=\"https:\/\/ciencianews.com.br\/arquivos\/ACET\/IMAGENS\/biblioteca-digital\/hematologia\/serie_vermelha\/talassemias\/2026-Talassemias%20aspectos%20gen%C3%A9ticos%2C%20fisiopatol%C3%B3gicos%2C%20diagn%C3%B3sticos%20e%20terap%C3%AAuticos%20%E2%80%93%20uma%20revis%C3%A3o%20de%20literatura.pdf\" target=\"_blank\" rel=\"noopener\"><strong>TALASSEMIAS: ASPECTOS GEN\u00c9TICOS, FISIOPATOL\u00d3GICOS, DIAGN\u00d3STICOS E TERAP\u00caUTICOS \u2013 UMA REVIS\u00c3O DA LITERATURA<\/strong><\/a><\/li>\n<li><a href=\"https:\/\/ciencianews.com.br\/arquivos\/ACET\/IMAGENS\/biblioteca-digital\/hematologia\/serie_vermelha\/talassemias\/2026-Marcadores%20Inflamat%C3%B3rios%20na%20Beta%20Talassemia%20e%20a%20Evolu%C3%A7%C3%A3o%20do%20Tramento.pdf\" target=\"_blank\" rel=\"noopener\"><strong>MARCADORES INFLAMAT\u00d3RIOS NA BETA TALASSEMIA E A EVOLU\u00c7\u00c3O DO TRATAMENTOS<\/strong><\/a><\/li>\n<\/ol>\n<\/li>\n<\/ol>\n<div style=\"text-align: center;\">\n<p>[ezcol_1third]<br \/>\n<a href=\"http:\/\/www.ciencianews.com.br\/index.php\/home\/biblioteca_digital\/biblioteca-digital-hematologia\/b-d-hematologia-serie-vermelha\/biblioteca-digital-hematologia-talassemias\/\"> <img loading=\"lazy\" decoding=\"async\" class=\"alignnone size-thumbnail wp-image-4997\" src=\"http:\/\/www.ciencianews.com.br\/wp-content\/uploads\/2019\/08\/voltar-150x150.png\" alt=\"voltar\" width=\"70\" height=\"70\" srcset=\"https:\/\/www.ciencianews.com.br\/wp-content\/uploads\/2019\/08\/voltar-150x150.png 150w, https:\/\/www.ciencianews.com.br\/wp-content\/uploads\/2019\/08\/voltar-250x250.png 250w, https:\/\/www.ciencianews.com.br\/wp-content\/uploads\/2019\/08\/voltar.png 256w\" sizes=\"auto, (max-width: 70px) 100vw, 70px\" \/> <\/a><\/p>\n<div style=\"color: #000000; text-align: center; font-size: 15px; font-weight: bold;\"><a href=\"http:\/\/www.ciencianews.com.br\/index.php\/home\/biblioteca_digital\/biblioteca-digital-hematologia\/b-d-hematologia-serie-vermelha\/biblioteca-digital-hematologia-talassemias\/\">Voltar<\/a><\/div>\n<p>[\/ezcol_1third]<br \/>\n[ezcol_1third]<br \/>\n<a href=\"http:\/\/www.ciencianews.com.br\/index.php\/home\/biblioteca_digital\/\"> <img loading=\"lazy\" decoding=\"async\" class=\"alignnone size-thumbnail wp-image-4996\" src=\"http:\/\/www.ciencianews.com.br\/wp-content\/uploads\/2019\/08\/home-150x150.jpg\" alt=\"home\" width=\"70\" height=\"70\" srcset=\"https:\/\/www.ciencianews.com.br\/wp-content\/uploads\/2019\/08\/home-150x150.jpg 150w, https:\/\/www.ciencianews.com.br\/wp-content\/uploads\/2019\/08\/home.jpg 225w\" sizes=\"auto, (max-width: 70px) 100vw, 70px\" \/> <\/a><\/p>\n<div style=\"color: #000000; text-align: center; font-size: 15px; font-weight: bold;\"><a href=\"http:\/\/www.ciencianews.com.br\/index.php\/home\/biblioteca_digital\/\">Biblioteca Digital<\/a><\/div>\n<p>[\/ezcol_1third]<br \/>\n[ezcol_1third_end]<br \/>\n<a href=\"http:\/\/www.ciencianews.com.br\/index.php\/home\/biblioteca_digital\/biblioteca-digital-hematologia\/biblioteca-digital-hematologia-temas-relacionados-com-o-hemograma\/\"> <img loading=\"lazy\" decoding=\"async\" class=\"alignnone size-thumbnail wp-image-4995\" src=\"http:\/\/www.ciencianews.com.br\/wp-content\/uploads\/2019\/08\/avancar-150x150.png\" alt=\"avancar\" width=\"70\" height=\"70\" srcset=\"https:\/\/www.ciencianews.com.br\/wp-content\/uploads\/2019\/08\/avancar-150x150.png 150w, https:\/\/www.ciencianews.com.br\/wp-content\/uploads\/2019\/08\/avancar-250x250.png 250w, https:\/\/www.ciencianews.com.br\/wp-content\/uploads\/2019\/08\/avancar.png 256w\" sizes=\"auto, (max-width: 70px) 100vw, 70px\" \/> <\/a><\/p>\n<div style=\"color: #000000; text-align: center; font-size: 15px; font-weight: bold;\"><a href=\"http:\/\/www.ciencianews.com.br\/index.php\/home\/biblioteca_digital\/biblioteca-digital-hematologia\/biblioteca-digital-hematologia-temas-relacionados-com-o-hemograma\/\">Pr\u00f3ximo T\u00f3pico: &#8220;HEMATOLOGIA: Temas relacionados com o hemograma&#8221;<\/a><\/div>\n<p>[\/ezcol_1third_end]<\/p>\n<\/div>\n","protected":false},"excerpt":{"rendered":"<p>ARTIGOS Escolha o tema de sua prefer\u00eancia: TALASSEMIA BETA MAIOR: ASPECTOS GERAIS TALASSEMIAS AVALIA\u00c7\u00c3O LABORATORIAL DE TALASSEMIA ALFA PREVAL\u00caNCIA DE HEMOGLOBINA H NA CIDADE DE ITABIRA &#8211; MG PREVALENCIA DE TALASSEMIAS BETA NA CIDADE DE S\u00c3O MANUEL-SP, BRASIL HEMOGLOBINOPATIAS E [&hellip;]<\/p>\n","protected":false},"author":1,"featured_media":0,"parent":5459,"menu_order":0,"comment_status":"closed","ping_status":"closed","template":"","meta":{"_uag_custom_page_level_css":"","_joinchat":[],"footnotes":""},"class_list":["post-5466","page","type-page","status-publish","hentry"],"uagb_featured_image_src":{"full":false,"thumbnail":false,"medium":false,"medium_large":false,"large":false,"1536x1536":false,"2048x2048":false,"post-thumbnail":false,"business-hub-blog":false,"business-hub-work":false},"uagb_author_info":{"display_name":"real","author_link":"https:\/\/www.ciencianews.com.br\/index.php\/author\/real\/"},"uagb_comment_info":0,"uagb_excerpt":"ARTIGOS Escolha o tema de sua prefer\u00eancia: TALASSEMIA BETA MAIOR: ASPECTOS GERAIS TALASSEMIAS AVALIA\u00c7\u00c3O LABORATORIAL DE TALASSEMIA ALFA PREVAL\u00caNCIA DE HEMOGLOBINA H NA CIDADE DE ITABIRA &#8211; MG PREVALENCIA DE TALASSEMIAS BETA NA CIDADE DE S\u00c3O MANUEL-SP, BRASIL HEMOGLOBINOPATIAS E [&hellip;]","_links":{"self":[{"href":"https:\/\/www.ciencianews.com.br\/index.php\/wp-json\/wp\/v2\/pages\/5466","targetHints":{"allow":["GET"]}}],"collection":[{"href":"https:\/\/www.ciencianews.com.br\/index.php\/wp-json\/wp\/v2\/pages"}],"about":[{"href":"https:\/\/www.ciencianews.com.br\/index.php\/wp-json\/wp\/v2\/types\/page"}],"author":[{"embeddable":true,"href":"https:\/\/www.ciencianews.com.br\/index.php\/wp-json\/wp\/v2\/users\/1"}],"replies":[{"embeddable":true,"href":"https:\/\/www.ciencianews.com.br\/index.php\/wp-json\/wp\/v2\/comments?post=5466"}],"version-history":[{"count":14,"href":"https:\/\/www.ciencianews.com.br\/index.php\/wp-json\/wp\/v2\/pages\/5466\/revisions"}],"predecessor-version":[{"id":8066,"href":"https:\/\/www.ciencianews.com.br\/index.php\/wp-json\/wp\/v2\/pages\/5466\/revisions\/8066"}],"up":[{"embeddable":true,"href":"https:\/\/www.ciencianews.com.br\/index.php\/wp-json\/wp\/v2\/pages\/5459"}],"wp:attachment":[{"href":"https:\/\/www.ciencianews.com.br\/index.php\/wp-json\/wp\/v2\/media?parent=5466"}],"curies":[{"name":"wp","href":"https:\/\/api.w.org\/{rel}","templated":true}]}}