{"id":5483,"date":"2019-09-16T16:54:39","date_gmt":"2019-09-16T16:54:39","guid":{"rendered":"http:\/\/www.ciencianews.com.br\/?page_id=5483"},"modified":"2025-07-03T20:56:36","modified_gmt":"2025-07-03T20:56:36","slug":"artigos-de-hematologia-padronizacoes-hematologicas","status":"publish","type":"page","link":"https:\/\/www.ciencianews.com.br\/index.php\/home\/biblioteca_digital\/biblioteca-digital-hematologia\/biblioteca-digital-hematologia-padronizacoes-hematologicas\/artigos-de-hematologia-padronizacoes-hematologicas\/","title":{"rendered":"ARTIGOS DE HEMATOLOGIA \u2013 Padroniza\u00e7\u00f5es hematol\u00f3gicas"},"content":{"rendered":"<h1 align=\"center\"><span style=\"color: #000000;\"><strong> ARTIGOS <\/strong><\/span><\/h1>\n<p><strong>Escolha o tema de sua prefer\u00eancia:<\/strong><\/p>\n<ol>\n<li style=\"list-style-type: none;\">\n<ol>\n<li>\n<h4><em><strong><a title=\" HEMOGRAMA: O QUE \u00c9, PARA QUE SERVE E COMO INTERPRET\u00c1-LO\" href=\"http:\/\/www.ciencianews.com.br\/arquivos\/ACET\/IMAGENS\/biblioteca-digital\/hematologia\/padronizacoes_hemato\/1.pdf\" target=\"_blank\" rel=\"noopener noreferrer\"> HEMOGRAMA: O QUE \u00c9, PARA QUE SERVE E COMO INTERPRET\u00c1-LO<\/a><\/strong><\/em><\/h4>\n<\/li>\n<li>\n<h4><em><strong><a title=\"A IMPORT\u00c2NCIA DE EXAMES LABORATORIAIS PR\u00c9-OPERAT\u00d3RIOS\" href=\"http:\/\/www.ciencianews.com.br\/arquivos\/ACET\/IMAGENS\/biblioteca-digital\/hematologia\/padronizacoes_hemato\/2.pdf\" target=\"_blank\" rel=\"noopener noreferrer\">A IMPORT\u00c2NCIA DE EXAMES LABORATORIAIS PR\u00c9-OPERAT\u00d3RIOS<\/a><\/strong><\/em><\/h4>\n<\/li>\n<li>\n<h4><em><strong><a title=\"INFLU\u00caNCIA DOS FATORES PR\u00c9-ANAL\u00cdTICOS NO RESULTADO DO HEMOGRAMA\" href=\"http:\/\/www.ciencianews.com.br\/arquivos\/ACET\/IMAGENS\/biblioteca-digital\/hematologia\/padronizacoes_hemato\/3.pdf\" target=\"_blank\" rel=\"noopener noreferrer\">INFLU\u00caNCIA DOS FATORES PR\u00c9-ANAL\u00cdTICOS NO RESULTADO DO HEMOGRAMA<\/a><\/strong><\/em><\/h4>\n<\/li>\n<li>\n<h4><em><strong><a title=\"HEMOGRAMA DO REC\u00c9M NASCIDO\" href=\"http:\/\/www.ciencianews.com.br\/arquivos\/ACET\/IMAGENS\/biblioteca-digital\/hematologia\/padronizacoes_hemato\/4.pdf\" target=\"_blank\" rel=\"noopener noreferrer\">HEMOGRAMA DO REC\u00c9M NASCIDO<\/a><\/strong><\/em><\/h4>\n<\/li>\n<li>\n<h4><em><strong><a title=\"COMPARATIVO DE T\u00c9CNICAS PARA CONTAGEM DE RETICUL\u00d3CITOS\" href=\"http:\/\/www.ciencianews.com.br\/arquivos\/ACET\/IMAGENS\/biblioteca-digital\/hematologia\/padronizacoes_hemato\/5.pdf\" target=\"_blank\" rel=\"noopener noreferrer\">COMPARATIVO DE T\u00c9CNICAS PARA CONTAGEM DE RETICUL\u00d3CITOS<\/a><\/strong><\/em><\/h4>\n<\/li>\n<li>\n<h4><em><strong><a title=\"PERFIL HEMATOL\u00d3GICO DE PACIENTES COM SOROLOGIA POSITIVA PARA DENGUE\" href=\"http:\/\/www.ciencianews.com.br\/arquivos\/ACET\/IMAGENS\/biblioteca-digital\/hematologia\/padronizacoes_hemato\/6.pdf\" target=\"_blank\" rel=\"noopener noreferrer\">HPERFIL HEMATOL\u00d3GICO DE PACIENTES COM SOROLOGIA POSITIVA PARA DENGUE<\/a><\/strong><\/em><\/h4>\n<\/li>\n<li>\n<h4><em><strong><a title=\"AVALIA\u00c7\u00c3O DO ERITRUONGIFRAAPM NAO D MEU PNAICCI\u00cdEPNIOT EDSE AMTAECNADPID\u00c1\/OASP NA UBS\/POLICL\u00cdNICA\" href=\"http:\/\/www.ciencianews.com.br\/arquivos\/ACET\/IMAGENS\/biblioteca-digital\/hematologia\/padronizacoes_hemato\/7.pdf\" target=\"_blank\" rel=\"noopener noreferrer\">AVALIA\u00c7\u00c3O DO ERITRUONGIFRAAPM NAO D MEU PNAICCI\u00cdEPNIOT EDSE AMTAECNADPID\u00c1\/OASP NA UBS\/POLICL\u00cdNICA<\/a><\/strong><\/em><\/h4>\n<\/li>\n<li>\n<h4><em><strong><a title=\"CONTROLE DA FASE ANAL\u00cdTICA EM HEMATOLOGIA\" href=\"http:\/\/www.ciencianews.com.br\/arquivos\/ACET\/IMAGENS\/biblioteca-digital\/hematologia\/padronizacoes_hemato\/8.pdf\" target=\"_blank\" rel=\"noopener noreferrer\">CONTROLE DA FASE ANAL\u00cdTICA EM HEMATOLOGIA<\/a><\/strong><\/em><\/h4>\n<\/li>\n<li>\n<h4><em><strong><a title=\"GARANTIA DA QUALIDADE NO HEMOGRAMA\" href=\"http:\/\/www.ciencianews.com.br\/arquivos\/ACET\/IMAGENS\/biblioteca-digital\/hematologia\/padronizacoes_hemato\/9.pdf\" target=\"_blank\" rel=\"noopener noreferrer\">GARANTIA DA QUALIDADE NO HEMOGRAMA<\/a><\/strong><\/em><\/h4>\n<\/li>\n<li>\n<h4><em><strong><a title=\"NOVOS PAR\u00c2METROS DO HEMOGRAMA AUTOMATIZADO\" href=\"http:\/\/www.ciencianews.com.br\/arquivos\/ACET\/IMAGENS\/biblioteca-digital\/hematologia\/padronizacoes_hemato\/10.pdf\" target=\"_blank\" rel=\"noopener noreferrer\">NOVOS PAR\u00c2METROS DO HEMOGRAMA AUTOMATIZADO<\/a><\/strong><\/em><\/h4>\n<\/li>\n<li>\n<h4><em><strong><a title=\" PADRONIZA\u00c7\u00c3O DOS VALORES HEMATIM\u00c9TRICOS EM GERIATRIA NO MUNIC\u00cdPIO DE AMPARO, SP\" href=\"http:\/\/www.ciencianews.com.br\/arquivos\/ACET\/IMAGENS\/biblioteca-digital\/hematologia\/padronizacoes_hemato\/11.pdf\" target=\"_blank\" rel=\"noopener noreferrer\"> PADRONIZA\u00c7\u00c3O DOS VALORES HEMATIM\u00c9TRICOS EM GERIATRIA NO MUNIC\u00cdPIO DE AMPARO, SP<\/a><\/strong><\/em><\/h4>\n<\/li>\n<li>\n<h4><em><strong><a title=\"HEM\u00d3LISE IN VITRO NA FASE PR\u00c9 \u2013 ANAL\u00cdTICA\" href=\"http:\/\/www.ciencianews.com.br\/arquivos\/ACET\/IMAGENS\/biblioteca-digital\/hematologia\/padronizacoes_hemato\/12.pdf\" target=\"_blank\" rel=\"noopener noreferrer\">HEM\u00d3LISE IN VITRO NA FASE PR\u00c9 \u2013 ANAL\u00cdTICA<\/a><\/strong><\/em><\/h4>\n<\/li>\n<li>\n<h4><em><strong><a title=\"AVALIA\u00c7\u00c3O DO CONTROLE DE QUALIDADE NA HEMATOLOGIA\" href=\"http:\/\/www.ciencianews.com.br\/arquivos\/ACET\/IMAGENS\/biblioteca-digital\/hematologia\/padronizacoes_hemato\/13.pdf\" target=\"_blank\" rel=\"noopener noreferrer\">AVALIA\u00c7\u00c3O DO CONTROLE DE QUALIDADE NA HEMATOLOGIA<\/a><\/strong><\/em><\/h4>\n<\/li>\n<li>\n<h4><em><strong><a title=\"PADRONIZA\u00c7\u00c3O HEMATIM\u00c9TRICAS OBTIDAS DE PACIENTES DO LABORAT\u00d3RIO DIAS, UNA\u00cd-MG\" href=\"http:\/\/www.ciencianews.com.br\/arquivos\/ACET\/IMAGENS\/biblioteca-digital\/hematologia\/padronizacoes_hemato\/14.pdf\" target=\"_blank\" rel=\"noopener noreferrer\">PADRONIZA\u00c7\u00c3O HEMATIM\u00c9TRICAS OBTIDAS DE PACIENTES DO LABORAT\u00d3RIO DIAS, UNA\u00cd-MG<\/a><\/strong><\/em><\/h4>\n<\/li>\n<li>\n<h4><em><strong><a title=\"DETERMINA\u00c7\u00c3O DOS N\u00cdVEIS DE HEMOGLOBINA DE ESTUDANTES DO CURSO DE BIOMEDICINA E FARM\u00c1CIA DE UM CENTRO UNIVERSIT\u00c1RIO DO NORTE DO PARAN\u00c1\" href=\"http:\/\/www.ciencianews.com.br\/arquivos\/ACET\/IMAGENS\/biblioteca-digital\/hematologia\/padronizacoes_hemato\/15.pdf\" target=\"_blank\" rel=\"noopener noreferrer\">DETERMINA\u00c7\u00c3O DOS N\u00cdVEIS DE HEMOGLOBINA DE ESTUDANTES DO CURSO DE BIOMEDICINA E FARM\u00c1CIA DE UM CENTRO UNIVERSIT\u00c1RIO DO NORTE DO PARAN\u00c1<\/a><\/strong><\/em><\/h4>\n<\/li>\n<li>\n<h4><em><strong><a title=\"AN\u00c1LISE HEMATOL\u00d3GICA E PERFIL BIOQU\u00cdMICO DO FERRO E FERRITINA EM CRIAN\u00c7AS DE 1 A 6 ANOS ESTUDANTES DE UMA ESCOLA MUNICIPAL EM UBERABA \u2013 MG, NO PER\u00cdODO DE AGOSTO A NOVEMBRO DE 2008\" href=\"http:\/\/www.ciencianews.com.br\/arquivos\/ACET\/IMAGENS\/biblioteca-digital\/hematologia\/padronizacoes_hemato\/16.pdf\" target=\"_blank\" rel=\"noopener noreferrer\">AN\u00c1LISE HEMATOL\u00d3GICA E PERFIL BIOQU\u00cdMICO DO FERRO E FERRITINA EM CRIAN\u00c7AS DE 1 A 6 ANOS ESTUDANTES DE UMA ESCOLA MUNICIPAL EM UBERABA \u2013 MG, NO PER\u00cdODO DE AGOSTO A NOVEMBRO DE 2008<\/a><\/strong><\/em><\/h4>\n<\/li>\n<li>\n<h4><em><strong><a title=\"CORANTES E ANTICOAGULANTES HEMATOL\u00d3GICOS\" href=\"http:\/\/www.ciencianews.com.br\/arquivos\/ACET\/IMAGENS\/biblioteca-digital\/hematologia\/padronizacoes_hemato\/17.pdf\" target=\"_blank\" rel=\"noopener noreferrer\">CORANTES E ANTICOAGULANTES HEMATOL\u00d3GICOS<\/a><\/strong><\/em><\/h4>\n<\/li>\n<li>\n<h4><em><strong><a title=\"REVIS\u00c3O DA T\u00c9CNICA DA CURVA DE FRAGILIDADE OSM\u00d3TICA NO SERVI\u00c7O DE HEMATOLOGIA DE S\u00c3O JOS\u00c9 DOS CAMPOS\" href=\"http:\/\/www.ciencianews.com.br\/arquivos\/ACET\/IMAGENS\/biblioteca-digital\/hematologia\/padronizacoes_hemato\/18.pdf\" target=\"_blank\" rel=\"noopener noreferrer\">REVIS\u00c3O DA T\u00c9CNICA DA CURVA DE FRAGILIDADE OSM\u00d3TICA NO SERVI\u00c7O DE HEMATOLOGIA DE S\u00c3O JOS\u00c9 DOS CAMPOS<\/a><\/strong><\/em><\/h4>\n<\/li>\n<li>\n<h4><em><strong><a title=\"PADRONIZA\u00c7\u00c3O DOS VALORES HEMATIM\u00c9TRICOS PARA A POPULA\u00c7\u00c3O DE QUEDAS DO IGUA\u00c7U\" href=\"http:\/\/www.ciencianews.com.br\/arquivos\/ACET\/IMAGENS\/biblioteca-digital\/hematologia\/padronizacoes_hemato\/19.pdf\" target=\"_blank\" rel=\"noopener noreferrer\">PADRONIZA\u00c7\u00c3O DOS VALORES HEMATIM\u00c9TRICOS PARA A POPULA\u00c7\u00c3O DE QUEDAS DO IGUA\u00c7U<\/a><\/strong><\/em><\/h4>\n<\/li>\n<li>\n<h4><em><strong><a title=\" AN\u00c1LISES HEMATOL\u00d3GICAS DE CRIAN\u00c7AS ATENDIDAS NA UNIDADE DE PRONTO ATENDIMENTO (UPA), E ORIENTA\u00c7\u00d5ES FRENTE AOS RESULTADOS, NO MUNIC\u00cdPIO DE S\u00c3O SEBASTI\u00c3O DO PARA\u00cdSO \u2013 MG\" href=\"http:\/\/www.ciencianews.com.br\/arquivos\/ACET\/IMAGENS\/biblioteca-digital\/hematologia\/padronizacoes_hemato\/20.pdf\" target=\"_blank\" rel=\"noopener noreferrer\"> AN\u00c1LISES HEMATOL\u00d3GICAS DE CRIAN\u00c7AS ATENDIDAS NA UNIDADE DE PRONTO ATENDIMENTO (UPA), E ORIENTA\u00c7\u00d5ES FRENTE AOS RESULTADOS, NO MUNIC\u00cdPIO DE S\u00c3O SEBASTI\u00c3O DO PARA\u00cdSO \u2013 MG<\/a><\/strong><\/em><\/h4>\n<\/li>\n<li>\n<h4><em><strong><a title=\" CONTROLE DA QUALIDADE EM HEMATOLOGIA AUTOMATIZADA\" href=\"http:\/\/www.ciencianews.com.br\/arquivos\/ACET\/IMAGENS\/biblioteca-digital\/hematologia\/padronizacoes_hemato\/21.pdf\" target=\"_blank\" rel=\"noopener noreferrer\"> CONTROLE DA QUALIDADE EM HEMATOLOGIA AUTOMATIZADA<\/a><\/strong><\/em><\/h4>\n<\/li>\n<li>\n<h4><em><strong><a title=\"PADRONIZA\u00c7\u00c3O DOS VALORES DE ERITR\u00d3CITOS E LEUC\u00d3CITOS EM ADULTOS DO SEXO FEMININO E MASCULINO NA REGI\u00c3O DE BIRIGUI - SP\" href=\"http:\/\/www.ciencianews.com.br\/arquivos\/ACET\/IMAGENS\/biblioteca-digital\/hematologia\/padronizacoes_hemato\/22.pdf\" target=\"_blank\" rel=\"noopener noreferrer\">PADRONIZA\u00c7\u00c3O DOS VALORES DE ERITR\u00d3CITOS E LEUC\u00d3CITOS EM ADULTOS DO SEXO FEMININO E MASCULINO NA REGI\u00c3O DE BIRIGUI &#8211; SP<\/a><\/strong><\/em><\/h4>\n<\/li>\n<li>\n<h4><em><strong><a title=\"A BIOLOGIA MOLECULAR NO AUXILIO \u00c0 HEMATOLOGIA\" href=\"http:\/\/www.ciencianews.com.br\/arquivos\/ACET\/IMAGENS\/biblioteca-digital\/hematologia\/padronizacoes_hemato\/23.pdf\" target=\"_blank\" rel=\"noopener noreferrer\">A BIOLOGIA MOLECULAR NO AUXILIO \u00c0 HEMATOLOGIA<\/a><\/strong><\/em><\/h4>\n<\/li>\n<li>\n<h4><em><strong><a title=\"A BIOLOGIA MOLECULAR NO AUXILIO \u00c0 HEMATOLOGIA\" href=\"http:\/\/www.ciencianews.com.br\/arquivos\/ACET\/IMAGENS\/biblioteca-digital\/hematologia\/padronizacoes_hemato\/24.pdf\" target=\"_blank\" rel=\"noopener noreferrer\">ESTUDO HEMATOL\u00d3GICO NO DIAGN\u00d3STICO DAS ANEMIAS<\/a><\/strong><\/em><\/h4>\n<\/li>\n<li>\n<h4><a href=\"https:\/\/www.ciencianews.com.br\/arquivos\/ACET\/IMAGENS\/biblioteca-digital\/hematologia\/padronizacoes_hemato\/A%20avalia%C3%A7%C3%A3o%20da%20correla%C3%A7%C3%A3o%20entre%20o%20HCM,%20CHCM%20e%20hipocromia.%20-%20Pedro%20Reim%C3%A3o%20Nogueira%20Jorge.pdf\"><em><strong>A AVALIA\u00c7\u00c3O DA CORRELA\u00c7\u00c3O ENTRE O HCM, CHCM E HIPOCROMIA<\/strong><\/em><\/a><\/h4>\n<\/li>\n<li>\n<h4><a href=\"https:\/\/www.ciencianews.com.br\/arquivos\/ACET\/IMAGENS\/biblioteca-digital\/hematologia\/padronizacoes_hemato\/AVALIA%C3%87%C3%83O%20DO%20IMPACTO%20DO%20CONTROLE%20DE%20QUALIDADE%20NOS%20RESULTADOS%20HEMATOL%C3%93GICOS%20%20-%20Arminda%20Neiva%20Rosa.pdf\"><em><strong>AVALIA\u00c7\u00c3O DO IMPACTO DO CONTROLE DE QUALIDADE NOS RESULTADOS HEMATOL\u00d3GICOS<\/strong><\/em><\/a><\/h4>\n<\/li>\n<li>\n<h4><a href=\"https:\/\/www.ciencianews.com.br\/arquivos\/ACET\/IMAGENS\/biblioteca-digital\/hematologia\/padronizacoes_hemato\/Pseudoplaquetopenia_induzida_por_EDTA_e_a_influ%C3%AAncia_dos_analisadores_automatizados%20-%20Filipe%20Gadelha%20Navarro%20Vieira.pdf\"><em><strong>PSEUDOPLAQUETOPENIA INDUZIDA POR EDTA E A INFLU\u00caNCIA DOS ANALISADORES AUTOMATIZADOS<\/strong><\/em><\/a><\/h4>\n<\/li>\n<li>\n<h4><a href=\"https:\/\/www.ciencianews.com.br\/arquivos\/ACET\/IMAGENS\/biblioteca-digital\/hematologia\/padronizacoes_hemato\/Pseudoplaquetopenia_induzida_por_EDTA_e_a_influ%C3%AAncia_dos_analisadores_automatizados%20-%20Filipe%20Gadelha%20Navarro%20Vieira.pdf\"><em><strong>RDW COMO MARCADOR PROGN\u00d3STICO DE DOEN\u00c7AS N\u00c3O-HEMATOL\u00d3GICAS<\/strong><\/em><\/a><\/h4>\n<\/li>\n<li>\n<h4><a href=\"https:\/\/ciencianews.com.br\/arquivos\/ACET\/IMAGENS\/biblioteca-digital\/hematologia\/padronizacoes_hemato\/UTILIZA%C3%87%C3%83O_DO_V%C3%93RTEX_PARA_CORRE%C3%87%C3%83O_DA_PLAQUETOMETRIA_EM_CASOS_DE_PSEUDOTROMBOCITOPENIA_INDUZIDA_POR_EDTA%20Nathan.pdf\"><em><strong>UTILIZA\u00c7\u00c3O DO V\u00d3RTEX PARA CORRE\u00c7\u00c3O DA PLAQUETOMETRIA EM CASOS DE PSEUDOTROMBOCITOPENIA INDUZIDA POR EDTA<\/strong><\/em><\/a><\/h4>\n<\/li>\n<li>\n<h4><a href=\"https:\/\/ciencianews.com.br\/arquivos\/ACET\/IMAGENS\/biblioteca-digital\/hematologia\/padronizacoes_hemato\/2023-A%20import%C3%A2ncia%20do%20hemograma%20no%20laborat%C3%B3rio%20cl%C3%ADnico%20e%20interfer%C3%AAncias%20nos%20fatores%20pr%C3%A9-anal%C3%ADticos,%20anal%C3%ADticos%20e%20p%C3%B3s-anal%C3%ADticos%20-%20Deborah%20Fernandes%20Rodrigues.pdf\"><em><strong>A IMPORT\u00c2NCIA DO HEMOGRAMA NO LABORAT\u00d3RIO CL\u00cdNICO E INTERFER\u00caNCIAS NOS FATORES PR\u00c9-ANAL\u00cdTICOS, ANAL\u00cdTICOS E P\u00d3S-ANAL\u00cdTICOS<\/strong><\/em><\/a><\/h4>\n<\/li>\n<li>\n<h4><a href=\"https:\/\/ciencianews.com.br\/arquivos\/ACET\/IMAGENS\/biblioteca-digital\/hematologia\/padronizacoes_hemato\/31_Ana%20Julia%20Siqueira%20Barros%20-%20Publ.pdf\"><em><strong>AN\u00c1LISE COMPARATIVA DE CONTAGEM DE RETICUL\u00d3CITOS EM L\u00c2MINAS CORADAS COM AZUL DE CRESIL BRILHANTE E CONTRA CORADOS COM KIT COLORGRAM<\/strong><\/em><\/a><\/h4>\n<\/li>\n<li>\n<h4><a href=\"https:\/\/ciencianews.com.br\/arquivos\/ACET\/IMAGENS\/biblioteca-digital\/hematologia\/padronizacoes_hemato\/32_Cassio%20ortiz.pdf\"><em><strong>CONTROLE INTERNO DA QUALIDADE NA HEMATOLOGIA: UMA VIS\u00c3O GERAL<\/strong><\/em><\/a><\/h4>\n<\/li>\n<\/ol>\n<\/li>\n<\/ol>\n<div style=\"text-align: center;\">\u00a0<\/div>\n\n\n<div class=\"wp-block-columns is-layout-flex wp-container-core-columns-is-layout-9d6595d7 wp-block-columns-is-layout-flex\">\n<div class=\"wp-block-column is-layout-flow wp-block-column-is-layout-flow\">\n<div class=\"wp-block-image\"><figure class=\"aligncenter size-large is-resized\"><img loading=\"lazy\" decoding=\"async\" src=\"https:\/\/www.ciencianews.com.br\/wp-content\/uploads\/2019\/08\/voltar.png\" alt=\"\" width=\"80\" height=\"80\"\/><figcaption><strong><a href=\"https:\/\/www.ciencianews.com.br\/index.php\/home\/biblioteca_digital\/biblioteca-digital-hematologia\/biblioteca-digital-hematologia-padronizacoes-hematologicas\/\">Voltar<\/a><\/strong><\/figcaption><\/figure><\/div>\n<\/div>\n\n\n\n<div class=\"wp-block-column is-layout-flow wp-block-column-is-layout-flow\">\n<div class=\"wp-block-image\"><figure class=\"aligncenter size-large is-resized\"><img loading=\"lazy\" decoding=\"async\" src=\"https:\/\/www.ciencianews.com.br\/wp-content\/uploads\/2019\/08\/home.jpg\" alt=\"\" width=\"80\" height=\"80\"\/><figcaption><a href=\"http:\/\/https\/\/www.ciencianews.com.br\/index.php\/home\/biblioteca_digital\/\"><strong>Biblioteca Digital<\/strong><\/a><\/figcaption><\/figure><\/div>\n<\/div>\n\n\n\n<div class=\"wp-block-column is-layout-flow wp-block-column-is-layout-flow\">\n<div class=\"wp-block-image\"><figure class=\"aligncenter size-large is-resized\"><img loading=\"lazy\" decoding=\"async\" src=\"https:\/\/www.ciencianews.com.br\/wp-content\/uploads\/2019\/08\/avancar.png\" alt=\"\" width=\"80\" height=\"80\"\/><figcaption><strong><a href=\"https:\/\/www.ciencianews.com.br\/index.php\/home\/biblioteca_digital\/biblioteca-digital-hematologia\/biblioteca-digital-hematologia-plaquetas-e-coagulopatias\/\">Pr\u00f3ximo T\u00f3pico: &#8220;HEMATOLOGIA \u2013 Plaquetas e Coagulopatias&#8221;<\/a><\/strong><\/figcaption><\/figure><\/div>\n<\/div>\n<\/div>\n","protected":false},"excerpt":{"rendered":"<p>ARTIGOS Escolha o tema de sua prefer\u00eancia: HEMOGRAMA: O QUE \u00c9, PARA QUE SERVE E COMO INTERPRET\u00c1-LO A IMPORT\u00c2NCIA DE EXAMES LABORATORIAIS PR\u00c9-OPERAT\u00d3RIOS INFLU\u00caNCIA DOS FATORES PR\u00c9-ANAL\u00cdTICOS NO RESULTADO DO HEMOGRAMA HEMOGRAMA DO REC\u00c9M NASCIDO COMPARATIVO DE T\u00c9CNICAS PARA CONTAGEM [&hellip;]<\/p>\n","protected":false},"author":1,"featured_media":0,"parent":5478,"menu_order":0,"comment_status":"closed","ping_status":"closed","template":"","meta":{"_uag_custom_page_level_css":"","_joinchat":[],"footnotes":""},"class_list":["post-5483","page","type-page","status-publish","hentry"],"uagb_featured_image_src":{"full":false,"thumbnail":false,"medium":false,"medium_large":false,"large":false,"1536x1536":false,"2048x2048":false,"post-thumbnail":false,"business-hub-blog":false,"business-hub-work":false},"uagb_author_info":{"display_name":"real","author_link":"https:\/\/www.ciencianews.com.br\/index.php\/author\/real\/"},"uagb_comment_info":0,"uagb_excerpt":"ARTIGOS Escolha o tema de sua prefer\u00eancia: HEMOGRAMA: O QUE \u00c9, PARA QUE SERVE E COMO INTERPRET\u00c1-LO A IMPORT\u00c2NCIA DE EXAMES LABORATORIAIS PR\u00c9-OPERAT\u00d3RIOS INFLU\u00caNCIA DOS FATORES PR\u00c9-ANAL\u00cdTICOS NO RESULTADO DO HEMOGRAMA HEMOGRAMA DO REC\u00c9M NASCIDO COMPARATIVO DE T\u00c9CNICAS PARA CONTAGEM [&hellip;]","_links":{"self":[{"href":"https:\/\/www.ciencianews.com.br\/index.php\/wp-json\/wp\/v2\/pages\/5483","targetHints":{"allow":["GET"]}}],"collection":[{"href":"https:\/\/www.ciencianews.com.br\/index.php\/wp-json\/wp\/v2\/pages"}],"about":[{"href":"https:\/\/www.ciencianews.com.br\/index.php\/wp-json\/wp\/v2\/types\/page"}],"author":[{"embeddable":true,"href":"https:\/\/www.ciencianews.com.br\/index.php\/wp-json\/wp\/v2\/users\/1"}],"replies":[{"embeddable":true,"href":"https:\/\/www.ciencianews.com.br\/index.php\/wp-json\/wp\/v2\/comments?post=5483"}],"version-history":[{"count":15,"href":"https:\/\/www.ciencianews.com.br\/index.php\/wp-json\/wp\/v2\/pages\/5483\/revisions"}],"predecessor-version":[{"id":7773,"href":"https:\/\/www.ciencianews.com.br\/index.php\/wp-json\/wp\/v2\/pages\/5483\/revisions\/7773"}],"up":[{"embeddable":true,"href":"https:\/\/www.ciencianews.com.br\/index.php\/wp-json\/wp\/v2\/pages\/5478"}],"wp:attachment":[{"href":"https:\/\/www.ciencianews.com.br\/index.php\/wp-json\/wp\/v2\/media?parent=5483"}],"curies":[{"name":"wp","href":"https:\/\/api.w.org\/{rel}","templated":true}]}}