{"id":5494,"date":"2019-09-16T17:13:12","date_gmt":"2019-09-16T17:13:12","guid":{"rendered":"http:\/\/www.ciencianews.com.br\/?page_id=5494"},"modified":"2026-02-05T15:10:35","modified_gmt":"2026-02-05T15:10:35","slug":"artigos-de-hematologia-temas-relacionados-com-o-hemograma","status":"publish","type":"page","link":"https:\/\/www.ciencianews.com.br\/index.php\/home\/biblioteca_digital\/biblioteca-digital-hematologia\/biblioteca-digital-hematologia-temas-relacionados-com-o-hemograma\/artigos-de-hematologia-temas-relacionados-com-o-hemograma\/","title":{"rendered":"ARTIGOS DE HEMATOLOGIA \u2013 Temas relacionados com o hemograma"},"content":{"rendered":"<h1 align=\"center\"><span style=\"color: #000000;\"><strong> ARTIGOS <\/strong><\/span><\/h1>\n<p><strong>Escolha o tema de sua prefer\u00eancia:<\/strong><\/p>\n<ol>\n<li style=\"list-style-type: none;\">\n<ol>\n<li>\n<h4><em><strong><a title=\"A IMPORT\u00c2NCIA DO EXAME HEMOGRAMA COMPLETO PARA O DIAGN\u00d3STICO DE DOEN\u00c7AS HEMATOL\u00d3GICAS\" href=\"http:\/\/www.ciencianews.com.br\/arquivos\/ACET\/IMAGENS\/biblioteca-digital\/hematologia\/temas_relacionados\/1.pdf\" target=\"_blank\" rel=\"noopener noreferrer\">A IMPORT\u00c2NCIA DO EXAME HEMOGRAMA COMPLETO PARA O DIAGN\u00d3STICO DE DOEN\u00c7AS HEMATOL\u00d3GICAS<\/a><\/strong><\/em><\/h4>\n<\/li>\n<li>\n<h4><em><strong><a title=\"METAEMOGLOBINA RELACIONADA A SA\u00daDE OCUPACIONAL\" href=\"http:\/\/www.ciencianews.com.br\/arquivos\/ACET\/IMAGENS\/biblioteca-digital\/hematologia\/temas_relacionados\/2.pdf\" target=\"_blank\" rel=\"noopener noreferrer\">METAEMOGLOBINA RELACIONADA A SA\u00daDE OCUPACIONAL<\/a><\/strong><\/em><\/h4>\n<\/li>\n<li>\n<h4><em><strong><a title=\"ALTERA\u00c7\u00d5ES HEMATOL\u00d3GICAS EM PACIENTES PORTADORES DO V\u00cdRUS HIV\" href=\"http:\/\/www.ciencianews.com.br\/arquivos\/ACET\/IMAGENS\/biblioteca-digital\/hematologia\/temas_relacionados\/3.pdf\" target=\"_blank\" rel=\"noopener noreferrer\">ALTERA\u00c7\u00d5ES HEMATOL\u00d3GICAS EM PACIENTES PORTADORES DO V\u00cdRUS HIV<\/a><\/strong><\/em><\/h4>\n<\/li>\n<li>\n<h4><em><strong><a title=\"ALTERA\u00c7\u00d5ES HEMATOL\u00d3GICAS NA DOEN\u00c7A DE GAUCHER\" href=\"http:\/\/www.ciencianews.com.br\/arquivos\/ACET\/IMAGENS\/biblioteca-digital\/hematologia\/temas_relacionados\/4.pdf\" target=\"_blank\" rel=\"noopener noreferrer\">ALTERA\u00c7\u00d5ES HEMATOL\u00d3GICAS NA DOEN\u00c7A DE GAUCHER<\/a><\/strong><\/em><\/h4>\n<\/li>\n<li>\n<h4><em><strong><a title=\"ALTERA\u00c7\u00d5ES LABORATORIAIS DAS ANEMIAS MICROC\u00cdTICAS E HIPOCR\u00d4MICAS\" href=\"http:\/\/www.ciencianews.com.br\/arquivos\/ACET\/IMAGENS\/biblioteca-digital\/hematologia\/temas_relacionados\/5.pdf\" target=\"_blank\" rel=\"noopener noreferrer\">ALTERA\u00c7\u00d5ES LABORATORIAIS DAS ANEMIAS MICROC\u00cdTICAS E HIPOCR\u00d4MICAS<\/a><\/strong><\/em><\/h4>\n<\/li>\n<li>\n<h4><em><strong><a title=\" A PRESEN\u00c7A DE MICROCITOSE E HIPOCROMIA NA ROTINA LABORATORIAL: UM CRIT\u00c9RIO A SER CONSIDERADO\" href=\"http:\/\/www.ciencianews.com.br\/arquivos\/ACET\/IMAGENS\/biblioteca-digital\/hematologia\/temas_relacionados\/6.pdf\" target=\"_blank\" rel=\"noopener noreferrer\">A PRESEN\u00c7A DE MICROCITOSE E HIPOCROMIA NA ROTINA LABORATORIAL: UM CRIT\u00c9RIO A SER CONSIDERADO<\/a><\/strong><\/em><\/h4>\n<\/li>\n<li>\n<h4><em><strong><a title=\"MAL\u00c1RIA: ASPECTOS GERAIS E PRINCIPAIS ALTERA\u00c7\u00d5ES HEMATOL\u00d3GICAS \u2013 UMA REVIS\u00c3O\" href=\"http:\/\/www.ciencianews.com.br\/arquivos\/ACET\/IMAGENS\/biblioteca-digital\/hematologia\/temas_relacionados\/7.pdf\" target=\"_blank\" rel=\"noopener noreferrer\">MAL\u00c1RIA: ASPECTOS GERAIS E PRINCIPAIS ALTERA\u00c7\u00d5ES HEMATOL\u00d3GICAS \u2013 UMA REVIS\u00c3O<\/a><\/strong><\/em><\/h4>\n<\/li>\n<li>\n<h4><em><strong><a title=\"O HEMOGRAMA NA INFEC\u00c7\u00c3O POR ANCILOSTOM\u00cdDEOS\" href=\"http:\/\/www.ciencianews.com.br\/arquivos\/ACET\/IMAGENS\/biblioteca-digital\/hematologia\/temas_relacionados\/8.pdf\" target=\"_blank\" rel=\"noopener noreferrer\">O HEMOGRAMA NA INFEC\u00c7\u00c3O POR ANCILOSTOM\u00cdDEOS<\/a><\/strong><\/em><\/h4>\n<\/li>\n<li>\n<h4><em><strong><a title=\"PREVAL\u00caNCIA DE ANEMIA E ALTERA\u00c7\u00d5ES LEUCOCIT\u00c1RIAS EM CRIAN\u00c7AS DA CIDADE DE QUATIGU\u00c1 \u2013 PR, COMO PARTE DO PROJETO PIA PREVAL\u00caNCIA DE ANEMIA E ALTERA\u00c7\u00d5ES LEUCOCIT\u00c1RIAS EM CRIAN\u00c7AS DA CIDADE DE QUATIGU\u00c1 \u2013 PR, COMO PARTE DO PROJETO PIA\" href=\"http:\/\/www.ciencianews.com.br\/arquivos\/ACET\/IMAGENS\/biblioteca-digital\/hematologia\/temas_relacionados\/9.pdf\" target=\"_blank\" rel=\"noopener noreferrer\">PREVAL\u00caNCIA DE ANEMIA E ALTERA\u00c7\u00d5ES LEUCOCIT\u00c1RIAS EM CRIAN\u00c7AS DA CIDADE DE QUATIGU\u00c1 \u2013 PR, COMO PARTE DO PROJETO PIA PREVAL\u00caNCIA DE ANEMIA E ALTERA\u00c7\u00d5ES LEUCOCIT\u00c1RIAS EM CRIAN\u00c7AS DA CIDADE DE QUATIGU\u00c1 \u2013 PR, COMO PARTE DO PROJETO PIA<\/a><\/strong><\/em><\/h4>\n<\/li>\n<li>\n<h4><em><strong><a title=\"DIAGN\u00d3STICO LABORATORIAL DIFERENCIAL ENTRE ANEMIA FERROPRIVA E TALASSEMIA BETA MENOR\" href=\"http:\/\/www.ciencianews.com.br\/arquivos\/ACET\/IMAGENS\/biblioteca-digital\/hematologia\/temas_relacionados\/10.pdf\" target=\"_blank\" rel=\"noopener noreferrer\">DIAGN\u00d3STICO LABORATORIAL DIFERENCIAL ENTRE ANEMIA FERROPRIVA E TALASSEMIA BETA MENOR<\/a><\/strong><\/em><\/h4>\n<\/li>\n<li>\n<h4><em><strong><a title=\" A COMPREENS\u00c3O DO HEMOGRAMA PARA PROFISSIONAIS N\u00c3O M\u00c9DICOS\" href=\"http:\/\/www.ciencianews.com.br\/arquivos\/ACET\/IMAGENS\/biblioteca-digital\/hematologia\/temas_relacionados\/11.pdf\" target=\"_blank\" rel=\"noopener noreferrer\"> A COMPREENS\u00c3O DO HEMOGRAMA PARA PROFISSIONAIS N\u00c3O M\u00c9DICOS<\/a><\/strong><\/em><\/h4>\n<\/li>\n<li>\n<h4><em><strong><a title=\"DISTURBIOS HEMATOL\u00d3GICOS CAUSADOS POR DENGUE\" href=\"http:\/\/www.ciencianews.com.br\/arquivos\/ACET\/IMAGENS\/biblioteca-digital\/hematologia\/temas_relacionados\/12.pdf\" target=\"_blank\" rel=\"noopener noreferrer\"> DISTURBIOS HEMATOL\u00d3GICOS CAUSADOS POR DENGUE<\/a><\/strong><\/em><\/h4>\n<\/li>\n<li>\n<h4><em><strong><a title=\"ALTERA\u00c7\u00d5ES HEMATOL\u00d3GICAS EM PACIENTES PORTADORES DO V\u00cdRUS HIV\" href=\"http:\/\/www.ciencianews.com.br\/arquivos\/ACET\/IMAGENS\/biblioteca-digital\/hematologia\/temas_relacionados\/13.pdf\" target=\"_blank\" rel=\"noopener noreferrer\">ALTERA\u00c7\u00d5ES HEMATOL\u00d3GICAS EM PACIENTES PORTADORES DO V\u00cdRUS HIV<\/a><\/strong><\/em><\/h4>\n<\/li>\n<li>\n<h4><em><strong><a title=\"ALTERA\u00c7\u00d5ES HEMATOL\u00d3GICAS EM PACIENTES COM DENGUE\" href=\"http:\/\/www.ciencianews.com.br\/arquivos\/ACET\/IMAGENS\/biblioteca-digital\/hematologia\/temas_relacionados\/14.pdf\" target=\"_blank\" rel=\"noopener noreferrer\">ALTERA\u00c7\u00d5ES HEMATOL\u00d3GICAS EM PACIENTES COM DENGUE<\/a><\/strong><\/em><\/h4>\n<\/li>\n<li>\n<h4><em><strong><a title=\"ALTERA\u00c7\u00d5ES HEMATOL\u00d3GICAS EM PACIENTES COM INSUFICI\u00caNCIA RENAL CR\u00d4NICA\" href=\"http:\/\/www.ciencianews.com.br\/arquivos\/ACET\/IMAGENS\/biblioteca-digital\/hematologia\/temas_relacionados\/15.pdf\" target=\"_blank\" rel=\"noopener noreferrer\">ALTERA\u00c7\u00d5ES HEMATOL\u00d3GICAS EM PACIENTES COM INSUFICI\u00caNCIA RENAL CR\u00d4NICA<\/a><\/strong><\/em><\/h4>\n<\/li>\n<li>\n<h4><em><strong><a title=\"CORRELA\u00c7\u00c3O ENTRE A S\u00c9RIE BRANCA E PLAQUET\u00c1RIA COM DENGUE NO MUNIC\u00cdPIO DE SILV\u00c2NIA, GOI\u00c1S.\" href=\"http:\/\/www.ciencianews.com.br\/arquivos\/ACET\/IMAGENS\/biblioteca-digital\/hematologia\/temas_relacionados\/16.pdf\" target=\"_blank\" rel=\"noopener noreferrer\">CORRELA\u00c7\u00c3O ENTRE A S\u00c9RIE BRANCA E PLAQUET\u00c1RIA COM DENGUE NO MUNIC\u00cdPIO DE SILV\u00c2NIA, GOI\u00c1S.<\/a><\/strong><\/em><\/h4>\n<\/li>\n<li>\n<h4><em><strong><a title=\"PERFIL HEMATOL\u00d3GICO DE PACIENTES DIAGNOSTICADOS COM DENGUE\" href=\"http:\/\/www.ciencianews.com.br\/arquivos\/ACET\/IMAGENS\/biblioteca-digital\/hematologia\/temas_relacionados\/17.pdf\" target=\"_blank\" rel=\"noopener noreferrer\">PERFIL HEMATOL\u00d3GICO DE PACIENTES DIAGNOSTICADOS COM DENGUE<\/a><\/strong><\/em><\/h4>\n<\/li>\n<li>\n<h4><em><strong><a title=\"A IMPORT\u00c2NCIA DA INTERPRETA\u00c7\u00c3O DO HEMOGRAMA EM CASOS DE DENGUE\" href=\"http:\/\/www.ciencianews.com.br\/arquivos\/ACET\/IMAGENS\/biblioteca-digital\/hematologia\/temas_relacionados\/18.pdf\" target=\"_blank\" rel=\"noopener noreferrer\">A IMPORT\u00c2NCIA DA INTERPRETA\u00c7\u00c3O DO HEMOGRAMA EM CASOS DE DENGUE<\/a><\/strong><\/em><\/h4>\n<\/li>\n<li>\n<h4><a href=\"https:\/\/www.ciencianews.com.br\/arquivos\/ACET\/IMAGENS\/biblioteca-digital\/hematologia\/temas_relacionados\/Altera%C3%A7%C3%B5es_hematol%C3%B3gicas_induzidas_por_medicamentos_anti-hipertensivos%20-%20Marina%20Ventura.pdf\"><em><strong>ALTERA\u00c7\u00d5ES HEMATOL\u00d3GICAS INDUZIDAS POR MEDICAMENTOS ANTI-HIPERTENSIVOS<\/strong><\/em><\/a><\/h4>\n<\/li>\n<li>\n<h4><a href=\"https:\/\/www.ciencianews.com.br\/arquivos\/ACET\/IMAGENS\/biblioteca-digital\/hematologia\/temas_relacionados\/CONTROLE%20INTERNO%20DA%20QUALIDADE%20NO%20HEMOGRAMA%20%20-%20Meice%20Alexandre%20Mantovani.pdf\"><em><strong>CONTROLE INTERNO DA QUALIDADE NO HEMOGRAMA<\/strong><\/em><\/a><\/h4>\n<\/li>\n<li>\n<h4><a href=\"https:\/\/www.ciencianews.com.br\/arquivos\/ACET\/IMAGENS\/biblioteca-digital\/hematologia\/temas_relacionados\/21_Giovanna%20Catal%C3%A3o.pdf\"><em><strong>A IMPORT\u00c2NCIA DO RDW NO PROGN\u00d3STICO DE DIST\u00daRBIOS HEMATOL\u00d3GICOS<\/strong><\/em><\/a><\/h4>\n<\/li>\n<li>\n<h4><a href=\"https:\/\/ciencianews.com.br\/arquivos\/ACET\/IMAGENS\/biblioteca-digital\/hematologia\/temas_relacionados\/2026_INTERPRETACAO_DE_HISTOGRAMAS_NO_HEMOGRAMA_AUTOMATIZADO.pdf\" target=\"_blank\" rel=\"noopener\"><em><strong>INTERPRETA\u00c7\u00c3O DE HISTOGRAMAS NO HEMOGRAMA AUTOMATIZADO: AN\u00c1LISE E DISCUSS\u00c3O DOS PAR\u00c2METROS HEMATOL\u00d3GICOS<\/strong><\/em><\/a><\/h4>\n<\/li>\n<\/ol>\n<\/li>\n<\/ol>\n<div style=\"text-align: center;\">\n<p>[ezcol_1third]<br \/>\n<a href=\"http:\/\/www.ciencianews.com.br\/index.php\/home\/biblioteca_digital\/biblioteca-digital-hematologia\/biblioteca-digital-hematologia-temas-relacionados-com-o-hemograma\/\"> <img loading=\"lazy\" decoding=\"async\" class=\"alignnone size-thumbnail wp-image-4997\" src=\"http:\/\/www.ciencianews.com.br\/wp-content\/uploads\/2019\/08\/voltar-150x150.png\" alt=\"voltar\" width=\"70\" height=\"70\" srcset=\"https:\/\/www.ciencianews.com.br\/wp-content\/uploads\/2019\/08\/voltar-150x150.png 150w, https:\/\/www.ciencianews.com.br\/wp-content\/uploads\/2019\/08\/voltar-250x250.png 250w, https:\/\/www.ciencianews.com.br\/wp-content\/uploads\/2019\/08\/voltar.png 256w\" sizes=\"auto, (max-width: 70px) 100vw, 70px\" \/> <\/a><\/p>\n<div style=\"color: #000000; text-align: center; font-size: 15px; font-weight: bold;\"><a href=\"http:\/\/www.ciencianews.com.br\/index.php\/home\/biblioteca_digital\/biblioteca-digital-hematologia\/biblioteca-digital-hematologia-temas-relacionados-com-o-hemograma\/\">Voltar<\/a><\/div>\n<p>[\/ezcol_1third]<br \/>\n[ezcol_1third]<br \/>\n<a href=\"http:\/\/www.ciencianews.com.br\/index.php\/home\/biblioteca_digital\/\"> <img loading=\"lazy\" decoding=\"async\" class=\"alignnone size-thumbnail wp-image-4996\" src=\"http:\/\/www.ciencianews.com.br\/wp-content\/uploads\/2019\/08\/home-150x150.jpg\" alt=\"home\" width=\"70\" height=\"70\" srcset=\"https:\/\/www.ciencianews.com.br\/wp-content\/uploads\/2019\/08\/home-150x150.jpg 150w, https:\/\/www.ciencianews.com.br\/wp-content\/uploads\/2019\/08\/home.jpg 225w\" sizes=\"auto, (max-width: 70px) 100vw, 70px\" \/> <\/a><\/p>\n<div style=\"color: #000000; text-align: center; font-size: 15px; font-weight: bold;\"><a href=\"http:\/\/www.ciencianews.com.br\/index.php\/home\/biblioteca_digital\/\">Biblioteca Digital<\/a><\/div>\n<p>[\/ezcol_1third]<br \/>\n[ezcol_1third_end]<br \/>\n<a href=\"http:\/\/www.ciencianews.com.br\/index.php\/home\/biblioteca_digital\/biblioteca-digital-hematologia\/bilioteca-digital-hemocromatose\/\"> <img loading=\"lazy\" decoding=\"async\" class=\"alignnone size-thumbnail wp-image-4995\" src=\"http:\/\/www.ciencianews.com.br\/wp-content\/uploads\/2019\/08\/avancar-150x150.png\" alt=\"avancar\" width=\"70\" height=\"70\" srcset=\"https:\/\/www.ciencianews.com.br\/wp-content\/uploads\/2019\/08\/avancar-150x150.png 150w, https:\/\/www.ciencianews.com.br\/wp-content\/uploads\/2019\/08\/avancar-250x250.png 250w, https:\/\/www.ciencianews.com.br\/wp-content\/uploads\/2019\/08\/avancar.png 256w\" sizes=\"auto, (max-width: 70px) 100vw, 70px\" \/> <\/a><\/p>\n<div style=\"color: #000000; text-align: center; font-size: 15px; font-weight: bold;\"><a href=\"http:\/\/www.ciencianews.com.br\/index.php\/home\/biblioteca_digital\/biblioteca-digital-hematologia\/bilioteca-digital-hemocromatose\/\">Pr\u00f3ximo T\u00f3pico: &#8220;HEMOCROMATOSE&#8221;<\/a><\/div>\n<p>[\/ezcol_1third_end]<\/p>\n<\/div>\n","protected":false},"excerpt":{"rendered":"<p>ARTIGOS Escolha o tema de sua prefer\u00eancia: A IMPORT\u00c2NCIA DO EXAME HEMOGRAMA COMPLETO PARA O DIAGN\u00d3STICO DE DOEN\u00c7AS HEMATOL\u00d3GICAS METAEMOGLOBINA RELACIONADA A SA\u00daDE OCUPACIONAL ALTERA\u00c7\u00d5ES HEMATOL\u00d3GICAS EM PACIENTES PORTADORES DO V\u00cdRUS HIV ALTERA\u00c7\u00d5ES HEMATOL\u00d3GICAS NA DOEN\u00c7A DE GAUCHER ALTERA\u00c7\u00d5ES LABORATORIAIS [&hellip;]<\/p>\n","protected":false},"author":1,"featured_media":0,"parent":5488,"menu_order":0,"comment_status":"closed","ping_status":"closed","template":"","meta":{"_uag_custom_page_level_css":"","_joinchat":[],"footnotes":""},"class_list":["post-5494","page","type-page","status-publish","hentry"],"uagb_featured_image_src":{"full":false,"thumbnail":false,"medium":false,"medium_large":false,"large":false,"1536x1536":false,"2048x2048":false,"post-thumbnail":false,"business-hub-blog":false,"business-hub-work":false},"uagb_author_info":{"display_name":"real","author_link":"https:\/\/www.ciencianews.com.br\/index.php\/author\/real\/"},"uagb_comment_info":0,"uagb_excerpt":"ARTIGOS Escolha o tema de sua prefer\u00eancia: A IMPORT\u00c2NCIA DO EXAME HEMOGRAMA COMPLETO PARA O DIAGN\u00d3STICO DE DOEN\u00c7AS HEMATOL\u00d3GICAS METAEMOGLOBINA RELACIONADA A SA\u00daDE OCUPACIONAL ALTERA\u00c7\u00d5ES HEMATOL\u00d3GICAS EM PACIENTES PORTADORES DO V\u00cdRUS HIV ALTERA\u00c7\u00d5ES HEMATOL\u00d3GICAS NA DOEN\u00c7A DE GAUCHER ALTERA\u00c7\u00d5ES LABORATORIAIS [&hellip;]","_links":{"self":[{"href":"https:\/\/www.ciencianews.com.br\/index.php\/wp-json\/wp\/v2\/pages\/5494","targetHints":{"allow":["GET"]}}],"collection":[{"href":"https:\/\/www.ciencianews.com.br\/index.php\/wp-json\/wp\/v2\/pages"}],"about":[{"href":"https:\/\/www.ciencianews.com.br\/index.php\/wp-json\/wp\/v2\/types\/page"}],"author":[{"embeddable":true,"href":"https:\/\/www.ciencianews.com.br\/index.php\/wp-json\/wp\/v2\/users\/1"}],"replies":[{"embeddable":true,"href":"https:\/\/www.ciencianews.com.br\/index.php\/wp-json\/wp\/v2\/comments?post=5494"}],"version-history":[{"count":11,"href":"https:\/\/www.ciencianews.com.br\/index.php\/wp-json\/wp\/v2\/pages\/5494\/revisions"}],"predecessor-version":[{"id":8090,"href":"https:\/\/www.ciencianews.com.br\/index.php\/wp-json\/wp\/v2\/pages\/5494\/revisions\/8090"}],"up":[{"embeddable":true,"href":"https:\/\/www.ciencianews.com.br\/index.php\/wp-json\/wp\/v2\/pages\/5488"}],"wp:attachment":[{"href":"https:\/\/www.ciencianews.com.br\/index.php\/wp-json\/wp\/v2\/media?parent=5494"}],"curies":[{"name":"wp","href":"https:\/\/api.w.org\/{rel}","templated":true}]}}