{"id":5510,"date":"2019-09-16T18:02:04","date_gmt":"2019-09-16T18:02:04","guid":{"rendered":"http:\/\/www.ciencianews.com.br\/?page_id=5510"},"modified":"2024-07-18T02:09:43","modified_gmt":"2024-07-18T02:09:43","slug":"artigos-de-hematologia-alteracoes-de-plaquetas","status":"publish","type":"page","link":"https:\/\/www.ciencianews.com.br\/index.php\/home\/biblioteca_digital\/biblioteca-digital-hematologia\/biblioteca-digital-hematologia-plaquetas-e-coagulopatias\/biblioteca-digital-hematologia-alteracoes-de-plaquetas\/artigos-de-hematologia-alteracoes-de-plaquetas\/","title":{"rendered":"ARTIGOS DE HEMATOLOGIA \u2013 Altera\u00e7\u00f5es de plaquetas"},"content":{"rendered":"\n<h1 class=\"wp-block-heading\"><strong>ARTIGOS<\/strong><\/h1>\n\n\n\n<p><strong>Escolha o tema de sua prefer\u00eancia:<\/strong><\/p>\n\n\n\n<ol class=\"wp-block-list\"><li><strong><a rel=\"noreferrer noopener\" href=\"http:\/\/www.ciencianews.com.br\/arquivos\/ACET\/IMAGENS\/biblioteca-digital\/hematologia\/plaquetas_coagulopatias\/alteracao_plaquetas\/1.pdf\" target=\"_blank\">PSEUDOTROMBOCITOPENIAS, SOLU\u00c7\u00d5ES PR\u00c1TICAS<\/a><\/strong><\/li><li><strong><a rel=\"noreferrer noopener\" href=\"http:\/\/www.ciencianews.com.br\/arquivos\/ACET\/IMAGENS\/biblioteca-digital\/hematologia\/plaquetas_coagulopatias\/alteracao_plaquetas\/2.pdf\" target=\"_blank\">P\u00daRPURA TROMBOCITOP\u00caNICA TROMB\u00d3TICA<\/a><\/strong><\/li><li><strong><a rel=\"noreferrer noopener\" href=\"http:\/\/www.ciencianews.com.br\/arquivos\/ACET\/IMAGENS\/biblioteca-digital\/hematologia\/plaquetas_coagulopatias\/alteracao_plaquetas\/3.pdf\" target=\"_blank\">USO DE ANTICOAGULANTES ESPEC\u00cdFICOS PARA CORRE\u00c7\u00c3O DE PSEUDOTROMBOCITOPENIAS<\/a><\/strong><\/li><li><strong><a rel=\"noreferrer noopener\" href=\"http:\/\/www.ciencianews.com.br\/arquivos\/ACET\/IMAGENS\/biblioteca-digital\/hematologia\/plaquetas_coagulopatias\/alteracao_plaquetas\/4.pdf\" target=\"_blank\">A A\u00c7\u00c3O PLAQUET\u00c1RIA NA RESPOSTA IMUNOL\u00d3GICA E SEU ENVOLVIMENTO EM MECANISMOS INFLAMAT\u00d3RIOS CR\u00d4NICOS<\/a><\/strong><\/li><li><strong><a rel=\"noreferrer noopener\" href=\"http:\/\/www.ciencianews.com.br\/arquivos\/ACET\/IMAGENS\/biblioteca-digital\/hematologia\/plaquetas_coagulopatias\/alteracao_plaquetas\/5.pdf\" target=\"_blank\">A IMPORT\u00c2NCIA DA INVESTIGA\u00c7\u00c3O DE PLAQUETOPENIAS POR MICROSCOPIA \u00d3PTICA<\/a><\/strong><\/li><li><strong><a rel=\"noreferrer noopener\" href=\"http:\/\/www.ciencianews.com.br\/arquivos\/ACET\/IMAGENS\/biblioteca-digital\/hematologia\/plaquetas_coagulopatias\/alteracao_plaquetas\/6.pdf\" target=\"_blank\">PRINCIPAIS CAUSAS DE ALTERA\u00c7\u00d5ES QUANTITATIVAS DAS PLAQUETAS<\/a><\/strong><\/li><li><strong><a rel=\"noreferrer noopener\" href=\"http:\/\/www.ciencianews.com.br\/arquivos\/ACET\/IMAGENS\/biblioteca-digital\/hematologia\/plaquetas_coagulopatias\/alteracao_plaquetas\/7.pdf\" target=\"_blank\">P\u00daRPURA TROMBOCITOP\u00caNICA IDIOP\u00c1TICA NA POPULA\u00c7\u00c3O ADULTA<\/a><\/strong><\/li><li><strong><a rel=\"noreferrer noopener\" href=\"http:\/\/www.ciencianews.com.br\/arquivos\/ACET\/IMAGENS\/biblioteca-digital\/hematologia\/plaquetas_coagulopatias\/alteracao_plaquetas\/8.pdf\" target=\"_blank\">ALTERA\u00c7\u00d5ES QUANTITATIVAS PLAQUET\u00c1RIA: REVIS\u00c3O DA LITERATURA<\/a><\/strong><\/li><li><strong><a rel=\"noreferrer noopener\" href=\"http:\/\/www.ciencianews.com.br\/arquivos\/ACET\/IMAGENS\/biblioteca-digital\/hematologia\/plaquetas_coagulopatias\/alteracao_plaquetas\/9.pdf\" target=\"_blank\">T\u00c9CNICAS LABORATORIAIS PARA EVITAR O FEN\u00d4MENO DE PSEUDOTROMBOCITOPENIA<\/a><\/strong><\/li><li><strong><a rel=\"noreferrer noopener\" href=\"http:\/\/www.ciencianews.com.br\/arquivos\/ACET\/IMAGENS\/biblioteca-digital\/hematologia\/plaquetas_coagulopatias\/alteracao_plaquetas\/10.pdf\" target=\"_blank\">FUN\u00c7\u00c3O CL\u00c1SSICA DAS PLAQUETAS NA HEMOSTASIA E SUA PARTICIPA\u00c7\u00c3O EM PROCESSOS DIN\u00c2MICOS DO ORGANISMO<\/a><\/strong><\/li><li><strong><a rel=\"noreferrer noopener\" href=\"http:\/\/www.ciencianews.com.br\/arquivos\/ACET\/IMAGENS\/biblioteca-digital\/hematologia\/plaquetas_coagulopatias\/alteracao_plaquetas\/11.pdf\" target=\"_blank\">CARACTER\u00cdSTICAS LABORATORIAIS DA P\u00daRPURA TROMBOCITOP\u00caNICA IMUNOL\u00d3GICA: UMA BREVE REVIS\u00c3O<\/a><\/strong><\/li><li><strong><a rel=\"noreferrer noopener\" href=\"http:\/\/www.ciencianews.com.br\/arquivos\/ACET\/IMAGENS\/biblioteca-digital\/hematologia\/plaquetas_coagulopatias\/alteracao_plaquetas\/12.pdf\" target=\"_blank\">P\u00daRPURA TROMBOCITOP\u00caNICA TROMB\u00d3TICA: UMA REVIS\u00c3O DA LITERATURA<\/a><\/strong><\/li><li><strong><a rel=\"noreferrer noopener\" href=\"http:\/\/www.ciencianews.com.br\/arquivos\/ACET\/IMAGENS\/biblioteca-digital\/hematologia\/plaquetas_coagulopatias\/alteracao_plaquetas\/13.pdf\" target=\"_blank\">PURPURA TROMBOCITOP\u00caNICA NA GRAVIDEZ<\/a><\/strong><\/li><li><strong><a rel=\"noreferrer noopener\" href=\"http:\/\/www.ciencianews.com.br\/arquivos\/ACET\/IMAGENS\/biblioteca-digital\/hematologia\/plaquetas_coagulopatias\/alteracao_plaquetas\/14.pdf\" target=\"_blank\">PSEUDOTROMBOCITOPENIA<\/a><\/strong><\/li><li><strong><a rel=\"noreferrer noopener\" href=\"http:\/\/www.ciencianews.com.br\/arquivos\/ACET\/IMAGENS\/biblioteca-digital\/hematologia\/plaquetas_coagulopatias\/alteracao_plaquetas\/15.pdf\" target=\"_blank\">TROMBOCITOPENIA INDUZIDA POR HEPARINA<\/a><\/strong><\/li><li><strong><a rel=\"noreferrer noopener\" href=\"http:\/\/www.ciencianews.com.br\/arquivos\/ACET\/IMAGENS\/biblioteca-digital\/hematologia\/plaquetas_coagulopatias\/alteracao_plaquetas\/16.pdf\" target=\"_blank\">PSEUDOPLAQUETOPENIA NA PRESEN\u00c7A DO ANTICOAGULANTE EDTA \u2013 TRABALHO DE CONCLUS\u00c3O DO CURSO DE HEMATOLOGIA CL\u00cdNICA E LABORATORIAL<\/a><\/strong><\/li><li><strong><a rel=\"noreferrer noopener\" href=\"http:\/\/www.ciencianews.com.br\/arquivos\/ACET\/IMAGENS\/biblioteca-digital\/hematologia\/plaquetas_coagulopatias\/alteracao_plaquetas\/17.pdf\" target=\"_blank\">P\u00daRPURA TROMBOCITOP\u00caNICA IMUNOL\u00d3GICA<\/a><\/strong><\/li><li><strong><a rel=\"noreferrer noopener\" href=\"http:\/\/www.ciencianews.com.br\/arquivos\/ACET\/IMAGENS\/biblioteca-digital\/hematologia\/plaquetas_coagulopatias\/alteracao_plaquetas\/18.pdf\" target=\"_blank\">AVALIA\u00c7\u00c3O DA EVOLU\u00c7\u00c3O E DO TRATAMENTO DATROMBOCITOPENIA IMUNE CR\u00d4NICAEM 10 ANOS NO CENTRO INFANTIL BOLDRINI &#8211; ESTUDO RETROSPECTIVO<\/a><\/strong><\/li><li><strong><a rel=\"noreferrer noopener\" href=\"http:\/\/www.ciencianews.com.br\/arquivos\/ACET\/IMAGENS\/biblioteca-digital\/hematologia\/plaquetas_coagulopatias\/alteracao_plaquetas\/19.pdf\" target=\"_blank\">USO LABORATORIAL DO TESTE DE AGREGA\u00c7\u00c3O PLAQUET\u00c1RIA<\/a><\/strong><\/li><li><strong><a rel=\"noreferrer noopener\" href=\"http:\/\/www.ciencianews.com.br\/arquivos\/ACET\/IMAGENS\/biblioteca-digital\/hematologia\/plaquetas_coagulopatias\/alteracao_plaquetas\/20.pdf\" target=\"_blank\">IMPORT\u00c2NCIA DO M\u00c9TODO DE PLAQUETA FLUROESCENTE EM PACIENTES COM ESQUIZ\u00d3CITOS E MICR\u00d3CITOS<\/a><\/strong><\/li><li><strong><a rel=\"noreferrer noopener\" href=\"http:\/\/www.ciencianews.com.br\/arquivos\/ACET\/IMAGENS\/biblioteca-digital\/hematologia\/plaquetas_coagulopatias\/alteracao_plaquetas\/21.pdf\" target=\"_blank\">TROMBOCITEMIA ESSENCIAL: APRESENTA\u00c7\u00c3O DE UM CASO CL\u00cdNICO<\/a><\/strong><\/li><li><strong><a rel=\"noreferrer noopener\" href=\"http:\/\/www.ciencianews.com.br\/arquivos\/ACET\/IMAGENS\/biblioteca-digital\/hematologia\/plaquetas_coagulopatias\/alteracao_plaquetas\/22.pdf\" target=\"_blank\">ESFREGA\u00c7O S ANGU\u00cdNEO X ANTICOAG ULANTES : RELEV\u00c2NCIAS NA PSEUDOPLAQUETOPENIA<\/a><\/strong><\/li><li><strong><a rel=\"noreferrer noopener\" href=\"http:\/\/www.ciencianews.com.br\/arquivos\/ACET\/IMAGENS\/biblioteca-digital\/hematologia\/plaquetas_coagulopatias\/alteracao_plaquetas\/23.pdf\" target=\"_blank\">P\u00daRPURA TROMBOCITOP\u00caNICA IDIOP\u00c1TICA<\/a><\/strong><\/li><li><strong><a rel=\"noreferrer noopener\" href=\"http:\/\/www.ciencianews.com.br\/arquivos\/ACET\/IMAGENS\/biblioteca-digital\/hematologia\/plaquetas_coagulopatias\/alteracao_plaquetas\/24.pdf\" target=\"_blank\">O MANEJO DA REFRATARIEDADE PLAQUET\u00c1RIA<\/a><\/strong><\/li><li><strong><a rel=\"noreferrer noopener\" href=\"http:\/\/www.ciencianews.com.br\/arquivos\/ACET\/IMAGENS\/biblioteca-digital\/hematologia\/plaquetas_coagulopatias\/alteracao_plaquetas\/25.pdf\" target=\"_blank\">\u00cdNDICES PLAQUET\u00c1RIOS ALIADOS NA PLAQUETOMETRIA<\/a><\/strong><\/li><li><strong><a rel=\"noreferrer noopener\" href=\"http:\/\/www.ciencianews.com.br\/arquivos\/ACET\/IMAGENS\/biblioteca-digital\/hematologia\/plaquetas_coagulopatias\/alteracao_plaquetas\/26.pdf\" target=\"_blank\">O MANEJO DA REFRATARIEDADE PLAQUET\u00c1RIA<\/a><\/strong><\/li><li><strong><a rel=\"noreferrer noopener\" href=\"http:\/\/www.ciencianews.com.br\/arquivos\/ACET\/IMAGENS\/biblioteca-digital\/hematologia\/plaquetas_coagulopatias\/alteracao_plaquetas\/27.pdf\" target=\"_blank\">VOLUME PLAQUET\u00c1RIO M\u00c9DIO E SUA RELA\u00c7\u00c3O COM DOEN\u00c7A ARTERIAL CORONARIANA<\/a><\/strong><\/li><li><strong><a rel=\"noreferrer noopener\" href=\"http:\/\/www.ciencianews.com.br\/arquivos\/ACET\/IMAGENS\/biblioteca-digital\/hematologia\/plaquetas_coagulopatias\/alteracao_plaquetas\/28.pdf\" target=\"_blank\">SARS-COV-2, UM BREVE RESUMO SOBRE ALTERA\u00c7\u00d5ES PLAQUET\u00c1RIAS<\/a><\/strong><\/li><li><strong><a rel=\"noreferrer noopener\" href=\"http:\/\/www.ciencianews.com.br\/arquivos\/ACET\/IMAGENS\/biblioteca-digital\/hematologia\/plaquetas_coagulopatias\/alteracao_plaquetas\/29.pdf\" target=\"_blank\">TROMBOCITEMIA ESSENCIAL<\/a><\/strong><\/li><li><strong><a rel=\"noreferrer noopener\" href=\"http:\/\/www.ciencianews.com.br\/arquivos\/ACET\/IMAGENS\/biblioteca-digital\/hematologia\/plaquetas_coagulopatias\/alteracao_plaquetas\/30.pdf\" target=\"_blank\">P\u00daRPURA TROMBOCITOP\u00caNICA IDIOP\u00c1TICA<\/a><\/strong><\/li><li><strong><a rel=\"noreferrer noopener\" href=\"http:\/\/www.ciencianews.com.br\/arquivos\/ACET\/IMAGENS\/biblioteca-digital\/hematologia\/plaquetas_coagulopatias\/alteracao_plaquetas\/31.pdf\" target=\"_blank\">TROMBOCITEMIA INDUZIDA POR HEPARINA<\/a><\/strong><\/li><li><strong><a rel=\"noreferrer noopener\" href=\"http:\/\/www.ciencianews.com.br\/arquivos\/ACET\/IMAGENS\/biblioteca-digital\/hematologia\/plaquetas_coagulopatias\/alteracao_plaquetas\/TCC Ricardo Galletto \u2013 Hematologia \u2013 Plaquetas e coagulopatias \u2013 altera\u00e7\u00f5es de plaquetas.pdf\" target=\"_blank\">ALTERA\u00c7\u00d5ES PLAQUET\u00c1RIAS ASSOCIADAS \u00c0 COVID-19<\/a><\/strong><\/li><li><strong><a rel=\"noreferrer noopener\" href=\"https:\/\/www.ciencianews.com.br\/arquivos\/ACET\/IMAGENS\/biblioteca-digital\/hematologia\/plaquetas_coagulopatias\/alteracao_plaquetas\/DIAGN%C3%93STICOS%20REALIZADOS%20POR%20MEIO%20DE%20ESTUDOS%20PLAQUET%C3%81RIOS%20-%20Ranyele%20C.%20Nascimento%20Lopes.pdf\" target=\"_blank\">DIAGN\u00d3STICOS REALIZADOS POR MEIO DE ESTUDOS PLAQUET\u00c1RIOS<\/a><\/strong><\/li><li><strong><a rel=\"noreferrer noopener\" href=\"https:\/\/www.ciencianews.com.br\/arquivos\/ACET\/IMAGENS\/biblioteca-digital\/hematologia\/plaquetas_coagulopatias\/alteracao_plaquetas\/Mecanismo%20de%20a%C3%A7%C3%A3o%20dos%20principais%20medicamentos%20inibidores%20da%20coagula%C3%A7%C3%A3o-Isabella%20de%20Souza%20Mota.pdf\" target=\"_blank\">MECANISMO DE A\u00c7\u00c3O DOS PRINCIPAIS MEDICAMENTOS INIBIDORES DA COAGULA\u00c7\u00c3O<\/a><\/strong><\/li><li><strong><a rel=\"noreferrer noopener\" href=\"https:\/\/www.ciencianews.com.br\/arquivos\/ACET\/IMAGENS\/biblioteca-digital\/hematologia\/plaquetas_coagulopatias\/alteracao_plaquetas\/PLAQUETAS_FUN%C3%87%C3%95ES_NA_HEMOSTASIA_E_DISTUBIOS_RELACIONADOS_A_SINDROMES_E_PATOLOGIAS%20-%20Rejhayne%20Phabyellen%20Oliveira%20Borges.pdf\" target=\"_blank\">PLAQUETAS: FUN\u00c7\u00d5ES NA HEMOSTASIA E DISTUBIOS RELACIONADOS A SINDROMES E PATOLOGIAS<\/a><\/strong><\/li><li><strong><a rel=\"noreferrer noopener\" href=\"https:\/\/www.ciencianews.com.br\/arquivos\/ACET\/IMAGENS\/biblioteca-digital\/hematologia\/plaquetas_coagulopatias\/alteracao_plaquetas\/A_P%C3%BArpura_trombocitop%C3%AAnica_tromb%C3%B3tica%20-%20Lindinalva%20de%20Freitas%20Lima.pdf\" target=\"_blank\">P\u00daRPURA TROMBICITOP\u00caNICA TROMB\u00d3TICA<\/a><\/strong> <\/li><li><a href=\"https:\/\/ciencianews.com.br\/arquivos\/ACET\/IMAGENS\/biblioteca-digital\/hematologia\/plaquetas_coagulopatias\/alteracao_plaquetas\/Doen%C3%A7a%20de%20Alzheimer%20(da)%20e%20sua%20associa%C3%A7%C3%A3o%20com%20o%20pept%C3%ADdeo%20%CE%B2%20amil%C3%B3ide%20(%CE%B2a)%20liberado%20pelas%20plaquetas%20-%20Amanda%20Caroline%20Silva%20Chaves.pdf\"><strong>DOEN\u00c7A DE ALZHEIMER E SUA ASSOCIA\u00c7\u00c3O COM O PEPT\u00cdDEO \u03b2 AMIL\u00d3IDE LIBERADO PELAS PLAQUETAS<\/strong><\/a><\/li><li><a href=\"https:\/\/ciencianews.com.br\/arquivos\/ACET\/IMAGENS\/biblioteca-digital\/hematologia\/plaquetas_coagulopatias\/alteracao_plaquetas\/Hiper-reatividade%20plaquet%C3%A1ria%20na%20COVID-19%20Mecanismos%20e%20Implica%C3%A7%C3%B5es%20Cl%C3%ADnica%20-%20Igor%20Rocha%20de%20Souza.pdf\"><strong>HIPER-REATIVIDADE PLAQUET\u00c1RIA NA COVID-19 &#8211; MECANISMOS E IMPLICA\u00c7\u00d5ES CL\u00cdNICAS<\/strong><\/a><\/li><\/ol>\n\n\n\n<div class=\"wp-block-columns is-layout-flex wp-container-core-columns-is-layout-9d6595d7 wp-block-columns-is-layout-flex\">\n<div class=\"wp-block-column is-layout-flow wp-block-column-is-layout-flow\">\n<div class=\"wp-block-image\"><figure class=\"aligncenter size-large is-resized\"><img loading=\"lazy\" decoding=\"async\" src=\"http:\/\/www.ciencianews.com.br\/wp-content\/uploads\/2019\/08\/voltar-150x150.png\" alt=\"\" width=\"70\" height=\"70\"\/><figcaption><a href=\"http:\/\/www.ciencianews.com.br\/index.php\/home\/biblioteca_digital\/biblioteca-digital-hematologia\/biblioteca-digital-hematologia-plaquetas-e-coagulopatias\/biblioteca-digital-hematologia-alteracoes-de-plaquetas\/\"><strong>Voltar<\/strong><\/a><\/figcaption><\/figure><\/div>\n<\/div>\n\n\n\n<div class=\"wp-block-column is-layout-flow wp-block-column-is-layout-flow\">\n<div class=\"wp-block-image\"><figure class=\"aligncenter size-large is-resized\"><img loading=\"lazy\" decoding=\"async\" src=\"http:\/\/www.ciencianews.com.br\/wp-content\/uploads\/2019\/08\/home-150x150.jpg\" alt=\"\" width=\"70\" height=\"70\"\/><figcaption><a href=\"http:\/\/www.ciencianews.com.br\/index.php\/home\/biblioteca_digital\/\"><strong>Biblioteca Digital<\/strong><\/a><\/figcaption><\/figure><\/div>\n<\/div>\n\n\n\n<div class=\"wp-block-column is-layout-flow wp-block-column-is-layout-flow\">\n<div class=\"wp-block-image\"><figure class=\"aligncenter size-large is-resized\"><img loading=\"lazy\" decoding=\"async\" src=\"https:\/\/www.ciencianews.com.br\/wp-content\/uploads\/2019\/08\/avancar-150x150.png\" alt=\"\" width=\"70\" height=\"70\"\/><figcaption><a href=\"http:\/\/www.ciencianews.com.br\/index.php\/home\/biblioteca_digital\/biblioteca-digital-hematologia\/biblioteca-digital-hematologia-plaquetas-e-coagulopatias\/biblioteca-digital-hematologia-coagulopatias\/\"><strong>Pr\u00f3ximo T\u00f3pico: &#8220;HEMATOLOGIA \u2013 Coagulopatias&#8221;<\/strong><\/a><\/figcaption><\/figure><\/div>\n<\/div>\n<\/div>\n","protected":false},"excerpt":{"rendered":"<p>ARTIGOS Escolha o tema de sua prefer\u00eancia: PSEUDOTROMBOCITOPENIAS, SOLU\u00c7\u00d5ES PR\u00c1TICAS P\u00daRPURA TROMBOCITOP\u00caNICA TROMB\u00d3TICA USO DE ANTICOAGULANTES ESPEC\u00cdFICOS PARA CORRE\u00c7\u00c3O DE PSEUDOTROMBOCITOPENIAS A A\u00c7\u00c3O PLAQUET\u00c1RIA NA RESPOSTA IMUNOL\u00d3GICA E SEU ENVOLVIMENTO EM MECANISMOS INFLAMAT\u00d3RIOS CR\u00d4NICOS A IMPORT\u00c2NCIA DA INVESTIGA\u00c7\u00c3O DE PLAQUETOPENIAS [&hellip;]<\/p>\n","protected":false},"author":1,"featured_media":0,"parent":5504,"menu_order":0,"comment_status":"closed","ping_status":"closed","template":"","meta":{"_uag_custom_page_level_css":"","_joinchat":[],"footnotes":""},"class_list":["post-5510","page","type-page","status-publish","hentry"],"uagb_featured_image_src":{"full":false,"thumbnail":false,"medium":false,"medium_large":false,"large":false,"1536x1536":false,"2048x2048":false,"post-thumbnail":false,"business-hub-blog":false,"business-hub-work":false},"uagb_author_info":{"display_name":"real","author_link":"https:\/\/www.ciencianews.com.br\/index.php\/author\/real\/"},"uagb_comment_info":0,"uagb_excerpt":"ARTIGOS Escolha o tema de sua prefer\u00eancia: PSEUDOTROMBOCITOPENIAS, SOLU\u00c7\u00d5ES PR\u00c1TICAS P\u00daRPURA TROMBOCITOP\u00caNICA TROMB\u00d3TICA USO DE ANTICOAGULANTES ESPEC\u00cdFICOS PARA CORRE\u00c7\u00c3O DE PSEUDOTROMBOCITOPENIAS A A\u00c7\u00c3O PLAQUET\u00c1RIA NA RESPOSTA IMUNOL\u00d3GICA E SEU ENVOLVIMENTO EM MECANISMOS INFLAMAT\u00d3RIOS CR\u00d4NICOS A IMPORT\u00c2NCIA DA INVESTIGA\u00c7\u00c3O DE PLAQUETOPENIAS [&hellip;]","_links":{"self":[{"href":"https:\/\/www.ciencianews.com.br\/index.php\/wp-json\/wp\/v2\/pages\/5510","targetHints":{"allow":["GET"]}}],"collection":[{"href":"https:\/\/www.ciencianews.com.br\/index.php\/wp-json\/wp\/v2\/pages"}],"about":[{"href":"https:\/\/www.ciencianews.com.br\/index.php\/wp-json\/wp\/v2\/types\/page"}],"author":[{"embeddable":true,"href":"https:\/\/www.ciencianews.com.br\/index.php\/wp-json\/wp\/v2\/users\/1"}],"replies":[{"embeddable":true,"href":"https:\/\/www.ciencianews.com.br\/index.php\/wp-json\/wp\/v2\/comments?post=5510"}],"version-history":[{"count":18,"href":"https:\/\/www.ciencianews.com.br\/index.php\/wp-json\/wp\/v2\/pages\/5510\/revisions"}],"predecessor-version":[{"id":7584,"href":"https:\/\/www.ciencianews.com.br\/index.php\/wp-json\/wp\/v2\/pages\/5510\/revisions\/7584"}],"up":[{"embeddable":true,"href":"https:\/\/www.ciencianews.com.br\/index.php\/wp-json\/wp\/v2\/pages\/5504"}],"wp:attachment":[{"href":"https:\/\/www.ciencianews.com.br\/index.php\/wp-json\/wp\/v2\/media?parent=5510"}],"curies":[{"name":"wp","href":"https:\/\/api.w.org\/{rel}","templated":true}]}}