{"id":5519,"date":"2019-09-16T18:31:37","date_gmt":"2019-09-16T18:31:37","guid":{"rendered":"http:\/\/www.ciencianews.com.br\/?page_id=5519"},"modified":"2026-02-05T14:21:11","modified_gmt":"2026-02-05T14:21:11","slug":"hematologia-coagulopatias","status":"publish","type":"page","link":"https:\/\/www.ciencianews.com.br\/index.php\/home\/biblioteca_digital\/biblioteca-digital-hematologia\/biblioteca-digital-hematologia-plaquetas-e-coagulopatias\/biblioteca-digital-hematologia-coagulopatias\/hematologia-coagulopatias\/","title":{"rendered":"HEMATOLOGIA \u2013 Coagulopatias"},"content":{"rendered":"\n<h1 class=\"wp-block-heading\"><strong>ARTIGOS<\/strong><\/h1>\n\n\n\n<p><strong>Escolha o tema de sua prefer\u00eancia:<\/strong><\/p>\n\n\n\n<ol class=\"wp-block-list\">\n<li><em><strong><a href=\"http:\/\/www.ciencianews.com.br\/arquivos\/ACET\/IMAGENS\/biblioteca-digital\/hematologia\/plaquetas_coagulopatias\/coagulopatias\/1.pdf\" target=\"_blank\" rel=\"noreferrer noopener\">HEMOFILIA \u2013 UMA COAGULOPATIA HEREDIT\u00c1RIA<\/a><\/strong><\/em><\/li>\n\n\n\n<li><em><strong><a href=\"http:\/\/www.ciencianews.com.br\/arquivos\/ACET\/IMAGENS\/biblioteca-digital\/hematologia\/plaquetas_coagulopatias\/coagulopatias\/2.pdf\" target=\"_blank\" rel=\"noreferrer noopener\">PROCESSO FISIOL\u00d3GICO DA COAGULA\u00c7\u00c3O SANGU\u00cdNEA<\/a><\/strong><\/em><\/li>\n\n\n\n<li><em><strong><a href=\"http:\/\/www.ciencianews.com.br\/arquivos\/ACET\/IMAGENS\/biblioteca-digital\/hematologia\/plaquetas_coagulopatias\/coagulopatias\/3.pdf\" target=\"_blank\" rel=\"noreferrer noopener\">A\u00c7\u00c3O DO ANTICOAGULANTE L\u00daPICO NA TROMBOSE VENOSA<br>PROFUNDA<\/a><\/strong><\/em><\/li>\n\n\n\n<li><em><strong><a href=\"http:\/\/www.ciencianews.com.br\/arquivos\/ACET\/IMAGENS\/biblioteca-digital\/hematologia\/plaquetas_coagulopatias\/coagulopatias\/4.pdf\" target=\"_blank\" rel=\"noreferrer noopener\">COAGULA\u00c7\u00c3O INTRAVASCULAR DISSEMINADA<\/a><\/strong><\/em><\/li>\n\n\n\n<li><em><strong><a href=\"http:\/\/www.ciencianews.com.br\/arquivos\/ACET\/IMAGENS\/biblioteca-digital\/hematologia\/plaquetas_coagulopatias\/coagulopatias\/5.pdf\" target=\"_blank\" rel=\"noreferrer noopener\">A INCID\u00caNCIA DE TROMBOEMBOLISMO VENOSO EM NEOPLASIAS HEMATOL\u00d3GICAS: UMA REVIS\u00c3O DA LITERATURA<\/a><\/strong><\/em><\/li>\n\n\n\n<li><em><strong><a href=\"http:\/\/www.ciencianews.com.br\/arquivos\/ACET\/IMAGENS\/biblioteca-digital\/hematologia\/plaquetas_coagulopatias\/coagulopatias\/6.pdf\" target=\"_blank\" rel=\"noreferrer noopener\">COAGULA\u00c7\u00c3O INTRAVASCULAR DISSEMINADA<\/a><\/strong><\/em><\/li>\n\n\n\n<li><em><strong><a href=\"http:\/\/www.ciencianews.com.br\/arquivos\/ACET\/IMAGENS\/biblioteca-digital\/hematologia\/plaquetas_coagulopatias\/coagulopatias\/7.pdf\" target=\"_blank\" rel=\"noreferrer noopener\">COAGULA\u00c7\u00c3O INTRAVASCULAR DISSEMINADA &#8211; DIAGN\u00d3STICO E TRATAMENTO<\/a><\/strong><\/em><\/li>\n\n\n\n<li><em><strong><a href=\"http:\/\/www.ciencianews.com.br\/arquivos\/ACET\/IMAGENS\/biblioteca-digital\/hematologia\/plaquetas_coagulopatias\/coagulopatias\/8.pdf\" target=\"_blank\" rel=\"noreferrer noopener\">O PAPEL DA PROTE\u00cdNA C NA REGULA\u00c7\u00c3O DA HEMOSTASIA<\/a><\/strong><\/em><\/li>\n\n\n\n<li><em><strong><a href=\"http:\/\/www.ciencianews.com.br\/arquivos\/ACET\/IMAGENS\/biblioteca-digital\/hematologia\/plaquetas_coagulopatias\/coagulopatias\/9.pdf\" target=\"_blank\" rel=\"noreferrer noopener\">CASCATA DE COAGULA\u00c7\u00c3O: MODELO BASEADO NO ENDOTELIO VASCULAR E SUPERFICIE CELULAR<\/a><\/strong><\/em><\/li>\n\n\n\n<li><em><strong><a href=\"http:\/\/www.ciencianews.com.br\/arquivos\/ACET\/IMAGENS\/biblioteca-digital\/hematologia\/plaquetas_coagulopatias\/coagulopatias\/10.pdf\" target=\"_blank\" rel=\"noreferrer noopener\">PREVAL\u00caNCIA DO FATOR V DE LEIDEN EM PESSOAS QUE BUSCAM AN\u00c1LISES LABORATORIAIS<\/a><\/strong><\/em><\/li>\n\n\n\n<li><em><strong><a href=\"http:\/\/www.ciencianews.com.br\/arquivos\/ACET\/IMAGENS\/biblioteca-digital\/hematologia\/plaquetas_coagulopatias\/coagulopatias\/11.pdf\" target=\"_blank\" rel=\"noreferrer noopener\">O PAPEL DO LABORAT\u00d3RIO CL\u00cdNICO NAS COAGULOPATIAS<\/a><\/strong><\/em><\/li>\n\n\n\n<li><em><strong><a href=\"http:\/\/www.ciencianews.com.br\/arquivos\/ACET\/IMAGENS\/biblioteca-digital\/hematologia\/plaquetas_coagulopatias\/coagulopatias\/12.pdf\" target=\"_blank\" rel=\"noreferrer noopener\">HEMOSTASIA<\/a><\/strong><\/em><\/li>\n\n\n\n<li><em><strong><a href=\"http:\/\/www.ciencianews.com.br\/arquivos\/ACET\/IMAGENS\/biblioteca-digital\/hematologia\/plaquetas_coagulopatias\/coagulopatias\/13.pdf\" target=\"_blank\" rel=\"noreferrer noopener\">TESTES LABORATORIAIS NO DIAGN\u00d3STICO DA HEMOFILIA A<\/a><\/strong><\/em><\/li>\n\n\n\n<li><em><strong><a href=\"http:\/\/www.ciencianews.com.br\/arquivos\/ACET\/IMAGENS\/biblioteca-digital\/hematologia\/plaquetas_coagulopatias\/coagulopatias\/14.pdf\" target=\"_blank\" rel=\"noreferrer noopener\">HEMOFILIA<\/a><\/strong><\/em><\/li>\n\n\n\n<li><em><strong><a href=\"http:\/\/www.ciencianews.com.br\/arquivos\/ACET\/IMAGENS\/biblioteca-digital\/hematologia\/plaquetas_coagulopatias\/coagulopatias\/15.pdf\" target=\"_blank\" rel=\"noreferrer noopener\">EXAMES LABORATORIAIS DE CONTROLE DA HEMOSTASIA E SUAS ALTERA\u00c7\u00d5ES NAS COAGULOPATIAS<\/a><\/strong><\/em><\/li>\n\n\n\n<li><em><strong><a href=\"http:\/\/www.ciencianews.com.br\/arquivos\/ACET\/IMAGENS\/biblioteca-digital\/hematologia\/plaquetas_coagulopatias\/coagulopatias\/16.pdf\" target=\"_blank\" rel=\"noreferrer noopener\">HEMOFILIA \u2013 UMA COAGULOPATIA HEREDIT\u00c1RIA<\/a><\/strong><\/em><\/li>\n\n\n\n<li><em><strong><a href=\"http:\/\/www.ciencianews.com.br\/arquivos\/ACET\/IMAGENS\/biblioteca-digital\/hematologia\/plaquetas_coagulopatias\/coagulopatias\/17.pdf\" target=\"_blank\" rel=\"noreferrer noopener\">FISIOPATOLOGIA DA HEMOFILIA CL\u00c1SSICA (HA)<\/a><\/strong><\/em><\/li>\n\n\n\n<li><em><strong><a href=\"http:\/\/www.ciencianews.com.br\/arquivos\/ACET\/IMAGENS\/biblioteca-digital\/hematologia\/plaquetas_coagulopatias\/coagulopatias\/18.pdf\" target=\"_blank\" rel=\"noreferrer noopener\">HEMOFILIAS A ADQUIRIDAS OU HEREDIT\u00c1RIAS<\/a><\/strong><\/em><\/li>\n\n\n\n<li><em><strong><a href=\"http:\/\/www.ciencianews.com.br\/arquivos\/ACET\/IMAGENS\/biblioteca-digital\/hematologia\/plaquetas_coagulopatias\/coagulopatias\/19.pdf\" target=\"_blank\" rel=\"noreferrer noopener\">FISIOPATOLOGIA E DIAGN\u00d3STICO DA S\u00cdNDROME DO ANTICORPO ANTIFOSFOL\u00cdPIDE<\/a><\/strong><\/em><\/li>\n\n\n\n<li><em><strong><a href=\"http:\/\/www.ciencianews.com.br\/arquivos\/ACET\/IMAGENS\/biblioteca-digital\/hematologia\/plaquetas_coagulopatias\/coagulopatias\/20.pdf\" target=\"_blank\" rel=\"noreferrer noopener\">DESORDEM DE COAGULA\u00c7\u00c3O: DOEN\u00c7A DE VON WILLEBRAND<\/a><\/strong><\/em><\/li>\n\n\n\n<li><em><strong><a href=\"http:\/\/www.ciencianews.com.br\/arquivos\/ACET\/IMAGENS\/biblioteca-digital\/hematologia\/plaquetas_coagulopatias\/coagulopatias\/21.pdf\" target=\"_blank\" rel=\"noreferrer noopener\">A IMPORT\u00c2NCIA DO DIAGN\u00d3STICO PARA O TRATAMENTO EFICAZ DAS DOEN\u00c7AS PULMONARES CAUSADAS POR FUNGOS<\/a><\/strong><\/em><\/li>\n\n\n\n<li><em><strong><a href=\"http:\/\/www.ciencianews.com.br\/arquivos\/ACET\/IMAGENS\/biblioteca-digital\/hematologia\/plaquetas_coagulopatias\/coagulopatias\/22.pdf\" target=\"_blank\" rel=\"noreferrer noopener\">HEMOSTASIA E SEUS PRINCIPAIS TESTES LABORATORIAIS<\/a><\/strong><\/em><\/li>\n\n\n\n<li><em><strong><a href=\"http:\/\/www.ciencianews.com.br\/arquivos\/ACET\/IMAGENS\/biblioteca-digital\/hematologia\/plaquetas_coagulopatias\/coagulopatias\/23.pdf\" target=\"_blank\" rel=\"noreferrer noopener\">A IMPORT\u00c2NCIA DO TEMPO DE PROTROMBINA NO MONITORAMENTO DE PACIENTES EM USO DE ANTICOAGULANTES ORAIS<\/a><\/strong><\/em><\/li>\n\n\n\n<li><em><strong><a href=\"http:\/\/www.ciencianews.com.br\/arquivos\/ACET\/IMAGENS\/biblioteca-digital\/hematologia\/plaquetas_coagulopatias\/coagulopatias\/24.pdf\" target=\"_blank\" rel=\"noreferrer noopener\">A IMPORT\u00c2NCIA DOS EXAMES HEMATOL\u00d3GICOS NO DIAGN\u00d3STICO DA CIVD AP\u00d3S CHOQUE S\u00c9PTICO<\/a><\/strong><\/em><\/li>\n\n\n\n<li><em><strong><a href=\"http:\/\/www.ciencianews.com.br\/arquivos\/ACET\/IMAGENS\/biblioteca-digital\/hematologia\/plaquetas_coagulopatias\/coagulopatias\/25.pdf\" target=\"_blank\" rel=\"noreferrer noopener\">TROMBOFILIAS HEREDIT\u00c1RIAS E ADQUIRIDAS, E POSS\u00cdVEIS COMPLICA\u00c7\u00d5ES OBST\u00c9TRICAS<\/a><\/strong><\/em><\/li>\n\n\n\n<li><em><strong><a href=\"http:\/\/www.ciencianews.com.br\/arquivos\/ACET\/IMAGENS\/biblioteca-digital\/hematologia\/plaquetas_coagulopatias\/coagulopatias\/26.pdf\" target=\"_blank\" rel=\"noreferrer noopener\">PROCESSO FISIOL\u00d3GICO E AVALIA\u00c7\u00c3O LABORATORIAL DA HEMOSTASIA<\/a><\/strong><\/em><\/li>\n\n\n\n<li><strong><a href=\"http:\/\/www.ciencianews.com.br\/arquivos\/ACET\/IMAGENS\/biblioteca-digital\/hematologia\/plaquetas_coagulopatias\/coagulopatias\/27.pdf\" target=\"_blank\" rel=\"noreferrer noopener\">PROCESSO FISIOL\u00d3GICO E AVALIA\u00c7\u00c3O LABORATORIAL DA HEMOSTASIA<\/a><\/strong><\/li>\n\n\n\n<li><strong><a href=\"http:\/\/www.ciencianews.com.br\/arquivos\/ACET\/IMAGENS\/biblioteca-digital\/hematologia\/plaquetas_coagulopatias\/coagulopatias\/28.pdf\" target=\"_blank\" rel=\"noreferrer noopener\">OFIDISMO E COAGULA\u00c7\u00c3O<\/a><\/strong><\/li>\n\n\n\n<li><strong><a href=\"http:\/\/www.ciencianews.com.br\/arquivos\/ACET\/IMAGENS\/biblioteca-digital\/hematologia\/plaquetas_coagulopatias\/coagulopatias\/29.pdf\" target=\"_blank\" rel=\"noreferrer noopener\">HEMOFILIA &#8211; FISIOPATOLOGIA E DIAGN\u00d3STICO<\/a><\/strong><\/li>\n\n\n\n<li><strong><a href=\"http:\/\/www.ciencianews.com.br\/arquivos\/ACET\/IMAGENS\/biblioteca-digital\/hematologia\/plaquetas_coagulopatias\/coagulopatias\/30.pdf\" target=\"_blank\" rel=\"noreferrer noopener\">TROMBOSE VENOSA PROFUNDA E OS PRINCIPAIS FATORES DE RISCO<\/a><\/strong><\/li>\n\n\n\n<li><strong><a href=\"http:\/\/www.ciencianews.com.br\/arquivos\/ACET\/IMAGENS\/biblioteca-digital\/hematologia\/plaquetas_coagulopatias\/coagulopatias\/31.pdf\" target=\"_blank\" rel=\"noreferrer noopener\">P\u00daRPURA TROMBOCIOP\u00caNICA TROMB\u00d3TICA<\/a><\/strong><\/li>\n\n\n\n<li><strong><a href=\"https:\/\/www.ciencianews.com.br\/arquivos\/ACET\/IMAGENS\/biblioteca-digital\/hematologia\/plaquetas_coagulopatias\/coagulopatias\/Avam%C3%A7os%20diagn%C3%B3sticos%20na%20doen%C3%A7a%20de%20von%20Willebrand-_Juliana%20Eiko%20Outida.pdf\" target=\"_blank\" rel=\"noreferrer noopener\">AVAN\u00c7OS DIAGN\u00d3STICOS NA DOEN\u00c7A DE VON WILLEBRAND<\/a><\/strong><\/li>\n\n\n\n<li><strong><a href=\"https:\/\/www.ciencianews.com.br\/arquivos\/ACET\/IMAGENS\/biblioteca-digital\/hematologia\/plaquetas_coagulopatias\/coagulopatias\/COAGULA%C3%87AO_INTRAVASCULAR_DISSEMINADA_NA_GRAVIDEZ_%E2%80%93_CONSIDERA%C3%87OES,_DIAGN%C3%93STICO_E_TRATAMENTO%20-%20Miriam%20Cristina%20Gon%C3%A7alves.pdf\" target=\"_blank\" rel=\"noreferrer noopener\">COAGULA\u00c7AO INTRAVASCULAR DISSEMINADA NA GRAVIDEZ: CONSIDERA\u00c7OES, DIAGN\u00d3STICO E TRATAMENTO<\/a><\/strong><\/li>\n\n\n\n<li><strong><a href=\"https:\/\/www.ciencianews.com.br\/arquivos\/ACET\/IMAGENS\/biblioteca-digital\/hematologia\/plaquetas_coagulopatias\/coagulopatias\/COAGULOPATIA_NO_PROGN%C3%93STICO_DA_COVID-19%20-%20LARISSA%20GON%C3%87ALVES%20DA%20SILVA%20DOMINGUES.pdf\" target=\"_blank\" rel=\"noreferrer noopener\">COAGULOPATIA NO PROGN\u00d3STICO DA COVID-19<\/a><\/strong><\/li>\n\n\n\n<li><strong><a href=\"https:\/\/www.ciencianews.com.br\/arquivos\/ACET\/IMAGENS\/biblioteca-digital\/hematologia\/plaquetas_coagulopatias\/coagulopatias\/DISTURBIOS_DA_COAGULA%C3%87%C3%83O_NA_LEUCEMIA_PROMIELOC%C3%8DTICA_AGUDA._REVIS%C3%83O_DE_LITERATURA_-_Francielly_Geronimo.pdf\" target=\"_blank\" rel=\"noreferrer noopener\">DISTURBIOS DA COAGULA\u00c7\u00c3O NA LEUCEMIA PROMIELOC\u00cdTICA AGUDA<em>: REVIS\u00c3O DE LITERATURA<\/em><\/a><\/strong><\/li>\n\n\n\n<li><strong><a href=\"https:\/\/www.ciencianews.com.br\/arquivos\/ACET\/IMAGENS\/biblioteca-digital\/hematologia\/plaquetas_coagulopatias\/coagulopatias\/LEUCEMIA%20PROMIELOC%C3%8DTICA%20AGUDA%20ASSOCIADA%20A%20COAGULA%C3%87%C3%83O%20%20-%20Amanda_Ropelato_Silva_Cardoso.pdf\" target=\"_blank\" rel=\"noreferrer noopener\">LEUCEMIA PROMIELOC\u00cdTICA AGUDA ASSOCIADA A COAGULA\u00c7\u00c3O<\/a><\/strong><\/li>\n\n\n\n<li><strong><a href=\"https:\/\/ciencianews.com.br\/arquivos\/ACET\/IMAGENS\/biblioteca-digital\/hematologia\/plaquetas_coagulopatias\/coagulopatias\/Trombofilia%20e%20sua%20rela%C3%A7%C3%A3o%20com%20as%20rea%C3%A7%C3%B5es%20adversas%20causadas%20pela%20vacina%20da%20covid%2019%20-%20%20uma%20revis%C3%A3o%20-%20Camila%20da%20Silva%20Trevenzoli.pdf\" target=\"_blank\" rel=\"noreferrer noopener\">TROMBOFILIA E SUA RELA\u00c7\u00c3O COM AS REA\u00c7\u00d5ES ADVERSAS CAUSADAS PELA VACINA DA COVID-19 &#8211; UMA REVIS\u00c3O<\/a><\/strong><\/li>\n\n\n\n<li><strong><a href=\"https:\/\/ciencianews.com.br\/arquivos\/ACET\/IMAGENS\/biblioteca-digital\/hematologia\/plaquetas_coagulopatias\/coagulopatias\/38_Akeme.pdf\" target=\"_blank\" rel=\"noreferrer noopener\">ALTERA\u00c7\u00d5ES DA COAGULA\u00c7\u00c3O EM PACIENTES CONTAMINADOS PELO SARS-CoV-2<\/a><\/strong><\/li>\n\n\n\n<li><strong><a href=\"https:\/\/ciencianews.com.br\/arquivos\/ACET\/IMAGENS\/biblioteca-digital\/hematologia\/plaquetas_coagulopatias\/coagulopatias\/39_Julianapagotto.pdf\" target=\"_blank\" rel=\"noreferrer noopener\">TRO<\/a><a href=\"https:\/\/ciencianews.com.br\/arquivos\/ACET\/IMAGENS\/biblioteca-digital\/hematologia\/serie_vermelha\/outras_anemias\/2026_Anemia_de_doen%C3%A7a_cr%C3%B4nica.pdf\">MBOFILIA N<\/a><a href=\"https:\/\/ciencianews.com.br\/arquivos\/ACET\/IMAGENS\/biblioteca-digital\/hematologia\/plaquetas_coagulopatias\/coagulopatias\/39_Julianapagotto.pdf\" target=\"_blank\" rel=\"noreferrer noopener\">A GESTA\u00c7\u00c3O \u2013 PROBLEM\u00c1TICA DE DIAGN\u00d3STICO E TRATAMENTO NO \u00c2MBITO SUS<\/a><\/strong><\/li>\n\n\n\n<li><strong><a href=\"https:\/\/ciencianews.com.br\/arquivos\/ACET\/IMAGENS\/biblioteca-digital\/hematologia\/plaquetas_coagulopatias\/coagulopatias\/2026_Rela%C3%A7ao_entre_a_sepse_bacteriana_grave_e_a_coagula%C3%A7%C3%A3o_intravascular_disseminada.pdf\" target=\"_blank\" rel=\"noreferrer noopener\">A RELA\u00c7\u00c3O ENTRE A SEPSE BACTERIANA GRAVE E A COAGULA\u00c7\u00c3O INTRAVASCULAR DISSEMINADA <\/a><\/strong><\/li>\n<\/ol>\n\n\n\n<div class=\"wp-block-columns is-layout-flex wp-container-core-columns-is-layout-9d6595d7 wp-block-columns-is-layout-flex\">\n<div class=\"wp-block-column is-layout-flow wp-block-column-is-layout-flow\"><div class=\"wp-block-image\">\n<figure class=\"aligncenter size-large is-resized\"><img decoding=\"async\" src=\"http:\/\/www.ciencianews.com.br\/wp-content\/uploads\/2019\/08\/voltar-150x150.png\" alt=\"\" style=\"width:70px;height:70px\"\/><figcaption class=\"wp-element-caption\"><a href=\"http:\/\/www.ciencianews.com.br\/index.php\/home\/biblioteca_digital\/biblioteca-digital-hematologia\/biblioteca-digital-hematologia-plaquetas-e-coagulopatias\/biblioteca-digital-hematologia-coagulopatias\/\"><strong>Voltar<\/strong><\/a><\/figcaption><\/figure><\/div><\/div>\n\n\n\n<div class=\"wp-block-column is-layout-flow wp-block-column-is-layout-flow\"><div class=\"wp-block-image\">\n<figure class=\"aligncenter size-large is-resized\"><img decoding=\"async\" src=\"http:\/\/www.ciencianews.com.br\/wp-content\/uploads\/2019\/08\/home-150x150.jpg\" alt=\"\" style=\"width:70px;height:70px\"\/><figcaption class=\"wp-element-caption\"><a href=\"http:\/\/www.ciencianews.com.br\/index.php\/home\/biblioteca_digital\/\"><strong>Biblioteca Digital<\/strong><\/a><\/figcaption><\/figure><\/div><\/div>\n\n\n\n<div class=\"wp-block-column is-layout-flow wp-block-column-is-layout-flow\"><div class=\"wp-block-image\">\n<figure class=\"aligncenter size-large is-resized\"><img decoding=\"async\" src=\"http:\/\/www.ciencianews.com.br\/wp-content\/uploads\/2019\/08\/avancar-150x150.png\" alt=\"\" style=\"width:70px;height:70px\"\/><figcaption class=\"wp-element-caption\"><a href=\"http:\/\/www.ciencianews.com.br\/index.php\/home\/biblioteca_digital\/biblioteca-digital-hematologia\/b-d-hematologia-serie-branca\/\"><strong>Pr\u00f3ximo T\u00f3pico: &#8220;S\u00c9RIE BRANCA&#8221;<\/strong><\/a><\/figcaption><\/figure><\/div><\/div>\n<\/div>\n","protected":false},"excerpt":{"rendered":"<p>ARTIGOS Escolha o tema de sua prefer\u00eancia:<\/p>\n","protected":false},"author":1,"featured_media":0,"parent":5514,"menu_order":0,"comment_status":"closed","ping_status":"closed","template":"","meta":{"_uag_custom_page_level_css":"","_joinchat":[],"footnotes":""},"class_list":["post-5519","page","type-page","status-publish","hentry"],"uagb_featured_image_src":{"full":false,"thumbnail":false,"medium":false,"medium_large":false,"large":false,"1536x1536":false,"2048x2048":false,"post-thumbnail":false,"business-hub-blog":false,"business-hub-work":false},"uagb_author_info":{"display_name":"real","author_link":"https:\/\/www.ciencianews.com.br\/index.php\/author\/real\/"},"uagb_comment_info":0,"uagb_excerpt":"ARTIGOS Escolha o tema de sua prefer\u00eancia:","_links":{"self":[{"href":"https:\/\/www.ciencianews.com.br\/index.php\/wp-json\/wp\/v2\/pages\/5519","targetHints":{"allow":["GET"]}}],"collection":[{"href":"https:\/\/www.ciencianews.com.br\/index.php\/wp-json\/wp\/v2\/pages"}],"about":[{"href":"https:\/\/www.ciencianews.com.br\/index.php\/wp-json\/wp\/v2\/types\/page"}],"author":[{"embeddable":true,"href":"https:\/\/www.ciencianews.com.br\/index.php\/wp-json\/wp\/v2\/users\/1"}],"replies":[{"embeddable":true,"href":"https:\/\/www.ciencianews.com.br\/index.php\/wp-json\/wp\/v2\/comments?post=5519"}],"version-history":[{"count":13,"href":"https:\/\/www.ciencianews.com.br\/index.php\/wp-json\/wp\/v2\/pages\/5519\/revisions"}],"predecessor-version":[{"id":8081,"href":"https:\/\/www.ciencianews.com.br\/index.php\/wp-json\/wp\/v2\/pages\/5519\/revisions\/8081"}],"up":[{"embeddable":true,"href":"https:\/\/www.ciencianews.com.br\/index.php\/wp-json\/wp\/v2\/pages\/5514"}],"wp:attachment":[{"href":"https:\/\/www.ciencianews.com.br\/index.php\/wp-json\/wp\/v2\/media?parent=5519"}],"curies":[{"name":"wp","href":"https:\/\/api.w.org\/{rel}","templated":true}]}}