{"id":5915,"date":"2020-07-10T18:59:55","date_gmt":"2020-07-10T18:59:55","guid":{"rendered":"http:\/\/www.ciencianews.com.br\/?page_id=5915"},"modified":"2025-06-05T20:11:32","modified_gmt":"2025-06-05T20:11:32","slug":"artigos-de-hematologia-hemocromatose","status":"publish","type":"page","link":"https:\/\/www.ciencianews.com.br\/index.php\/home\/biblioteca_digital\/biblioteca-digital-hematologia\/bilioteca-digital-hemocromatose\/artigos-de-hematologia-hemocromatose\/","title":{"rendered":"ARTIGOS DE HEMATOLOGIA \u2013 Hemocromatose"},"content":{"rendered":"<h1 align=\"center\"><span style=\"color: #000000;\"><strong> ARTIGOS <\/strong><\/span><\/h1>\n<p><strong>Escolha o tema de sua prefer\u00eancia:<\/strong><\/p>\n<ol>\n<li style=\"list-style-type: none;\">\n<ol>\n<li><strong><a title=\"HEMOCROMATOSE: CARACTER\u00cdSTICAS, DIAGN\u00d3STICO E TRATAMENTO\" href=\"http:\/\/www.ciencianews.com.br\/arquivos\/ACET\/IMAGENS\/biblioteca-digital\/hematologia\/hemocromatose\/1.pdf\" target=\"_blank\" rel=\"noopener noreferrer\"> HEMOCROMATOSE: CARACTER\u00cdSTICAS, DIAGN\u00d3STICO E TRATAMENTO<\/a><\/strong><\/li>\n<li><strong><a href=\"http:\/\/www.ciencianews.com.br\/arquivos\/ACET\/IMAGENS\/biblioteca-digital\/hematologia\/hemocromatose\/TCC Fernando Eric Ferreira \u2013 Hematologia \u2013 Hemocromatose.pdf\" data-wplink-url-error=\"true\">HEMOCROMATOSE: UMA REVIS\u00c3O DE LITERATURA<\/a><\/strong><\/li>\n<li><a href=\"https:\/\/www.ciencianews.com.br\/arquivos\/ACET\/IMAGENS\/biblioteca-digital\/hematologia\/hemocromatose\/PATOLOGIAS%20DE%20SOBRECARGA%20DE%20FERRO%20-%20MA%C3%8DSA%20FONTES%20ONORIO%20DE%20ASSIS.pdf\"><strong>PATOLOGIAS DE SOBRECARGA DE FERRO<\/strong><\/a><\/li>\n<li><a href=\"https:\/\/www.ciencianews.com.br\/arquivos\/ACET\/IMAGENS\/biblioteca-digital\/hematologia\/hemocromatose\/4_Mariana%20EK%20Cristofolini%20-%20HEMOCROMATOSE.pdf\"><strong>HEMOCROMATOSE: DIAGN\u00d3STICO LABORATORIAL<\/strong><\/a><\/li>\n<\/ol>\n<\/li>\n<\/ol>\n<div style=\"text-align: center;\">\n<p>[ezcol_1third]<br \/>\n<a href=\"http:\/\/www.ciencianews.com.br\/index.php\/home\/biblioteca_digital\/biblioteca-digital-hematologia\/bilioteca-digital-hemocromatose\/\"> <img loading=\"lazy\" decoding=\"async\" class=\"alignnone size-thumbnail wp-image-4997\" src=\"http:\/\/www.ciencianews.com.br\/wp-content\/uploads\/2019\/08\/voltar-150x150.png\" alt=\"voltar\" width=\"70\" height=\"70\" srcset=\"https:\/\/www.ciencianews.com.br\/wp-content\/uploads\/2019\/08\/voltar-150x150.png 150w, https:\/\/www.ciencianews.com.br\/wp-content\/uploads\/2019\/08\/voltar-250x250.png 250w, https:\/\/www.ciencianews.com.br\/wp-content\/uploads\/2019\/08\/voltar.png 256w\" sizes=\"auto, (max-width: 70px) 100vw, 70px\" \/> <\/a><\/p>\n<div style=\"color: #000000; text-align: center; font-size: 15px; font-weight: bold;\"><a href=\"http:\/\/www.ciencianews.com.br\/index.php\/home\/biblioteca_digital\/biblioteca-digital-hematologia\/bilioteca-digital-hemocromatose\/\">Voltar<\/a><\/p>\n<\/div>\n<p>[\/ezcol_1third]<br \/>\n[ezcol_1third]<br \/>\n<a href=\"http:\/\/www.ciencianews.com.br\/index.php\/home\/biblioteca_digital\/\"> <img loading=\"lazy\" decoding=\"async\" class=\"alignnone size-thumbnail wp-image-4996\" src=\"http:\/\/www.ciencianews.com.br\/wp-content\/uploads\/2019\/08\/home-150x150.jpg\" alt=\"home\" width=\"70\" height=\"70\" srcset=\"https:\/\/www.ciencianews.com.br\/wp-content\/uploads\/2019\/08\/home-150x150.jpg 150w, https:\/\/www.ciencianews.com.br\/wp-content\/uploads\/2019\/08\/home.jpg 225w\" sizes=\"auto, (max-width: 70px) 100vw, 70px\" \/> <\/a><\/p>\n<div style=\"color: #000000; text-align: center; font-size: 15px; font-weight: bold;\"><a href=\"http:\/\/www.ciencianews.com.br\/index.php\/home\/biblioteca_digital\/\">Biblioteca Digital<\/a><\/p>\n<\/div>\n<p>[\/ezcol_1third]<br \/>\n[ezcol_1third_end]<br \/>\n<a href=\"http:\/\/www.ciencianews.com.br\/index.php\/home\/biblioteca_digital\/biblioteca-digital-hemoterapia\/\"> <img loading=\"lazy\" decoding=\"async\" class=\"alignnone size-thumbnail wp-image-4995\" src=\"http:\/\/www.ciencianews.com.br\/wp-content\/uploads\/2019\/08\/avancar-150x150.png\" alt=\"avancar\" width=\"70\" height=\"70\" srcset=\"https:\/\/www.ciencianews.com.br\/wp-content\/uploads\/2019\/08\/avancar-150x150.png 150w, https:\/\/www.ciencianews.com.br\/wp-content\/uploads\/2019\/08\/avancar-250x250.png 250w, https:\/\/www.ciencianews.com.br\/wp-content\/uploads\/2019\/08\/avancar.png 256w\" sizes=\"auto, (max-width: 70px) 100vw, 70px\" \/> <\/a><\/p>\n<div style=\"color: #000000; text-align: center; font-size: 15px; font-weight: bold;\"><a href=\"http:\/\/www.ciencianews.com.br\/index.php\/home\/biblioteca_digital\/biblioteca-digital-hemoterapia\/\">Pr\u00f3ximo T\u00f3pico: &#8220;HEMOTERAPIA&#8221;<\/a><\/div>\n<p>[\/ezcol_1third_end]<\/p>\n<\/div>\n","protected":false},"excerpt":{"rendered":"<p>ARTIGOS Escolha o tema de sua prefer\u00eancia: HEMOCROMATOSE: CARACTER\u00cdSTICAS, DIAGN\u00d3STICO E TRATAMENTO HEMOCROMATOSE: UMA REVIS\u00c3O DE LITERATURA PATOLOGIAS DE SOBRECARGA DE FERRO HEMOCROMATOSE: DIAGN\u00d3STICO LABORATORIAL [ezcol_1third] Voltar [\/ezcol_1third] [ezcol_1third] Biblioteca Digital [\/ezcol_1third] [ezcol_1third_end] Pr\u00f3ximo T\u00f3pico: &#8220;HEMOTERAPIA&#8221; [\/ezcol_1third_end]<\/p>\n","protected":false},"author":1,"featured_media":0,"parent":5912,"menu_order":0,"comment_status":"closed","ping_status":"closed","template":"","meta":{"_uag_custom_page_level_css":"","_joinchat":[],"footnotes":""},"class_list":["post-5915","page","type-page","status-publish","hentry"],"uagb_featured_image_src":{"full":false,"thumbnail":false,"medium":false,"medium_large":false,"large":false,"1536x1536":false,"2048x2048":false,"post-thumbnail":false,"business-hub-blog":false,"business-hub-work":false},"uagb_author_info":{"display_name":"real","author_link":"https:\/\/www.ciencianews.com.br\/index.php\/author\/real\/"},"uagb_comment_info":0,"uagb_excerpt":"ARTIGOS Escolha o tema de sua prefer\u00eancia: HEMOCROMATOSE: CARACTER\u00cdSTICAS, DIAGN\u00d3STICO E TRATAMENTO HEMOCROMATOSE: UMA REVIS\u00c3O DE LITERATURA PATOLOGIAS DE SOBRECARGA DE FERRO HEMOCROMATOSE: DIAGN\u00d3STICO LABORATORIAL [ezcol_1third] Voltar [\/ezcol_1third] [ezcol_1third] Biblioteca Digital [\/ezcol_1third] [ezcol_1third_end] Pr\u00f3ximo T\u00f3pico: &#8220;HEMOTERAPIA&#8221; [\/ezcol_1third_end]","_links":{"self":[{"href":"https:\/\/www.ciencianews.com.br\/index.php\/wp-json\/wp\/v2\/pages\/5915","targetHints":{"allow":["GET"]}}],"collection":[{"href":"https:\/\/www.ciencianews.com.br\/index.php\/wp-json\/wp\/v2\/pages"}],"about":[{"href":"https:\/\/www.ciencianews.com.br\/index.php\/wp-json\/wp\/v2\/types\/page"}],"author":[{"embeddable":true,"href":"https:\/\/www.ciencianews.com.br\/index.php\/wp-json\/wp\/v2\/users\/1"}],"replies":[{"embeddable":true,"href":"https:\/\/www.ciencianews.com.br\/index.php\/wp-json\/wp\/v2\/comments?post=5915"}],"version-history":[{"count":7,"href":"https:\/\/www.ciencianews.com.br\/index.php\/wp-json\/wp\/v2\/pages\/5915\/revisions"}],"predecessor-version":[{"id":7722,"href":"https:\/\/www.ciencianews.com.br\/index.php\/wp-json\/wp\/v2\/pages\/5915\/revisions\/7722"}],"up":[{"embeddable":true,"href":"https:\/\/www.ciencianews.com.br\/index.php\/wp-json\/wp\/v2\/pages\/5912"}],"wp:attachment":[{"href":"https:\/\/www.ciencianews.com.br\/index.php\/wp-json\/wp\/v2\/media?parent=5915"}],"curies":[{"name":"wp","href":"https:\/\/api.w.org\/{rel}","templated":true}]}}