{"id":603,"date":"2013-07-31T16:25:15","date_gmt":"2013-07-31T16:25:15","guid":{"rendered":"http:\/\/localhost\/wordpress\/?page_id=603"},"modified":"2013-08-06T16:39:54","modified_gmt":"2013-08-06T16:39:54","slug":"casos-bioquimicos-caso-4","status":"publish","type":"page","link":"https:\/\/www.ciencianews.com.br\/index.php\/publicacoes\/casos-clinicos\/casos-bioquimicos\/casos-bioquimicos-caso-4\/","title":{"rendered":"CASOS BIOQU\u00cdMICOS &#8211; CASO 4"},"content":{"rendered":"<p style=\"text-align: justify;\">Mulher com 32 anos foi admitida no ambulat\u00f3rio com fortes c\u00f3licas abdominais agudas associadas a v\u00f4mitos e pris\u00e3o de ventre. As dores se tornaram fortes e insuport\u00e1veis nas \u00faltimas 48 horas. Relatou fraqueza nas pernas e bra\u00e7os, e disse que fica muito irritada ao ouvir barulhos e vozes. Seu trabalho \u00e9 numa livraria, n\u00e3o fuma e n\u00e3o bebe. Medicamento que usa \u00e9 contraceptivo oral.<\/p>\n<p>Seu estado na emerg\u00eancia era agitado, febril (38\u00b0C), press\u00e3o normal, abd\u00f4men dolorido por\u00e9m sem rigidez, sons intestinais presentes. Seus reflexos estavam ausentes inclusive \u00e0 picadas de agulhas no joelho. O exame de fundo de olho mostrou papiloedema. A urina estava escura, mas sem sangue ou prote\u00edna (no teste da fita). Relatou que o pai falaceu aos 38 anos em hospital psiqui\u00e1trico.<\/p>\n<p>Os exames laboratoriais apresentaram os seguintes resultados:<\/p>\n<div style=\"text-align: justify;\" align=\"center\">\n<table width=\"444\" border=\"0\" cellspacing=\"0\" cellpadding=\"0\">\n<tbody>\n<tr>\n<td width=\"177\">Hemoglobina<\/td>\n<td width=\"168\">13,2 g\/dL<\/td>\n<td width=\"177\">(11,5 \u2013 15,0 g\/dL)<\/td>\n<\/tr>\n<tr>\n<td>Leucocitos Totais (*)<\/td>\n<td>18,4 x 109\/ L<\/td>\n<td>(4,0 \u2013 11,0 x 109\/L)<\/td>\n<\/tr>\n<tr>\n<td>Plaquetas<\/td>\n<td>321 x 109\/L<\/td>\n<td>(150 \u2013 440 x 109\/L)<\/td>\n<\/tr>\n<tr>\n<td>S\u00f3dio<\/td>\n<td>124 mmol\/L<\/td>\n<td>(135 \u2013 145 mmol\/L)<\/td>\n<\/tr>\n<tr>\n<td>Pot\u00e1ssio<\/td>\n<td>4,2 mmol\/L<\/td>\n<td>(3,5 \u2013 5,0 mmol\/L)<\/td>\n<\/tr>\n<tr>\n<td>Ur\u00e9ia<\/td>\n<td>6,2 mmol\/L<\/td>\n<td>(2,5 \u2013 6,7 mmol\/L)<\/td>\n<\/tr>\n<tr>\n<td>Creatinina<\/td>\n<td>112,0 mmol\/L<\/td>\n<td>(70 \u2013 120 mmol\/L)<\/td>\n<\/tr>\n<tr>\n<td>Glicose<\/td>\n<td>4,6 mmol\/L<\/td>\n<td>(4,0 \u2013 6,0 mmol\/L)<\/td>\n<\/tr>\n<tr>\n<td>Albumina<\/td>\n<td>38g\/L<\/td>\n<td>(35 \u2013 40 g\/L)<\/td>\n<\/tr>\n<tr>\n<td>Bilirrubina<\/td>\n<td>15mmol\/L<\/td>\n<td>(3 \u2013 17mmol\/L)<\/td>\n<\/tr>\n<tr>\n<td>Alanina transaminase<\/td>\n<td>185 IU\/L<\/td>\n<td>(5 \u2013 35 IU\/L)<\/td>\n<\/tr>\n<tr>\n<td>Fosfatase alcalina<\/td>\n<td>90 IU\/L<\/td>\n<td>(30 \u2013 300 IU\/L)<\/td>\n<\/tr>\n<tr>\n<td>Raio X de pulm\u00e3o<\/td>\n<td>Claro<\/td>\n<td><\/td>\n<\/tr>\n<tr>\n<td>Raio X dos Instestinos<\/td>\n<td>Al\u00e7as n\u00e3o dilatadas<\/td>\n<td><\/td>\n<\/tr>\n<tr>\n<td>ECG<\/td>\n<td>Taquicardia<\/td>\n<td><\/td>\n<\/tr>\n<tr>\n<td><\/td>\n<td><\/td>\n<td><\/td>\n<\/tr>\n<tr>\n<td>(*) neutrofilia com 68%<\/td>\n<td><\/td>\n<td><\/td>\n<\/tr>\n<\/tbody>\n<\/table>\n<\/div>\n<p style=\"text-align: justify;\">\n<p style=\"text-align: justify;\"><strong>Interpreta\u00e7\u00e3o dos resultados frente ao estado do paciente do caso 4:<\/strong><\/p>\n<p>A hip\u00f3tese cl\u00ednica inicial, baseada nos exames cl\u00ednicos da paciente e hist\u00f3ria familiar (falecimento do pai ainda jovem em hospital psiqui\u00e1trico) sugeriram a\u00a0<strong>porf\u00edria intermitente aguda<\/strong>\u00a0(dor abdominal, sintomas neuropsiqui\u00e1tricos e urina escura).<\/p>\n<p style=\"text-align: justify;\">A forma mais grave da porf\u00edria se deve a uma anormalidade do porfobilinog\u00eanio desaminase durante a s\u00edntese do grupo heme.<\/p>\n<p style=\"text-align: justify;\">\u00c9 uma doen\u00e7a autoss\u00f4mica dominante que ocorre em adultos jovens e com maior freq\u00fc\u00eancia na mulher.<\/p>\n<p style=\"text-align: justify;\">A leucocitose com neutrofilia e eleva\u00e7\u00e3o de Alanina transaminase \u00e9 comum na P.I.A.<\/p>\n<p>O diagn\u00f3stico definitivo pode ser realizado por meio de detec\u00e7\u00e3o de porfobilinog\u00eanio urin\u00e1rio e do \u00e1cido delta amino levul\u00ednico na urina.<\/p>\n<p>&nbsp;<\/p>\n<p style=\"text-align: center;\"><img loading=\"lazy\" decoding=\"async\" class=\"aligncenter size-full wp-image-891\" alt=\"\" src=\"http:\/\/www.ciencianews.com.br\/homologacao\/wp-content\/uploads\/2013\/08\/img03-gde.jpg\" width=\"539\" height=\"414\" srcset=\"https:\/\/www.ciencianews.com.br\/wp-content\/uploads\/2013\/08\/img03-gde.jpg 539w, https:\/\/www.ciencianews.com.br\/wp-content\/uploads\/2013\/08\/img03-gde-300x230.jpg 300w\" sizes=\"auto, (max-width: 539px) 100vw, 539px\" \/><\/p>\n","protected":false},"excerpt":{"rendered":"<p>Mulher com 32 anos foi admitida no ambulat\u00f3rio com fortes c\u00f3licas abdominais agudas associadas a v\u00f4mitos e pris\u00e3o de ventre. As dores se tornaram fortes e insuport\u00e1veis nas \u00faltimas 48 horas. Relatou fraqueza nas pernas e bra\u00e7os, e disse que [&hellip;]<\/p>\n","protected":false},"author":2,"featured_media":0,"parent":582,"menu_order":0,"comment_status":"closed","ping_status":"open","template":"","meta":{"_uag_custom_page_level_css":"","_joinchat":[],"footnotes":""},"class_list":["post-603","page","type-page","status-publish","hentry"],"uagb_featured_image_src":{"full":false,"thumbnail":false,"medium":false,"medium_large":false,"large":false,"1536x1536":false,"2048x2048":false,"post-thumbnail":false,"business-hub-blog":false,"business-hub-work":false},"uagb_author_info":{"display_name":"admin","author_link":"https:\/\/www.ciencianews.com.br\/index.php\/author\/admin\/"},"uagb_comment_info":0,"uagb_excerpt":"Mulher com 32 anos foi admitida no ambulat\u00f3rio com fortes c\u00f3licas abdominais agudas associadas a v\u00f4mitos e pris\u00e3o de ventre. As dores se tornaram fortes e insuport\u00e1veis nas \u00faltimas 48 horas. Relatou fraqueza nas pernas e bra\u00e7os, e disse que [&hellip;]","_links":{"self":[{"href":"https:\/\/www.ciencianews.com.br\/index.php\/wp-json\/wp\/v2\/pages\/603","targetHints":{"allow":["GET"]}}],"collection":[{"href":"https:\/\/www.ciencianews.com.br\/index.php\/wp-json\/wp\/v2\/pages"}],"about":[{"href":"https:\/\/www.ciencianews.com.br\/index.php\/wp-json\/wp\/v2\/types\/page"}],"author":[{"embeddable":true,"href":"https:\/\/www.ciencianews.com.br\/index.php\/wp-json\/wp\/v2\/users\/2"}],"replies":[{"embeddable":true,"href":"https:\/\/www.ciencianews.com.br\/index.php\/wp-json\/wp\/v2\/comments?post=603"}],"version-history":[{"count":2,"href":"https:\/\/www.ciencianews.com.br\/index.php\/wp-json\/wp\/v2\/pages\/603\/revisions"}],"predecessor-version":[{"id":985,"href":"https:\/\/www.ciencianews.com.br\/index.php\/wp-json\/wp\/v2\/pages\/603\/revisions\/985"}],"up":[{"embeddable":true,"href":"https:\/\/www.ciencianews.com.br\/index.php\/wp-json\/wp\/v2\/pages\/582"}],"wp:attachment":[{"href":"https:\/\/www.ciencianews.com.br\/index.php\/wp-json\/wp\/v2\/media?parent=603"}],"curies":[{"name":"wp","href":"https:\/\/api.w.org\/{rel}","templated":true}]}}