{"id":6125,"date":"2020-09-10T16:28:25","date_gmt":"2020-09-10T16:28:25","guid":{"rendered":"http:\/\/www.ciencianews.com.br\/?page_id=6125"},"modified":"2022-03-18T21:54:58","modified_gmt":"2022-03-18T21:54:58","slug":"inscricao-para-pos-graduacao","status":"publish","type":"page","link":"https:\/\/www.ciencianews.com.br\/index.php\/inscricao-para-pos-graduacao\/","title":{"rendered":"Inscri\u00e7\u00e3o para P\u00f3s-Gradua\u00e7\u00e3o"},"content":{"rendered":"\n<div style=\"height:40px\" aria-hidden=\"true\" class=\"wp-block-spacer\"><\/div>\n\n\n\n<h2 class=\"has-text-align-center wp-block-heading\"><strong>Preencha o formul\u00e1rio abaixo para reserva de Cursos de P\u00f3s-Gradua\u00e7\u00e3o<\/strong> e Outros<\/h2>\n\n\n\n<div style=\"height:43px\" aria-hidden=\"true\" class=\"wp-block-spacer\"><\/div>\n\n\n\n<div class=\"wpforms-container wpforms-container-full\" id=\"wpforms-6124\"><form id=\"wpforms-form-6124\" class=\"wpforms-validate wpforms-form\" data-formid=\"6124\" method=\"post\" enctype=\"multipart\/form-data\" action=\"\/index.php\/wp-json\/wp\/v2\/pages\/6125\" data-token=\"77106509cb50affdadbd6dc7d9e56802\" data-token-time=\"1775312008\"><noscript class=\"wpforms-error-noscript\">Ative o JavaScript no seu navegador para preencher este formul\u00e1rio.<\/noscript><div class=\"wpforms-field-container\"><div id=\"wpforms-6124-field_6-container\" class=\"wpforms-field wpforms-field-select wpforms-field-select-style-modern\" data-field-id=\"6\"><label class=\"wpforms-field-label\" for=\"wpforms-6124-field_6\">Curso de interesse:  <span class=\"wpforms-required-label\">*<\/span><\/label><select id=\"wpforms-6124-field_6\" class=\"wpforms-field-medium wpforms-field-required choicesjs-select\" data-size-class=\"wpforms-field-row wpforms-field-medium\" data-search-enabled=\"\" name=\"wpforms[fields][6]\" required=\"required\"><option value=\"\" class=\"placeholder\" disabled  selected='selected'>Selecione<\/option><option value=\"P\u00d3S EM HEMATOLOGIA E BANCO DE SANGUE - FEV\/2026\" >P\u00d3S EM HEMATOLOGIA E BANCO DE SANGUE - FEV\/2026<\/option><option value=\"P\u00d3S EM MICROBIOLOGIA CL\u00cdNICA E LABORATORIAL - MAIO\/2026\" >P\u00d3S EM MICROBIOLOGIA CL\u00cdNICA E LABORATORIAL - MAIO\/2026<\/option><option value=\"P\u00d3S EM HEMATOLOGIA CL\u00cdNICA E LABORATORIAL - SETEMBRO\/26\" >P\u00d3S EM HEMATOLOGIA CL\u00cdNICA E LABORATORIAL - SETEMBRO\/26<\/option><\/select><div class=\"wpforms-field-description\">*selecione uma op\u00e7\u00e3o<\/div><\/div><div id=\"wpforms-6124-field_8-container\" class=\"wpforms-field wpforms-field-radio\" data-field-id=\"8\"><label class=\"wpforms-field-label\">Voc\u00ea sabia que a AC&amp;T oferece acomoda\u00e7\u00e3o gratuita em Flats masculinos e femininos nos m\u00f3dulos presenciais da P\u00f3s-gradua\u00e7\u00e3o?<\/label><ul id=\"wpforms-6124-field_8\"><li class=\"choice-1 depth-1\"><input type=\"radio\" id=\"wpforms-6124-field_8_1\" name=\"wpforms[fields][8]\" value=\"Sim\"  ><label class=\"wpforms-field-label-inline\" for=\"wpforms-6124-field_8_1\">Sim<\/label><\/li><li class=\"choice-2 depth-1\"><input type=\"radio\" id=\"wpforms-6124-field_8_2\" name=\"wpforms[fields][8]\" value=\"N\u00e3o\"  ><label class=\"wpforms-field-label-inline\" for=\"wpforms-6124-field_8_2\">N\u00e3o<\/label><\/li><\/ul><\/div><div id=\"wpforms-6124-field_0-container\" class=\"wpforms-field wpforms-field-name\" data-field-id=\"0\"><label class=\"wpforms-field-label\">Nome <span class=\"wpforms-required-label\">*<\/span><\/label><div class=\"wpforms-field-row wpforms-field-medium\"><div class=\"wpforms-field-row-block wpforms-first wpforms-one-half\"><input type=\"text\" id=\"wpforms-6124-field_0\" class=\"wpforms-field-name-first wpforms-field-required\" name=\"wpforms[fields][0][first]\" required><label for=\"wpforms-6124-field_0\" class=\"wpforms-field-sublabel after\">Nome<\/label><\/div><div class=\"wpforms-field-row-block wpforms-one-half\"><input type=\"text\" id=\"wpforms-6124-field_0-last\" class=\"wpforms-field-name-last wpforms-field-required\" name=\"wpforms[fields][0][last]\" required><label for=\"wpforms-6124-field_0-last\" class=\"wpforms-field-sublabel after\">Sobrenome<\/label><\/div><\/div><\/div><div id=\"wpforms-6124-field_5-container\" class=\"wpforms-field wpforms-field-text\" data-field-id=\"5\"><label class=\"wpforms-field-label\" for=\"wpforms-6124-field_5\">Endere\u00e7o completo (opcional)<\/label><input type=\"text\" id=\"wpforms-6124-field_5\" class=\"wpforms-field-medium\" name=\"wpforms[fields][5]\" ><\/div><div id=\"wpforms-6124-field_3-container\" class=\"wpforms-field wpforms-field-number\" data-field-id=\"3\"><label class=\"wpforms-field-label\" for=\"wpforms-6124-field_3\">Celular (whatsapp) <span class=\"wpforms-required-label\">*<\/span><\/label><input type=\"number\" id=\"wpforms-6124-field_3\" class=\"wpforms-field-small wpforms-field-required\" name=\"wpforms[fields][3]\" step=\"any\" required><\/div><div id=\"wpforms-6124-field_1-container\" class=\"wpforms-field wpforms-field-email\" data-field-id=\"1\"><label class=\"wpforms-field-label\" for=\"wpforms-6124-field_1\">O seu melhor E-mail <span class=\"wpforms-required-label\">*<\/span><\/label><input type=\"email\" id=\"wpforms-6124-field_1\" class=\"wpforms-field-medium wpforms-field-required\" name=\"wpforms[fields][1]\" spellcheck=\"false\" required><div class=\"wpforms-field-description\">Usaremos os seus dados para lhe fornecer mais detalhes e informa\u00e7\u00f5es sobre o curso do seu interesse.<\/div><\/div><div id=\"wpforms-6124-field_2-container\" class=\"wpforms-field wpforms-field-textarea\" data-field-id=\"2\"><label class=\"wpforms-field-label\" for=\"wpforms-6124-field_2\">Coment\u00e1rio ou Mensagem (opcional)<\/label><textarea id=\"wpforms-6124-field_2\" class=\"wpforms-field-medium\" name=\"wpforms[fields][2]\" ><\/textarea><\/div><\/div><!-- .wpforms-field-container --><div class=\"wpforms-recaptcha-container wpforms-is-recaptcha wpforms-is-recaptcha-type-v2\" ><div class=\"g-recaptcha\" data-sitekey=\"6Ld06MgZAAAAAPJGGgON_CiQkvS9HKr34s-AfXka\"><\/div><input type=\"text\" name=\"g-recaptcha-hidden\" class=\"wpforms-recaptcha-hidden\" style=\"position:absolute!important;clip:rect(0,0,0,0)!important;height:1px!important;width:1px!important;border:0!important;overflow:hidden!important;padding:0!important;margin:0!important;\" data-rule-recaptcha=\"1\"><\/div><div class=\"wpforms-submit-container\" ><input type=\"hidden\" name=\"wpforms[id]\" value=\"6124\"><input type=\"hidden\" name=\"page_title\" value=\"\"><input type=\"hidden\" name=\"page_url\" value=\"https:\/\/www.ciencianews.com.br\/index.php\/wp-json\/wp\/v2\/pages\/6125\"><input type=\"hidden\" name=\"url_referer\" value=\"\"><button type=\"submit\" name=\"wpforms[submit]\" id=\"wpforms-submit-6124\" class=\"wpforms-submit\" data-alt-text=\"Enviando...\" data-submit-text=\"Enviar\" aria-live=\"assertive\" value=\"wpforms-submit\">Enviar<\/button><\/div><\/form><\/div>  <!-- .wpforms-container -->\n","protected":false},"excerpt":{"rendered":"<p>Preencha o formul\u00e1rio abaixo para reserva de Cursos de P\u00f3s-Gradua\u00e7\u00e3o e Outros<\/p>\n","protected":false},"author":1,"featured_media":0,"parent":0,"menu_order":0,"comment_status":"closed","ping_status":"closed","template":"","meta":{"_uag_custom_page_level_css":"","_joinchat":[],"footnotes":""},"class_list":["post-6125","page","type-page","status-publish","hentry"],"uagb_featured_image_src":{"full":false,"thumbnail":false,"medium":false,"medium_large":false,"large":false,"1536x1536":false,"2048x2048":false,"post-thumbnail":false,"business-hub-blog":false,"business-hub-work":false},"uagb_author_info":{"display_name":"real","author_link":"https:\/\/www.ciencianews.com.br\/index.php\/author\/real\/"},"uagb_comment_info":0,"uagb_excerpt":"Preencha o formul\u00e1rio abaixo para reserva de Cursos de P\u00f3s-Gradua\u00e7\u00e3o e Outros","_links":{"self":[{"href":"https:\/\/www.ciencianews.com.br\/index.php\/wp-json\/wp\/v2\/pages\/6125","targetHints":{"allow":["GET"]}}],"collection":[{"href":"https:\/\/www.ciencianews.com.br\/index.php\/wp-json\/wp\/v2\/pages"}],"about":[{"href":"https:\/\/www.ciencianews.com.br\/index.php\/wp-json\/wp\/v2\/types\/page"}],"author":[{"embeddable":true,"href":"https:\/\/www.ciencianews.com.br\/index.php\/wp-json\/wp\/v2\/users\/1"}],"replies":[{"embeddable":true,"href":"https:\/\/www.ciencianews.com.br\/index.php\/wp-json\/wp\/v2\/comments?post=6125"}],"version-history":[{"count":5,"href":"https:\/\/www.ciencianews.com.br\/index.php\/wp-json\/wp\/v2\/pages\/6125\/revisions"}],"predecessor-version":[{"id":6931,"href":"https:\/\/www.ciencianews.com.br\/index.php\/wp-json\/wp\/v2\/pages\/6125\/revisions\/6931"}],"wp:attachment":[{"href":"https:\/\/www.ciencianews.com.br\/index.php\/wp-json\/wp\/v2\/media?parent=6125"}],"curies":[{"name":"wp","href":"https:\/\/api.w.org\/{rel}","templated":true}]}}