{"id":613,"date":"2013-07-31T16:35:20","date_gmt":"2013-07-31T16:35:20","guid":{"rendered":"http:\/\/localhost\/wordpress\/?page_id=613"},"modified":"2013-08-05T20:10:58","modified_gmt":"2013-08-05T20:10:58","slug":"casos-bioquimicos-caso-8","status":"publish","type":"page","link":"https:\/\/www.ciencianews.com.br\/index.php\/publicacoes\/casos-clinicos\/casos-bioquimicos\/casos-bioquimicos-caso-8\/","title":{"rendered":"CASOS BIOQUIMICOS &#8211; CASO 8"},"content":{"rendered":"<p style=\"text-align: justify;\">Mulher com 32 anos de idade foi admitida na emerg\u00eancia do hospital devido a c\u00f3lica abdominal aguda, com muita dor associada a v\u00f4mitos e constipa\u00e7\u00e3o (pris\u00e3o de ventre). As dores ocorreram repentinamente nas \u00faltimas 48 horas.<br \/>\nSuas reclama\u00e7\u00f5es, al\u00e9m das dores, eram tamb\u00e9m de muita fraqueza nos bra\u00e7os e pernas. De repente, ainda na emerg\u00eancia do hospital, ela ficou extremamente agitada e reclamou de vozes no ouvido. Seus acompanhantes disseram que ela nunca teve epis\u00f3dios semelhantes. Soube-se que o pai da paciente havia falecido aos 38 anos de idade num hospital psiqui\u00e1trico. A paciente trabalhava como bibliotec\u00e1ria, n\u00e3o era fumante e bebia socialmente.<br \/>\n<span style=\"text-decoration: underline;\">Exame cl\u00ednico:<\/span>\u00a0agitada, temperatura febril (38\u00b0C), pulso com 140 batimentos\/minuto, press\u00e3o arterial 180\/120, abd\u00f4men dolorido, aus\u00eancia de reflexos e relato de urina escura (cor de ch\u00e1 preto).<\/p>\n<p style=\"text-align: justify;\"><strong>Exames laboratoriais<\/strong><\/p>\n<div style=\"text-align: justify;\" align=\"center\">\n<table width=\"512\" border=\"0\" cellspacing=\"0\" cellpadding=\"0\">\n<tbody>\n<tr>\n<td>\u00a0<\/td>\n<td colspan=\"3\" width=\"346\">\u00a0<\/td>\n<\/tr>\n<tr>\n<td width=\"173\">Hemoglobina<\/td>\n<td width=\"163\">13,2 g\/dL<\/td>\n<td width=\"173\">(11,7 \u2013 15,7 g\/dL)<\/td>\n<td width=\"3\">\u00a0<\/td>\n<\/tr>\n<tr>\n<td>Leucocitos<\/td>\n<td>18,4 x 10<sup>9<\/sup>\/ L<\/td>\n<td>(3,5 \u2013 11 x 10<sup>9<\/sup>\/L)<\/td>\n<td>\u00a0<\/td>\n<\/tr>\n<tr>\n<td>Plaquetas<\/td>\n<td>321 x 10<sup>9<\/sup>\u00a0\/L<\/td>\n<td>(150 &#8211; 440 x 10<sup>9<\/sup>\u00a0\/L)<\/td>\n<td>\u00a0<\/td>\n<\/tr>\n<tr>\n<td valign=\"top\">S\u00f3dio<\/td>\n<td valign=\"top\">124 mmol\/L<\/td>\n<td valign=\"top\">(135 \u2013 145 mmol\/L)<\/td>\n<td>\u00a0<\/td>\n<\/tr>\n<tr>\n<td valign=\"top\">Pot\u00e1ssio<\/td>\n<td valign=\"top\">4,2 mmol\/L<\/td>\n<td valign=\"top\">(3,5 \u2013 5,0 mmol\/L)<\/td>\n<td>\u00a0<\/td>\n<\/tr>\n<tr>\n<td valign=\"top\">Ur\u00e9ia<\/td>\n<td valign=\"top\">6,2 mmol\/L<\/td>\n<td valign=\"top\">(2,5 \u2013 6,7 mmol\/L)<\/td>\n<td>\u00a0<\/td>\n<\/tr>\n<tr>\n<td valign=\"top\">Creatinina<\/td>\n<td valign=\"top\">112 mmol\/L<\/td>\n<td valign=\"top\">(70 \u2013 120 mmol\/L)<\/td>\n<td>\u00a0<\/td>\n<\/tr>\n<tr>\n<td valign=\"top\">Albumina<\/td>\n<td valign=\"top\">38 g\/L<\/td>\n<td valign=\"top\">(35 &#8211; 50 g\/L)<\/td>\n<td>\u00a0<\/td>\n<\/tr>\n<tr>\n<td valign=\"top\">Bilirrubina<\/td>\n<td valign=\"top\">15\u00a0mmol\/L<\/td>\n<td valign=\"top\">(3 &#8211; 17\u00a0mmol\/L)<\/td>\n<td>\u00a0<\/td>\n<\/tr>\n<tr>\n<td valign=\"top\">Alanina Amino Transaminase<\/td>\n<td valign=\"top\">185 IU\/L<\/td>\n<td valign=\"top\">(5 &#8211; 35 IU\/L)<\/td>\n<td>\u00a0<\/td>\n<\/tr>\n<tr>\n<td valign=\"top\">Fosfatase Alcalina<\/td>\n<td valign=\"top\">90 IU\/L<\/td>\n<td valign=\"top\">(30 &#8211; 300 IU\/L)<\/td>\n<td>\u00a0<\/td>\n<\/tr>\n<tr>\n<td>\u00a0<\/td>\n<td>\u00a0<\/td>\n<td>\u00a0<\/td>\n<td>\u00a0<\/td>\n<\/tr>\n<tr>\n<td valign=\"top\">Raio X de t\u00f3rax<\/td>\n<td valign=\"top\">claro (normal)<\/td>\n<td valign=\"top\">\u00a0<\/td>\n<td>\u00a0<\/td>\n<\/tr>\n<tr>\n<td valign=\"top\">Raio X abdominal<\/td>\n<td valign=\"top\">sem dilata\u00e7\u00e3o de al\u00e7as intestinais<\/td>\n<td valign=\"top\">\u00a0<\/td>\n<td>\u00a0<\/td>\n<\/tr>\n<tr>\n<td valign=\"top\">ECG<\/td>\n<td valign=\"top\">Taquicardia<\/td>\n<td>\u00a0<\/td>\n<td>\u00a0<\/td>\n<\/tr>\n<\/tbody>\n<\/table>\n<\/div>\n<p style=\"text-align: justify;\">\u00a0<\/p>\n<p style=\"text-align: justify;\">Interpreta\u00e7\u00e3o:<\/p>\n<p style=\"text-align: justify;\">\u00a0<\/p>\n<p style=\"text-align: justify;\">A combina\u00e7\u00e3o de sintomas neuropsiqui\u00e1tricos (agita\u00e7\u00e3o e vozes no ouvido) com dores agudas no abd\u00f4men e urina escura sugeriu no presente caso que a paciente poderia ter a Porf\u00edria Intermitente Aguda (PIA).<\/p>\n<p style=\"text-align: justify;\">A PIA \u00e9 de origem hep\u00e1tica (Alanina amino transferase elevad\u00edssima), e se deve a um defeito estrutural que ocorre durante a s\u00edntese das porfirinas que comp\u00f5em o grupo heme. A defici\u00eancia de uma enzima (PBG desaminase) instabiliza a forma\u00e7\u00e3o do anel porfir\u00ednico e a porfirina \u00e9 excretada pela urina (urina escura). A PIA entre as porf\u00edrias \u00e9 relativamente comum, \u00e9 do tipo autoss\u00f4mico dominante e a idade de manifesta\u00e7\u00e3o da doen\u00e7a \u00e9 entre 14 e 40 anos. O paciente tem aus\u00eancia de fotossensibilidade, dor abdominal aguda, neuropatia, urina escura e pode ter infec\u00e7\u00f5es. A maioria dos casos ocorre por indu\u00e7\u00e3o de medicamentos. O progn\u00f3stico \u00e9 bom para pessoas acima de 30 anos de idade.<\/p>\n","protected":false},"excerpt":{"rendered":"<p>Mulher com 32 anos de idade foi admitida na emerg\u00eancia do hospital devido a c\u00f3lica abdominal aguda, com muita dor associada a v\u00f4mitos e constipa\u00e7\u00e3o (pris\u00e3o de ventre). As dores ocorreram repentinamente nas \u00faltimas 48 horas. Suas reclama\u00e7\u00f5es, al\u00e9m das [&hellip;]<\/p>\n","protected":false},"author":2,"featured_media":0,"parent":582,"menu_order":0,"comment_status":"closed","ping_status":"open","template":"","meta":{"_uag_custom_page_level_css":"","_joinchat":[],"footnotes":""},"class_list":["post-613","page","type-page","status-publish","hentry"],"uagb_featured_image_src":{"full":false,"thumbnail":false,"medium":false,"medium_large":false,"large":false,"1536x1536":false,"2048x2048":false,"post-thumbnail":false,"business-hub-blog":false,"business-hub-work":false},"uagb_author_info":{"display_name":"admin","author_link":"https:\/\/www.ciencianews.com.br\/index.php\/author\/admin\/"},"uagb_comment_info":0,"uagb_excerpt":"Mulher com 32 anos de idade foi admitida na emerg\u00eancia do hospital devido a c\u00f3lica abdominal aguda, com muita dor associada a v\u00f4mitos e constipa\u00e7\u00e3o (pris\u00e3o de ventre). As dores ocorreram repentinamente nas \u00faltimas 48 horas. Suas reclama\u00e7\u00f5es, al\u00e9m das [&hellip;]","_links":{"self":[{"href":"https:\/\/www.ciencianews.com.br\/index.php\/wp-json\/wp\/v2\/pages\/613","targetHints":{"allow":["GET"]}}],"collection":[{"href":"https:\/\/www.ciencianews.com.br\/index.php\/wp-json\/wp\/v2\/pages"}],"about":[{"href":"https:\/\/www.ciencianews.com.br\/index.php\/wp-json\/wp\/v2\/types\/page"}],"author":[{"embeddable":true,"href":"https:\/\/www.ciencianews.com.br\/index.php\/wp-json\/wp\/v2\/users\/2"}],"replies":[{"embeddable":true,"href":"https:\/\/www.ciencianews.com.br\/index.php\/wp-json\/wp\/v2\/comments?post=613"}],"version-history":[{"count":1,"href":"https:\/\/www.ciencianews.com.br\/index.php\/wp-json\/wp\/v2\/pages\/613\/revisions"}],"predecessor-version":[{"id":817,"href":"https:\/\/www.ciencianews.com.br\/index.php\/wp-json\/wp\/v2\/pages\/613\/revisions\/817"}],"up":[{"embeddable":true,"href":"https:\/\/www.ciencianews.com.br\/index.php\/wp-json\/wp\/v2\/pages\/582"}],"wp:attachment":[{"href":"https:\/\/www.ciencianews.com.br\/index.php\/wp-json\/wp\/v2\/media?parent=613"}],"curies":[{"name":"wp","href":"https:\/\/api.w.org\/{rel}","templated":true}]}}