{"id":634,"date":"2013-07-31T17:07:40","date_gmt":"2013-07-31T17:07:40","guid":{"rendered":"http:\/\/localhost\/wordpress\/?page_id=634"},"modified":"2013-08-06T17:04:58","modified_gmt":"2013-08-06T17:04:58","slug":"casos-hematologicos-caso-5","status":"publish","type":"page","link":"https:\/\/www.ciencianews.com.br\/index.php\/publicacoes\/casos-clinicos\/casos-hematologicos\/casos-hematologicos-caso-5\/","title":{"rendered":"CASOS HEMATOL\u00d3GICOS &#8211; CASO 5"},"content":{"rendered":"<h3 style=\"text-align: justify;\"><strong>Como a anemia normoc\u00edtica \u00e9 investigada?<\/strong><\/h3>\n<p style=\"text-align: justify;\">A anemia normoc\u00edtica, diferente das anemias micro e macroc\u00edticas, n\u00e3o possui um plano de investiga\u00e7\u00e3o definido.<\/p>\n<p style=\"text-align: justify;\">Outros diagn\u00f3sticos diferenciais de anemia normoc\u00edtica se imp\u00f5em: a anemia de sangramento agudo e a anemia hemol\u00edtica. Ambas apresentam certo grau de eritropoiese compensat\u00f3ria, com discreto grau de sangramento ou de hem\u00f3lise, que devem ser estudadas pela contagem de reticul\u00f3citos.<\/p>\n<p style=\"text-align: justify;\">Um achado morfol\u00f3gico relevante, o \u201cempilhamento\u201d das hem\u00e1cias (<em>roleaux<\/em>), sugere o diagn\u00f3stico de mieloma m\u00faltiplo, uma neoplasia de plasm\u00f3citos na medula \u00f3ssea, observada pela eletroforese de prote\u00ednas s\u00e9ricas que identifica o pico monoclonal caracter\u00edstico e pelo mielograma (figuras 2 e 3).<\/p>\n<p style=\"text-align: justify;\">Na falta de outros achados morfol\u00f3gicos, as doen\u00e7as sist\u00eamicas devem ser investigadas: doen\u00e7as renais (ur\u00e9ia e creatina), doen\u00e7as hep\u00e1ticas (ALT, AST, DHL e\u00a0<span style=\"font-family: Symbol; font-size: small;\">g<\/span>-GT) e doen\u00e7as hormonais (TSH e T<span style=\"font-size: small;\"><sub>4<\/sub><\/span>L).<\/p>\n<p style=\"text-align: justify;\">Na presen\u00e7a de outras altera\u00e7\u00f5es do hemograma (leucopenia, leucocitose, plaquetopenia, etc.), as doen\u00e7as medulares devem ser investigadas pelo mielograma.<\/p>\n<figure id=\"attachment_894\" aria-describedby=\"caption-attachment-894\" style=\"width: 300px\" class=\"wp-caption aligncenter\"><img loading=\"lazy\" decoding=\"async\" class=\"size-full wp-image-894\" alt=\"Figura 2: Empilhamento de hem\u00e1cias (roleaux) e um plasm\u00f3cito em paciente com mieloma m\u00faltiplo. A anemia era discreta (Hb: 10,5g\/dL) com VCM e HCM normais.\" src=\"http:\/\/www.ciencianews.com.br\/homologacao\/wp-content\/uploads\/2013\/08\/img021.jpg\" width=\"300\" height=\"196\" \/><figcaption id=\"caption-attachment-894\" class=\"wp-caption-text\">Figura 2: Empilhamento de hem\u00e1cias (roleaux) e um plasm\u00f3cito em paciente com mieloma m\u00faltiplo. A anemia era discreta (Hb: 10,5g\/dL) com VCM e HCM normais.<\/figcaption><\/figure>\n<p style=\"text-align: justify;\">\n<figure id=\"attachment_895\" aria-describedby=\"caption-attachment-895\" style=\"width: 300px\" class=\"wp-caption aligncenter\"><img loading=\"lazy\" decoding=\"async\" class=\"size-full wp-image-895\" alt=\"Figura 3: Eletroforese de prote\u00ednas s\u00e9ricas em dois casos diferentes de mieloma (1) e (2), comparadas com prote\u00ednas normais (3 a 6). No caso 1 h\u00e1 uma gama monoclonal na regi\u00e3o t\u00edpica de IgG, com 35% de concentra\u00e7\u00e3o. No caso 2 a gama monoclonal est\u00e1 posicionada na regi\u00e3o t\u00edpica de IgA e tem concentra\u00e7\u00e3o de 65%.\" src=\"http:\/\/www.ciencianews.com.br\/homologacao\/wp-content\/uploads\/2013\/08\/img03.jpg\" width=\"300\" height=\"196\" \/><figcaption id=\"caption-attachment-895\" class=\"wp-caption-text\">Figura 3: Eletroforese de prote\u00ednas s\u00e9ricas em dois casos diferentes de mieloma (1) e (2), comparadas com prote\u00ednas normais (3 a 6). No caso 1 h\u00e1 uma gama monoclonal na regi\u00e3o t\u00edpica de IgG, com 35% de concentra\u00e7\u00e3o. No caso 2 a gama monoclonal est\u00e1 posicionada na regi\u00e3o t\u00edpica de IgA e tem concentra\u00e7\u00e3o de 65%.<\/figcaption><\/figure>\n","protected":false},"excerpt":{"rendered":"<p>Como a anemia normoc\u00edtica \u00e9 investigada? A anemia normoc\u00edtica, diferente das anemias micro e macroc\u00edticas, n\u00e3o possui um plano de investiga\u00e7\u00e3o definido. Outros diagn\u00f3sticos diferenciais de anemia normoc\u00edtica se imp\u00f5em: a anemia de sangramento agudo e a anemia hemol\u00edtica. Ambas [&hellip;]<\/p>\n","protected":false},"author":2,"featured_media":0,"parent":623,"menu_order":0,"comment_status":"closed","ping_status":"open","template":"","meta":{"_uag_custom_page_level_css":"","_joinchat":[],"footnotes":""},"class_list":["post-634","page","type-page","status-publish","hentry"],"uagb_featured_image_src":{"full":false,"thumbnail":false,"medium":false,"medium_large":false,"large":false,"1536x1536":false,"2048x2048":false,"post-thumbnail":false,"business-hub-blog":false,"business-hub-work":false},"uagb_author_info":{"display_name":"admin","author_link":"https:\/\/www.ciencianews.com.br\/index.php\/author\/admin\/"},"uagb_comment_info":0,"uagb_excerpt":"Como a anemia normoc\u00edtica \u00e9 investigada? A anemia normoc\u00edtica, diferente das anemias micro e macroc\u00edticas, n\u00e3o possui um plano de investiga\u00e7\u00e3o definido. Outros diagn\u00f3sticos diferenciais de anemia normoc\u00edtica se imp\u00f5em: a anemia de sangramento agudo e a anemia hemol\u00edtica. Ambas [&hellip;]","_links":{"self":[{"href":"https:\/\/www.ciencianews.com.br\/index.php\/wp-json\/wp\/v2\/pages\/634","targetHints":{"allow":["GET"]}}],"collection":[{"href":"https:\/\/www.ciencianews.com.br\/index.php\/wp-json\/wp\/v2\/pages"}],"about":[{"href":"https:\/\/www.ciencianews.com.br\/index.php\/wp-json\/wp\/v2\/types\/page"}],"author":[{"embeddable":true,"href":"https:\/\/www.ciencianews.com.br\/index.php\/wp-json\/wp\/v2\/users\/2"}],"replies":[{"embeddable":true,"href":"https:\/\/www.ciencianews.com.br\/index.php\/wp-json\/wp\/v2\/comments?post=634"}],"version-history":[{"count":3,"href":"https:\/\/www.ciencianews.com.br\/index.php\/wp-json\/wp\/v2\/pages\/634\/revisions"}],"predecessor-version":[{"id":996,"href":"https:\/\/www.ciencianews.com.br\/index.php\/wp-json\/wp\/v2\/pages\/634\/revisions\/996"}],"up":[{"embeddable":true,"href":"https:\/\/www.ciencianews.com.br\/index.php\/wp-json\/wp\/v2\/pages\/623"}],"wp:attachment":[{"href":"https:\/\/www.ciencianews.com.br\/index.php\/wp-json\/wp\/v2\/media?parent=634"}],"curies":[{"name":"wp","href":"https:\/\/api.w.org\/{rel}","templated":true}]}}