{"id":651,"date":"2013-07-31T17:21:43","date_gmt":"2013-07-31T17:21:43","guid":{"rendered":"http:\/\/localhost\/wordpress\/?page_id=651"},"modified":"2013-08-06T18:48:07","modified_gmt":"2013-08-06T18:48:07","slug":"casos-hematologicos-caso-10","status":"publish","type":"page","link":"https:\/\/www.ciencianews.com.br\/index.php\/publicacoes\/casos-clinicos\/casos-hematologicos\/casos-hematologicos-caso-10\/","title":{"rendered":"CASOS HEMATOL\u00d3GICOS &#8211; CASO 10"},"content":{"rendered":"<h3 style=\"text-align: justify;\"><strong>Como s\u00e3o explicados os mecanismos de hem\u00f3lise e as formas poiquiloc\u00edticas espec\u00edficas das anemias falciforme e esferoc\u00edtica?<\/strong><\/h3>\n<p style=\"text-align: justify;\">A anemia falciforme e a anemia esferoc\u00edtica s\u00e3o cosequ\u00eancias de cont\u00ednua destrui\u00e7\u00e3o de hem\u00e1cias no ba\u00e7o (hem\u00f3lise extravascular), retidas pela diminui\u00e7\u00e3o da deformabilidade e fagocitadas por macr\u00f3fagos (figura 7).<\/p>\n<figure id=\"attachment_899\" aria-describedby=\"caption-attachment-899\" style=\"width: 300px\" class=\"wp-caption aligncenter\"><img loading=\"lazy\" decoding=\"async\" class=\"size-full wp-image-899\" alt=\"Figura 7: Um esfer\u00f3cito \u00e9 fagocitado por macr\u00f3fago no sistema reticulo-endotelial do ba\u00e7o. Microscopia eletr\u00f4nica de varredura obtida pelo Prof. Marcel Bessis.\" src=\"http:\/\/www.ciencianews.com.br\/homologacao\/wp-content\/uploads\/2013\/08\/img07.jpg\" width=\"300\" height=\"196\" \/><figcaption id=\"caption-attachment-899\" class=\"wp-caption-text\">Figura 7: Um esfer\u00f3cito \u00e9 fagocitado por macr\u00f3fago no sistema reticulo-endotelial do ba\u00e7o. Microscopia eletr\u00f4nica de varredura obtida pelo Prof. Marcel Bessis.<\/figcaption><\/figure>\n<p style=\"text-align: justify;\">Na anemia falciforme, a rigidez do citoesqueleto \u00e9 decorr\u00eancia da presen\u00e7a da hemoglobina anormal polimerizada, tendo como achado morfol\u00f3gico as hem\u00e1cias alongadas e afiladas em diferentes formas, entre as quais a forma de foice \u00e9 a mais comum (figura 8).<\/p>\n<figure id=\"attachment_900\" aria-describedby=\"caption-attachment-900\" style=\"width: 300px\" class=\"wp-caption aligncenter\"><img loading=\"lazy\" decoding=\"async\" class=\"size-full wp-image-900\" alt=\"Figura 8: C\u00e9lula falciforme em microscopia eletr\u00f4nica de varredura.\" src=\"http:\/\/www.ciencianews.com.br\/homologacao\/wp-content\/uploads\/2013\/08\/img08.jpg\" width=\"300\" height=\"196\" \/><figcaption id=\"caption-attachment-900\" class=\"wp-caption-text\">Figura 8: C\u00e9lula falciforme em microscopia eletr\u00f4nica de varredura.<\/figcaption><\/figure>\n<p style=\"text-align: justify;\">Na esferocitose heredit\u00e1ria, a rigidez do citoesqueleto \u00e9 decorr\u00eancia da presen\u00e7a de prote\u00ednas da membrana anormais, tendo como achado morfol\u00f3gico as hem\u00e1cias esf\u00e9ricas, redondas e hipercoradas (figura 9).<\/p>\n<figure id=\"attachment_901\" aria-describedby=\"caption-attachment-901\" style=\"width: 300px\" class=\"wp-caption aligncenter\"><img loading=\"lazy\" decoding=\"async\" class=\"size-full wp-image-901\" alt=\"Figura 9: Microscopia eletr\u00f4nica de esfer\u00f3citos juntos com alguns eritr\u00f3citos normais de sangue coletado de paciente com anemia esferoc\u00edtica.\" src=\"http:\/\/www.ciencianews.com.br\/homologacao\/wp-content\/uploads\/2013\/08\/img09.jpg\" width=\"300\" height=\"196\" \/><figcaption id=\"caption-attachment-901\" class=\"wp-caption-text\">Figura 9: Microscopia eletr\u00f4nica de esfer\u00f3citos juntos com alguns eritr\u00f3citos normais de sangue coletado de paciente com anemia esferoc\u00edtica.<\/figcaption><\/figure>\n","protected":false},"excerpt":{"rendered":"<p>Como s\u00e3o explicados os mecanismos de hem\u00f3lise e as formas poiquiloc\u00edticas espec\u00edficas das anemias falciforme e esferoc\u00edtica? A anemia falciforme e a anemia esferoc\u00edtica s\u00e3o cosequ\u00eancias de cont\u00ednua destrui\u00e7\u00e3o de hem\u00e1cias no ba\u00e7o (hem\u00f3lise extravascular), retidas pela diminui\u00e7\u00e3o da deformabilidade [&hellip;]<\/p>\n","protected":false},"author":2,"featured_media":0,"parent":623,"menu_order":0,"comment_status":"closed","ping_status":"open","template":"","meta":{"_uag_custom_page_level_css":"","_joinchat":[],"footnotes":""},"class_list":["post-651","page","type-page","status-publish","hentry"],"uagb_featured_image_src":{"full":false,"thumbnail":false,"medium":false,"medium_large":false,"large":false,"1536x1536":false,"2048x2048":false,"post-thumbnail":false,"business-hub-blog":false,"business-hub-work":false},"uagb_author_info":{"display_name":"admin","author_link":"https:\/\/www.ciencianews.com.br\/index.php\/author\/admin\/"},"uagb_comment_info":0,"uagb_excerpt":"Como s\u00e3o explicados os mecanismos de hem\u00f3lise e as formas poiquiloc\u00edticas espec\u00edficas das anemias falciforme e esferoc\u00edtica? A anemia falciforme e a anemia esferoc\u00edtica s\u00e3o cosequ\u00eancias de cont\u00ednua destrui\u00e7\u00e3o de hem\u00e1cias no ba\u00e7o (hem\u00f3lise extravascular), retidas pela diminui\u00e7\u00e3o da deformabilidade [&hellip;]","_links":{"self":[{"href":"https:\/\/www.ciencianews.com.br\/index.php\/wp-json\/wp\/v2\/pages\/651","targetHints":{"allow":["GET"]}}],"collection":[{"href":"https:\/\/www.ciencianews.com.br\/index.php\/wp-json\/wp\/v2\/pages"}],"about":[{"href":"https:\/\/www.ciencianews.com.br\/index.php\/wp-json\/wp\/v2\/types\/page"}],"author":[{"embeddable":true,"href":"https:\/\/www.ciencianews.com.br\/index.php\/wp-json\/wp\/v2\/users\/2"}],"replies":[{"embeddable":true,"href":"https:\/\/www.ciencianews.com.br\/index.php\/wp-json\/wp\/v2\/comments?post=651"}],"version-history":[{"count":3,"href":"https:\/\/www.ciencianews.com.br\/index.php\/wp-json\/wp\/v2\/pages\/651\/revisions"}],"predecessor-version":[{"id":1001,"href":"https:\/\/www.ciencianews.com.br\/index.php\/wp-json\/wp\/v2\/pages\/651\/revisions\/1001"}],"up":[{"embeddable":true,"href":"https:\/\/www.ciencianews.com.br\/index.php\/wp-json\/wp\/v2\/pages\/623"}],"wp:attachment":[{"href":"https:\/\/www.ciencianews.com.br\/index.php\/wp-json\/wp\/v2\/media?parent=651"}],"curies":[{"name":"wp","href":"https:\/\/api.w.org\/{rel}","templated":true}]}}