{"id":659,"date":"2013-07-31T17:25:34","date_gmt":"2013-07-31T17:25:34","guid":{"rendered":"http:\/\/localhost\/wordpress\/?page_id=659"},"modified":"2013-08-05T20:10:58","modified_gmt":"2013-08-05T20:10:58","slug":"casos-hematologicos-caso-11-2","status":"publish","type":"page","link":"https:\/\/www.ciencianews.com.br\/index.php\/publicacoes\/casos-clinicos\/casos-hematologicos\/casos-hematologicos-caso-11-2\/","title":{"rendered":"CASOS HEMATOL\u00d3GICOS &#8211; CASO 12"},"content":{"rendered":"<h3 style=\"text-align: justify;\"><strong>Quais os achados do hemograma e os exames complementares para a esferocitose heredit\u00e1ria?<\/strong><\/h3>\n<p style=\"text-align: justify;\">No hemograma, a anisopoiquilocitose \u00e9 discreta e os esfer\u00f3citos possuem maior concentra\u00e7\u00e3o de hemoglobina (CHCM aumentada).<\/p>\n<p>Outros exames s\u00e3o:<\/p>\n<ol>\n<li style=\"text-align: justify;\">curva de resist\u00eancia globular osm\u00f3tica, onde as hem\u00e1cias esferoc\u00edticas se rompem precocemente em concentra\u00e7\u00f5es maiores que 0,5% de NaCl, desviando a curva para a direita.<\/li>\n<li style=\"text-align: justify;\">teste de Coombs direto realizado para excluir as doen\u00e7as auto-imunes, onde tamb\u00e9m h\u00e1 presen\u00e7a de esfer\u00f3citos, resulta negativo na esferocitose heredit\u00e1ria.<\/li>\n<\/ol>\n","protected":false},"excerpt":{"rendered":"<p>Quais os achados do hemograma e os exames complementares para a esferocitose heredit\u00e1ria? No hemograma, a anisopoiquilocitose \u00e9 discreta e os esfer\u00f3citos possuem maior concentra\u00e7\u00e3o de hemoglobina (CHCM aumentada). Outros exames s\u00e3o: curva de resist\u00eancia globular osm\u00f3tica, onde as hem\u00e1cias [&hellip;]<\/p>\n","protected":false},"author":2,"featured_media":0,"parent":623,"menu_order":0,"comment_status":"closed","ping_status":"open","template":"","meta":{"_uag_custom_page_level_css":"","_joinchat":[],"footnotes":""},"class_list":["post-659","page","type-page","status-publish","hentry"],"uagb_featured_image_src":{"full":false,"thumbnail":false,"medium":false,"medium_large":false,"large":false,"1536x1536":false,"2048x2048":false,"post-thumbnail":false,"business-hub-blog":false,"business-hub-work":false},"uagb_author_info":{"display_name":"admin","author_link":"https:\/\/www.ciencianews.com.br\/index.php\/author\/admin\/"},"uagb_comment_info":0,"uagb_excerpt":"Quais os achados do hemograma e os exames complementares para a esferocitose heredit\u00e1ria? No hemograma, a anisopoiquilocitose \u00e9 discreta e os esfer\u00f3citos possuem maior concentra\u00e7\u00e3o de hemoglobina (CHCM aumentada). Outros exames s\u00e3o: curva de resist\u00eancia globular osm\u00f3tica, onde as hem\u00e1cias [&hellip;]","_links":{"self":[{"href":"https:\/\/www.ciencianews.com.br\/index.php\/wp-json\/wp\/v2\/pages\/659","targetHints":{"allow":["GET"]}}],"collection":[{"href":"https:\/\/www.ciencianews.com.br\/index.php\/wp-json\/wp\/v2\/pages"}],"about":[{"href":"https:\/\/www.ciencianews.com.br\/index.php\/wp-json\/wp\/v2\/types\/page"}],"author":[{"embeddable":true,"href":"https:\/\/www.ciencianews.com.br\/index.php\/wp-json\/wp\/v2\/users\/2"}],"replies":[{"embeddable":true,"href":"https:\/\/www.ciencianews.com.br\/index.php\/wp-json\/wp\/v2\/comments?post=659"}],"version-history":[{"count":1,"href":"https:\/\/www.ciencianews.com.br\/index.php\/wp-json\/wp\/v2\/pages\/659\/revisions"}],"predecessor-version":[{"id":822,"href":"https:\/\/www.ciencianews.com.br\/index.php\/wp-json\/wp\/v2\/pages\/659\/revisions\/822"}],"up":[{"embeddable":true,"href":"https:\/\/www.ciencianews.com.br\/index.php\/wp-json\/wp\/v2\/pages\/623"}],"wp:attachment":[{"href":"https:\/\/www.ciencianews.com.br\/index.php\/wp-json\/wp\/v2\/media?parent=659"}],"curies":[{"name":"wp","href":"https:\/\/api.w.org\/{rel}","templated":true}]}}