{"id":6815,"date":"2023-05-29T17:53:36","date_gmt":"2023-05-29T17:53:36","guid":{"rendered":"https:\/\/www.ciencianews.com.br\/?page_id=6815"},"modified":"2024-11-11T22:29:19","modified_gmt":"2024-11-11T22:29:19","slug":"microbiologia-clinica-e-laboratorial","status":"publish","type":"page","link":"https:\/\/www.ciencianews.com.br\/index.php\/microbiologia-clinica-e-laboratorial\/","title":{"rendered":"Microbiologia Cl\u00ednica e Laboratorial"},"content":{"rendered":"\n<figure class=\"wp-block-image size-large is-resized\"><img loading=\"lazy\" decoding=\"async\" src=\"https:\/\/www.ciencianews.com.br\/wp-content\/uploads\/2024\/09\/microbiologia-clinica-e-laboratorial-1-1-1024x576.png\" alt=\"P\u00f3s-Gradua\u00e7\u00e3o em Microbiologia Cl\u00ednica e Laboratorial da AC&amp;T.\" class=\"wp-image-7596\" width=\"512\" height=\"288\" srcset=\"https:\/\/www.ciencianews.com.br\/wp-content\/uploads\/2024\/09\/microbiologia-clinica-e-laboratorial-1-1-1024x576.png 1024w, https:\/\/www.ciencianews.com.br\/wp-content\/uploads\/2024\/09\/microbiologia-clinica-e-laboratorial-1-1-300x169.png 300w, https:\/\/www.ciencianews.com.br\/wp-content\/uploads\/2024\/09\/microbiologia-clinica-e-laboratorial-1-1-768x432.png 768w, https:\/\/www.ciencianews.com.br\/wp-content\/uploads\/2024\/09\/microbiologia-clinica-e-laboratorial-1-1-1536x864.png 1536w, https:\/\/www.ciencianews.com.br\/wp-content\/uploads\/2024\/09\/microbiologia-clinica-e-laboratorial-1-1-658x370.png 658w, https:\/\/www.ciencianews.com.br\/wp-content\/uploads\/2024\/09\/microbiologia-clinica-e-laboratorial-1-1.png 1920w\" sizes=\"auto, (max-width: 512px) 100vw, 512px\" \/><\/figure>\n\n\n\n<p><strong>SOBRE O CURSO<\/strong><\/p>\n\n\n\n<p>\u00c9 um curso de P\u00f3s-Gradua\u00e7\u00e3o Lato-Sensu, n\u00edvel de Especializa\u00e7\u00e3o, oferecido em parceria com a Faculdade FACERES, e destinado a profissionais das \u00e1reas de An\u00e1lises Cl\u00ednicas e Patologia Cl\u00ednica, bem como para outros profissionais da \u00e1rea de sa\u00fade em busca de especializa\u00e7\u00e3o de qualidade. O objetivo do curso \u00e9 oferecer aos profissionais participantes as mais recentes informa\u00e7\u00f5es conceituais e tecnol\u00f3gicas em microbiologia, com foco no diagn\u00f3stico laboratorial. O curso foi elaborado acordo com a orienta\u00e7\u00e3o pedag\u00f3gica para cursos de especializa\u00e7\u00e3o contidas nas resolu\u00e7\u00f5es CSE\/CES n\u00ba 01 de 06 de abril de 2018 do MEC e o certificado ter\u00e1 o credenciamento junto ao MEC.<\/p>\n\n\n\n<p><strong>DURA\u00c7\u00c3O DO CURSO<\/strong><\/p>\n\n\n\n<p>16 meses (fevereiro de 2025 a maio de 2026)<\/p>\n\n\n\n<p><strong>DIN\u00c2MICA DAS AULAS<\/strong><\/p>\n\n\n\n<p>O curso ter\u00e1 16 m\u00f3dulos no total, sendo 9 presenciais e 7 online. Nas nove aulas presenciais o aluno tem a obrigatoriedade de freq\u00fcentar 75% das aulas (sete aulas, no m\u00ednimo). Cada m\u00f3dulo presencial consiste de um s\u00e1bado, das 8h00 \u00e0s 17h00, e um domingo das 8h00 \u00e0s 11h00. H\u00e1 intervalos regulares para coffee-break e almo\u00e7o. Nos m\u00f3dulos presenciais, o aluno tem a obrigatoriedade de freq\u00fcentar 75% das aulas.<\/p>\n\n\n\n<p><strong>EMENTA<\/strong><\/p>\n\n\n\n<p>Ser\u00e3o apresentadas as principais patologias e suas rela\u00e7\u00f5es fisiopatol\u00f3gicas com interpreta\u00e7\u00f5es de v\u00e1rios exames laboratoriais microbiol\u00f3gicos, incluindo interpreta\u00e7\u00e3o de resultados e expedi\u00e7\u00e3o de laudos. Os alunos do curso ter\u00e3o livre acesso aos slides e v\u00eddeo-aulas que comp\u00f5em o curso..<\/p>\n\n\n\n<p><strong>FACILIDADES E DIFERENCIAIS<\/strong><\/p>\n\n\n\n<ul class=\"wp-block-list\"><li><strong>Acomoda\u00e7\u00e3o gratuita nos Flats da AC&amp;T<\/strong>, com duas pessoas em cada quarto. H\u00e1 apartamentos para homens e mulheres, que s\u00e3o equipados com cozinha, banheiro, sala de TV e \u00e1rea de servi\u00e7o.<\/li><li>Transfer gratuito em Vans para os alunos (flats para AC&amp;T e retorno)<\/li><li>Caf\u00e9 da manh\u00e3 na AC&amp;T e nos intervalos de aulas<\/li><li>Professores renomados e altamente qualificados<\/li><li>P\u00f3s reconhecida pelo MEC<\/li><li>Institui\u00e7\u00e3o com 23 anos de atua\u00e7\u00e3o em P\u00f3s-Gradua\u00e7\u00e3o<\/li><\/ul>\n\n\n\n<p><strong>INVESTIMENTO<\/strong><\/p>\n\n\n\n<p>16 parcelas mensais de R$ 650,00 (<strong>dep\u00f3sito mensal; transfer\u00eancia banc\u00e1ria; PIX ou cheques pr\u00e9-datados<\/strong>). Inclui (cortesia): acomoda\u00e7\u00e3o em quartos para duas pessoas nos Flats da AC&amp;T, transporte de van do Flat para a AC&amp;T (ida e retorno), caf\u00e9 da manh\u00e3 e coffee-break. Pagamento \u00e0 vista tem 10% de desconto do valor total do curso.<\/p>\n\n\n\n<hr class=\"wp-block-separator is-style-wide\"\/>\n\n\n\n<p class=\"has-text-color\" style=\"color:#04935e\"><strong>GARANTA J\u00c1 A SUA VAGA &#8211; Taxa de Matr\u00edcula (R$150):<\/strong><\/p>\n\n\n\n<!-- INICIO DO BOTAO PAGBANK --><a href=\"https:\/\/pag.ae\/7-UzNjZHQ\/button\" target=\"_blank\" title=\"Pagar com PagBank\" rel=\"noopener noreferrer\"><img decoding=\"async\" src=\"\/\/assets.pagseguro.com.br\/ps-integration-assets\/botoes\/pagamentos\/205x30-pagar.gif\" alt=\"Pague com PagBank - \u00e9 r\u00e1pido, gr\u00e1tis e seguro!\" \/><\/a><!-- FIM DO BOTAO PAGBANK -->\n\n\n\n<hr class=\"wp-block-separator is-style-wide\"\/>\n\n\n\n<p><strong>CORPO DOCENTE<\/strong><\/p>\n\n\n\n<div class=\"wp-block-media-text alignwide is-stacked-on-mobile\" style=\"grid-template-columns:17% auto\"><figure class=\"wp-block-media-text__media\"><img loading=\"lazy\" decoding=\"async\" width=\"1021\" height=\"1024\" src=\"https:\/\/www.ciencianews.com.br\/wp-content\/uploads\/2023\/05\/Foto-sem-fundo-3-1021x1024.png\" alt=\"\" class=\"wp-image-7153\" srcset=\"https:\/\/www.ciencianews.com.br\/wp-content\/uploads\/2023\/05\/Foto-sem-fundo-3-1021x1024.png 1021w, https:\/\/www.ciencianews.com.br\/wp-content\/uploads\/2023\/05\/Foto-sem-fundo-3-300x300.png 300w, https:\/\/www.ciencianews.com.br\/wp-content\/uploads\/2023\/05\/Foto-sem-fundo-3-150x150.png 150w, https:\/\/www.ciencianews.com.br\/wp-content\/uploads\/2023\/05\/Foto-sem-fundo-3-768x770.png 768w, https:\/\/www.ciencianews.com.br\/wp-content\/uploads\/2023\/05\/Foto-sem-fundo-3-369x370.png 369w, https:\/\/www.ciencianews.com.br\/wp-content\/uploads\/2023\/05\/Foto-sem-fundo-3.png 1122w\" sizes=\"auto, (max-width: 1021px) 100vw, 1021px\" \/><\/figure><div class=\"wp-block-media-text__content\">\n<p class=\"has-small-font-size\"><strong>Coordena\u00e7\u00e3o Geral &nbsp;&nbsp;&nbsp;&nbsp;&nbsp;&nbsp;&nbsp;&nbsp;&nbsp;&nbsp;&nbsp;&nbsp;&nbsp;&nbsp;&nbsp;&nbsp;&nbsp;&nbsp;&nbsp;&nbsp;&nbsp;&nbsp;&nbsp;&nbsp;&nbsp;&nbsp;&nbsp;&nbsp;<\/strong><\/p>\n\n\n\n<p class=\"has-small-font-size\"><strong><em>Prof. Dr. Fl\u00e1vio Augusto Naoum<\/em><\/strong>. <em>M\u00e9dico Hematologista. Mestre em Hematologia e Hemoterapia pela USP. Doutor em Medicina Interna pela FAMERP. P\u00f3s-doutorado em Hematologia pela Universidade de Middlesex (Inglaterra). Professor de Hematologia da Faculdade de Medicina FACERES de S\u00e3o Jos\u00e9 do Rio Preto, consultor em Hematologia do Laborat\u00f3rio Ultra-X, diretor do Instituto Naoum de Hematologia e diretor cl\u00ednico da AC&amp;T.<\/em><\/p>\n<\/div><\/div>\n\n\n\n<div class=\"wp-block-media-text alignwide is-stacked-on-mobile\" style=\"grid-template-columns:17% auto\"><figure class=\"wp-block-media-text__media\"><img loading=\"lazy\" decoding=\"async\" width=\"530\" height=\"535\" src=\"https:\/\/www.ciencianews.com.br\/wp-content\/uploads\/2023\/05\/Margarete.png\" alt=\"\" class=\"wp-image-7200\" srcset=\"https:\/\/www.ciencianews.com.br\/wp-content\/uploads\/2023\/05\/Margarete.png 530w, https:\/\/www.ciencianews.com.br\/wp-content\/uploads\/2023\/05\/Margarete-297x300.png 297w, https:\/\/www.ciencianews.com.br\/wp-content\/uploads\/2023\/05\/Margarete-150x150.png 150w, https:\/\/www.ciencianews.com.br\/wp-content\/uploads\/2023\/05\/Margarete-367x370.png 367w\" sizes=\"auto, (max-width: 530px) 100vw, 530px\" \/><\/figure><div class=\"wp-block-media-text__content\">\n<p class=\"has-small-font-size\"><strong>Coordena\u00e7\u00e3o Cient\u00edfica &nbsp;&nbsp;&nbsp;&nbsp;&nbsp;&nbsp;&nbsp;&nbsp;&nbsp;&nbsp;&nbsp;&nbsp;&nbsp;&nbsp;&nbsp;&nbsp;&nbsp;&nbsp;&nbsp;&nbsp;&nbsp;&nbsp;&nbsp;&nbsp;&nbsp;&nbsp;&nbsp;&nbsp;<\/strong><\/p>\n\n\n\n<p class=\"has-small-font-size\"><strong><em><strong><em>Profa. Dra. Margarete Teresa Gottardo de Almeida<\/em><\/strong>. <\/em><\/strong><em>Bi\u00f3loga. Mestre e Doutora pela Faculdade de Medicina de S\u00e3o Jos\u00e9 do Rio Preto (FAMERP). Respons\u00e1vel pelo laborat\u00f3rio de microbiologia da FAMERP. Professora adjunta da FAMERP. Orientadora dos programas de mestrado e doutorado de P\u00f3s-Gradua\u00e7\u00e3o em microbiologia da UNESP. A Profa Margarete figura entre os cientistas mais influentes da Am\u00e9rica Latina segundo o ranking AD Scientific Index 2021.<\/em><\/p>\n<\/div><\/div>\n\n\n\n<hr class=\"wp-block-separator\"\/>\n\n\n\n<p class=\"has-text-align-center has-text-color\" style=\"color:#04935e\"><strong> TEM INTERESSE? Reserve sua vaga abaixo: <\/strong><\/p>\n\n\n\n<div class=\"wp-block-buttons aligncenter is-layout-flex wp-block-buttons-is-layout-flex\">\n<div class=\"wp-block-button\"><a class=\"wp-block-button__link has-vivid-green-cyan-background-color has-text-color has-background\" href=\"https:\/\/www.ciencianews.com.br\/index.php\/inscricao-para-pos-graduacao\/\" style=\"border-radius:10px;color:#fffffa\" target=\"_blank\" rel=\"noreferrer noopener\">Fa\u00e7a sua reserva<\/a><\/div>\n\n\n\n<div class=\"wp-block-button\"><a class=\"wp-block-button__link has-luminous-vivid-orange-background-color has-text-color has-background\" href=\"https:\/\/pag.ae\/7-UzNjZHQ\" style=\"border-radius:10px;color:#fffffa\">Garanta sua vaga<\/a><\/div>\n<\/div>\n\n\n\n<p class=\"has-text-align-center has-text-color\" style=\"color:#04935e\"><strong> ATEN\u00c7\u00c3O: a reserva n\u00e3o \u00e9 garantia de vaga (a prefer\u00eancia ser\u00e1 de quem j\u00e1 efetuou o pagamento da taxa de matr\u00edcula)  <\/strong><\/p>\n\n\n\n<hr class=\"wp-block-separator\"\/>\n\n\n\n<p><strong>PROGRAMA\u00c7\u00c3O CRONOL\u00d3GICA E TEM\u00c1TICA DO CURSO<\/strong> <strong>(<\/strong><strong>ONLINE<\/strong><strong> E <\/strong><strong>PRESENCIAL<\/strong><strong>)<\/strong><\/p>\n\n\n\n<p><strong>22 e 23 de Fevereiro de 2025 \u2013 PRESENCIAL<\/strong><\/p>\n\n\n\n<p>Aspectos introdut\u00f3rios da microbiologia m\u00e9dica no Laborat\u00f3rio de An\u00e1lises Cl\u00ednicas.<\/p>\n\n\n\n<p>Biosseguran\u00e7a: Classifica\u00e7\u00e3o dos Laborat\u00f3rios (N\u00edveis NB1,2 3 4) &#8211; Instala\u00e7\u00f5es Laboratoriais- Equipamentos de prote\u00e7\u00e3o individual e coletivo<\/p>\n\n\n\n<p>Normas de Boas pr\u00e1ticas no Laborat\u00f3rio de microbiologia<\/p>\n\n\n\n<p><strong>22 e 23 de Mar\u00e7o de 2025 \u2013 PRESENCIAL<\/strong><\/p>\n\n\n\n<p>Fisiopatologia das infec\u00e7\u00f5es do trato respirat\u00f3rio.<\/p>\n\n\n\n<p>Fisiopatologia das infec\u00e7\u00f5es do trato urin\u00e1rio.<\/p>\n\n\n\n<p>Microrganismos prevalentes e emergentes apresentados como causa de etiologia das doen\u00e7as nos sistemas respirat\u00f3rio e urin\u00e1rio<\/p>\n\n\n\n<p><strong>Abril de 2025 \u2013 ONLINE*<\/strong><\/p>\n\n\n\n<p>Resposta imune \u2013 Revis\u00e3o<\/p>\n\n\n\n<p>Imunodefici\u00eancias e infec\u00e7\u00f5es oportunistas<\/p>\n\n\n\n<p>*Intera\u00e7\u00e3o online ao vivo sobre o tema com Prof. Dr. Fl\u00e1vio Naoum no dia 14\/04 \u00e0s 19h00<\/p>\n\n\n\n<p>&nbsp;<strong>24 e 25 de Maio de 2025 \u2013 PRESENCIAL COM PR\u00c1TICA<\/strong><\/p>\n\n\n\n<p>Diagnostico laboratorial das Infec\u00e7\u00f5es do Trato respirat\u00f3rio.<\/p>\n\n\n\n<p>Diagnostico laboratorial das Infec\u00e7\u00f5es do Trato urin\u00e1rio.<\/p>\n\n\n\n<p>Discuss\u00e3o de casos cl\u00ednicos espec\u00edficos.<\/p>\n\n\n\n<p>Coleta, an\u00e1lises laboratoriais pr\u00e9 e p\u00f3s-anal\u00edticas<\/p>\n\n\n\n<p><strong>Junho de 2025 \u2013 ONLINE <\/strong><strong><\/strong><\/p>\n\n\n\n<p>Fisiopatologia das infec\u00e7\u00f5es do trato genital.<\/p>\n\n\n\n<p>Fisiopatologia das infec\u00e7\u00f5es do trato gastrointestinal.<\/p>\n\n\n\n<p>Microrganismos prevalentes e emergentes apresentados como causa de etiologia das doen\u00e7as nos sistemas genital e gastrointestinal<\/p>\n\n\n\n<p><em>Intera\u00e7\u00e3o online com Profa Margarete (Dados internacionais sobre pesquisas em microbioma)<\/em><\/p>\n\n\n\n<p><strong>19 e 20 de Julho de 2025 \u2013 PRESENCIAL COM PR\u00c1TICA<\/strong><\/p>\n\n\n\n<p>Diagnostico laboratorial das Infec\u00e7\u00f5es do Trato genital.<\/p>\n\n\n\n<p>Diagnostico laboratorial das Infec\u00e7\u00f5es do Trato gastrointestinal.<\/p>\n\n\n\n<p>Discuss\u00e3o de casos espec\u00edficos.<\/p>\n\n\n\n<p>Coleta, an\u00e1lises laboratoriais pr\u00e9 e p\u00f3s-anal\u00edticas<\/p>\n\n\n\n<p><strong>Agosto de 2025 \u2013 ONLINE<\/strong><\/p>\n\n\n\n<p>Fisiopatologia das infec\u00e7\u00f5es sist\u00eamicas (sepse).<\/p>\n\n\n\n<p>Fisiopatologia das infec\u00e7\u00f5es do Sistema Nervoso.<\/p>\n\n\n\n<p>Microrganismos prevalentes e emergentes apresentados como causa de etiologia da Sepse e Sistema Nervoso Central<\/p>\n\n\n\n<p><em>Intera\u00e7\u00e3o online com Profa Margarete (<\/em>Mecanismo de a\u00e7\u00e3o aos antimicrobianos)<\/p>\n\n\n\n<p>&nbsp;<strong>13 e 14 de Setembro de 2025 &#8211; PRESENCIAL<\/strong><\/p>\n\n\n\n<p>Diagnostico laboratorial das Infec\u00e7\u00f5es sist\u00eamicas<\/p>\n\n\n\n<p>Diagnostico laboratorial das Infec\u00e7\u00f5es do Sistema Nervoso<\/p>\n\n\n\n<p>Coleta, an\u00e1lises laboratoriais pr\u00e9 e p\u00f3s-anal\u00edticas<\/p>\n\n\n\n<p>Antibiograma \u2013 Protocolos nacionais (BR CAST) e internacionais (EUCAST CLSI).&nbsp;<\/p>\n\n\n\n<p><strong>Outubro de 2025 \u2013 ONLINE E AO VIVO<\/strong><\/p>\n\n\n\n<p>Aula Metodologia cient\u00edfica \u2013 TCC em 18\/10 (das 08h30 \u00e0s 12h00)<\/p>\n\n\n\n<p><em>OBS: Libera\u00e7\u00e3o do acesso online \u00e0s aulas: a) Introdu\u00e7\u00e3o \u00e0 Micologia M\u00e9dica. b) Fisiologia dos fungos em laborat\u00f3rio. c) Patog\u00eanese da doen\u00e7a F\u00fangica<\/em><\/p>\n\n\n\n<p><strong>29 e 30 de Novembro de 2025 \u2013 PRESENCIAL COM PR\u00c1TICA<\/strong><\/p>\n\n\n\n<p><em>Infec\u00e7\u00f5es f\u00fangicas superficiais.<\/em> Fungos dermat\u00f3fitos, n\u00e3o dermat\u00f3fitos e leveduras<\/p>\n\n\n\n<p>Coleta de material cl\u00ednico para exame micol\u00f3gico.<\/p>\n\n\n\n<p>Conhecimento de m\u00e9todos diagn\u00f3sticos laboratoriais para fungo de micoses superficiais.<\/p>\n\n\n\n<p>Discuss\u00e3o de casos espec\u00edficos<\/p>\n\n\n\n<p><strong>Dezembro de 2025 \u2013 ONLINE<\/strong><\/p>\n\n\n\n<p>Micoses subcut\u00e2neas: Cromomicose, Esporotricose, Micetoma.<\/p>\n\n\n\n<p>Fungos prevalentes apresentados como causa de etiologia de micose subcut\u00e2nea<\/p>\n\n\n\n<p><em>Intera\u00e7\u00e3o online com Profa Margarete (Fungos Emergentes)<\/em><\/p>\n\n\n\n<p><strong>17 e 18 de Janeiro de 2026 \u2013 PRESENCIAL COM PR\u00c1TICA<\/strong><\/p>\n\n\n\n<p>Hialohifomicose, Feohifomicose<\/p>\n\n\n\n<p>Coleta, Conhecimento de m\u00e9todos diagn\u00f3sticos laboratoriais para fungo de micoses subcut\u00e2neas.<\/p>\n\n\n\n<p>Discuss\u00e3o de casos espec\u00edficos.&nbsp;<\/p>\n\n\n\n<p><strong>Fevereiro de 2026 &#8211; ONLINE<\/strong><\/p>\n\n\n\n<p>Micoses profundas: Paracoccidiomicose, Histoplasmose, Coccidiomicose e Blastomicose.<\/p>\n\n\n\n<p><em>Intera\u00e7\u00e3o online com Profa Margarete (Mecanismos de a\u00e7\u00e3o de ant\u00edf\u00fangicos)<\/em><\/p>\n\n\n\n<p><strong>14 e 15 de Mar\u00e7o de 2026 \u2013 PRESENCIAL COM PR\u00c1TICA<\/strong><\/p>\n\n\n\n<p>Micoses oportunistas: Aspergilose, Criptococose, Candid\u00edase<\/p>\n\n\n\n<p>Coleta e conhecimento de m\u00e9todos diagn\u00f3sticos laboratoriais para fungos de micoses profundas. Discuss\u00e3o de casos espec\u00edficos.<\/p>\n\n\n\n<p>Antifungigrama<\/p>\n\n\n\n<p><strong>Abril de 2026 \u2013 ONLINE<\/strong><\/p>\n\n\n\n<p>Intera\u00e7\u00e3o online \u2013 Virologia (principais v\u00edrus de import\u00e2ncia cl\u00ednica)<\/p>\n\n\n\n<p><em>OBS: Libera\u00e7\u00e3o do acesso online \u00e0s aulas: a)<\/em> <em>O Laborat\u00f3rio Microbiol\u00f3gico no diagn\u00f3stico de doen\u00e7as virais. b) RNA-v\u00edrus Fam\u00edlia: Picornaviridae Rhabdoviridae Paramyxoviridae Togaviridae Flaviviridae. Retroviridae Coronaviridae. c) DNA-v\u00edrus Fam\u00edlia: Herpesviridae; Adenoviridae Papovaviridae Poxviridae Parvoviridae<\/em><\/p>\n\n\n\n<p><strong>16 de Maio de 2026 \u2013 PRESENCIAL<\/strong><\/p>\n\n\n\n<p>Indica\u00e7\u00f5es <em>Up-to-date<\/em> em microbiologia cl\u00ednica<\/p>\n\n\n\n<p>Certifica\u00e7\u00e3o e jantar de confraterniza\u00e7\u00e3o oferecido pela AC&amp;T.<\/p>\n","protected":false},"excerpt":{"rendered":"<p>SOBRE O CURSO \u00c9 um curso de P\u00f3s-Gradua\u00e7\u00e3o Lato-Sensu, n\u00edvel de Especializa\u00e7\u00e3o, oferecido em parceria com a Faculdade FACERES, e destinado a profissionais das \u00e1reas de An\u00e1lises Cl\u00ednicas e Patologia Cl\u00ednica, bem como para outros profissionais da \u00e1rea de sa\u00fade [&hellip;]<\/p>\n","protected":false},"author":3,"featured_media":0,"parent":0,"menu_order":0,"comment_status":"closed","ping_status":"closed","template":"","meta":{"_uag_custom_page_level_css":"","_joinchat":[],"footnotes":""},"class_list":["post-6815","page","type-page","status-publish","hentry"],"uagb_featured_image_src":{"full":false,"thumbnail":false,"medium":false,"medium_large":false,"large":false,"1536x1536":false,"2048x2048":false,"post-thumbnail":false,"business-hub-blog":false,"business-hub-work":false},"uagb_author_info":{"display_name":"Academia de Ci\u00eancia e Tecnologia","author_link":"https:\/\/www.ciencianews.com.br\/index.php\/author\/administrador\/"},"uagb_comment_info":0,"uagb_excerpt":"SOBRE O CURSO \u00c9 um curso de P\u00f3s-Gradua\u00e7\u00e3o Lato-Sensu, n\u00edvel de Especializa\u00e7\u00e3o, oferecido em parceria com a Faculdade FACERES, e destinado a profissionais das \u00e1reas de An\u00e1lises Cl\u00ednicas e Patologia Cl\u00ednica, bem como para outros profissionais da \u00e1rea de sa\u00fade [&hellip;]","_links":{"self":[{"href":"https:\/\/www.ciencianews.com.br\/index.php\/wp-json\/wp\/v2\/pages\/6815","targetHints":{"allow":["GET"]}}],"collection":[{"href":"https:\/\/www.ciencianews.com.br\/index.php\/wp-json\/wp\/v2\/pages"}],"about":[{"href":"https:\/\/www.ciencianews.com.br\/index.php\/wp-json\/wp\/v2\/types\/page"}],"author":[{"embeddable":true,"href":"https:\/\/www.ciencianews.com.br\/index.php\/wp-json\/wp\/v2\/users\/3"}],"replies":[{"embeddable":true,"href":"https:\/\/www.ciencianews.com.br\/index.php\/wp-json\/wp\/v2\/comments?post=6815"}],"version-history":[{"count":34,"href":"https:\/\/www.ciencianews.com.br\/index.php\/wp-json\/wp\/v2\/pages\/6815\/revisions"}],"predecessor-version":[{"id":8039,"href":"https:\/\/www.ciencianews.com.br\/index.php\/wp-json\/wp\/v2\/pages\/6815\/revisions\/8039"}],"wp:attachment":[{"href":"https:\/\/www.ciencianews.com.br\/index.php\/wp-json\/wp\/v2\/media?parent=6815"}],"curies":[{"name":"wp","href":"https:\/\/api.w.org\/{rel}","templated":true}]}}