{"id":7378,"date":"2024-01-03T21:14:31","date_gmt":"2024-01-03T21:14:31","guid":{"rendered":"https:\/\/www.ciencianews.com.br\/?page_id=7378"},"modified":"2025-08-11T13:53:07","modified_gmt":"2025-08-11T13:53:07","slug":"preceptoria-em-citologia-hematologica-avancada","status":"publish","type":"page","link":"https:\/\/www.ciencianews.com.br\/index.php\/preceptoria-em-citologia-hematologica-avancada\/","title":{"rendered":"4\u00aa Preceptoria em Citologia Hematol\u00f3gica Avan\u00e7ada"},"content":{"rendered":"\n<div style=\"height:25px\" aria-hidden=\"true\" class=\"wp-block-spacer\"><\/div>\n\n\n\n<figure class=\"wp-block-image size-large is-resized\"><img loading=\"lazy\" decoding=\"async\" width=\"1024\" height=\"1024\" src=\"https:\/\/www.ciencianews.com.br\/wp-content\/uploads\/2025\/06\/36-1024x1024.png\" alt=\"\" class=\"wp-image-7734\" style=\"width:768px\" srcset=\"https:\/\/www.ciencianews.com.br\/wp-content\/uploads\/2025\/06\/36-1024x1024.png 1024w, https:\/\/www.ciencianews.com.br\/wp-content\/uploads\/2025\/06\/36-300x300.png 300w, https:\/\/www.ciencianews.com.br\/wp-content\/uploads\/2025\/06\/36-150x150.png 150w, https:\/\/www.ciencianews.com.br\/wp-content\/uploads\/2025\/06\/36-768x768.png 768w, https:\/\/www.ciencianews.com.br\/wp-content\/uploads\/2025\/06\/36-1536x1536.png 1536w, https:\/\/www.ciencianews.com.br\/wp-content\/uploads\/2025\/06\/36-370x370.png 370w, https:\/\/www.ciencianews.com.br\/wp-content\/uploads\/2025\/06\/36.png 1654w\" sizes=\"auto, (max-width: 1024px) 100vw, 1024px\" \/><\/figure>\n\n\n\n<figure class=\"wp-block-image size-large is-resized\"><img loading=\"lazy\" decoding=\"async\" width=\"1024\" height=\"1024\" src=\"https:\/\/www.ciencianews.com.br\/wp-content\/uploads\/2025\/06\/37-1024x1024.png\" alt=\"\" class=\"wp-image-7735\" style=\"width:768px\" srcset=\"https:\/\/www.ciencianews.com.br\/wp-content\/uploads\/2025\/06\/37-1024x1024.png 1024w, https:\/\/www.ciencianews.com.br\/wp-content\/uploads\/2025\/06\/37-300x300.png 300w, https:\/\/www.ciencianews.com.br\/wp-content\/uploads\/2025\/06\/37-150x150.png 150w, https:\/\/www.ciencianews.com.br\/wp-content\/uploads\/2025\/06\/37-768x768.png 768w, https:\/\/www.ciencianews.com.br\/wp-content\/uploads\/2025\/06\/37-1536x1536.png 1536w, https:\/\/www.ciencianews.com.br\/wp-content\/uploads\/2025\/06\/37-370x370.png 370w, https:\/\/www.ciencianews.com.br\/wp-content\/uploads\/2025\/06\/37.png 1654w\" sizes=\"auto, (max-width: 1024px) 100vw, 1024px\" \/><\/figure>\n\n\n\n<figure class=\"wp-block-image size-large is-resized\"><img loading=\"lazy\" decoding=\"async\" width=\"1024\" height=\"1024\" src=\"https:\/\/www.ciencianews.com.br\/wp-content\/uploads\/2025\/06\/38-1024x1024.png\" alt=\"\" class=\"wp-image-7737\" style=\"width:768px\" srcset=\"https:\/\/www.ciencianews.com.br\/wp-content\/uploads\/2025\/06\/38-1024x1024.png 1024w, https:\/\/www.ciencianews.com.br\/wp-content\/uploads\/2025\/06\/38-300x300.png 300w, https:\/\/www.ciencianews.com.br\/wp-content\/uploads\/2025\/06\/38-150x150.png 150w, https:\/\/www.ciencianews.com.br\/wp-content\/uploads\/2025\/06\/38-768x768.png 768w, https:\/\/www.ciencianews.com.br\/wp-content\/uploads\/2025\/06\/38-1536x1536.png 1536w, https:\/\/www.ciencianews.com.br\/wp-content\/uploads\/2025\/06\/38-370x370.png 370w, https:\/\/www.ciencianews.com.br\/wp-content\/uploads\/2025\/06\/38.png 1654w\" sizes=\"auto, (max-width: 1024px) 100vw, 1024px\" \/><\/figure>\n\n\n\n<figure class=\"wp-block-image size-large is-resized\"><img loading=\"lazy\" decoding=\"async\" width=\"1024\" height=\"1024\" src=\"https:\/\/www.ciencianews.com.br\/wp-content\/uploads\/2025\/06\/39-1024x1024.png\" alt=\"\" class=\"wp-image-7738\" style=\"width:768px\" srcset=\"https:\/\/www.ciencianews.com.br\/wp-content\/uploads\/2025\/06\/39-1024x1024.png 1024w, https:\/\/www.ciencianews.com.br\/wp-content\/uploads\/2025\/06\/39-300x300.png 300w, https:\/\/www.ciencianews.com.br\/wp-content\/uploads\/2025\/06\/39-150x150.png 150w, https:\/\/www.ciencianews.com.br\/wp-content\/uploads\/2025\/06\/39-768x768.png 768w, https:\/\/www.ciencianews.com.br\/wp-content\/uploads\/2025\/06\/39-1536x1536.png 1536w, https:\/\/www.ciencianews.com.br\/wp-content\/uploads\/2025\/06\/39-370x370.png 370w, https:\/\/www.ciencianews.com.br\/wp-content\/uploads\/2025\/06\/39.png 1654w\" sizes=\"auto, (max-width: 1024px) 100vw, 1024px\" \/><\/figure>\n\n\n\n<figure class=\"wp-block-image size-large is-resized\"><img loading=\"lazy\" decoding=\"async\" width=\"1024\" height=\"1024\" src=\"https:\/\/www.ciencianews.com.br\/wp-content\/uploads\/2025\/06\/40-1024x1024.png\" alt=\"\" class=\"wp-image-7739\" style=\"width:768px\" srcset=\"https:\/\/www.ciencianews.com.br\/wp-content\/uploads\/2025\/06\/40-1024x1024.png 1024w, https:\/\/www.ciencianews.com.br\/wp-content\/uploads\/2025\/06\/40-300x300.png 300w, https:\/\/www.ciencianews.com.br\/wp-content\/uploads\/2025\/06\/40-150x150.png 150w, https:\/\/www.ciencianews.com.br\/wp-content\/uploads\/2025\/06\/40-768x768.png 768w, https:\/\/www.ciencianews.com.br\/wp-content\/uploads\/2025\/06\/40-1536x1536.png 1536w, https:\/\/www.ciencianews.com.br\/wp-content\/uploads\/2025\/06\/40-370x370.png 370w, https:\/\/www.ciencianews.com.br\/wp-content\/uploads\/2025\/06\/40.png 1654w\" sizes=\"auto, (max-width: 1024px) 100vw, 1024px\" \/><\/figure>\n\n\n\n<figure class=\"wp-block-image size-large is-resized\"><img loading=\"lazy\" decoding=\"async\" width=\"1024\" height=\"845\" src=\"https:\/\/www.ciencianews.com.br\/wp-content\/uploads\/2024\/01\/Impressoes-1-1024x845.png\" alt=\"\" class=\"wp-image-7399\" style=\"width:768px\" srcset=\"https:\/\/www.ciencianews.com.br\/wp-content\/uploads\/2024\/01\/Impressoes-1-1024x845.png 1024w, https:\/\/www.ciencianews.com.br\/wp-content\/uploads\/2024\/01\/Impressoes-1-300x247.png 300w, https:\/\/www.ciencianews.com.br\/wp-content\/uploads\/2024\/01\/Impressoes-1-768x633.png 768w, https:\/\/www.ciencianews.com.br\/wp-content\/uploads\/2024\/01\/Impressoes-1-449x370.png 449w, https:\/\/www.ciencianews.com.br\/wp-content\/uploads\/2024\/01\/Impressoes-1.png 1250w\" sizes=\"auto, (max-width: 1024px) 100vw, 1024px\" \/><\/figure>\n\n\n\n<h2 class=\"wp-block-heading\">O QUE \u00c9 UMA PRECEPTORIA?<\/h2>\n\n\n\n<div style=\"height:20px\" aria-hidden=\"true\" class=\"wp-block-spacer\"><\/div>\n\n\n\n<p><\/p>\n\n\n\n<div class=\"wp-block-media-text alignwide is-stacked-on-mobile\" style=\"grid-template-columns:18% auto\"><figure class=\"wp-block-media-text__media\"><video controls src=\"https:\/\/www.ciencianews.com.br\/wp-content\/uploads\/2024\/01\/Curso-de-Preceptoria-reduzido.mp4\"><\/video><\/figure><div class=\"wp-block-media-text__content\">\n<p class=\"has-text-align-left\" style=\"font-size:22px\">A preceptoria \u00e9 um curso elaborado para promover uma experi\u00eancia \u00fanica e inovadora com imers\u00e3o aprofundada no conte\u00fado e maior intera\u00e7\u00e3o entre professor e aluno, com mais espa\u00e7o para discuss\u00e3o de l\u00e2minas projetadas em tempo real (tele-hematologia) e d\u00favidas. Por esta raz\u00e3o, trabalhamos com turmas menores. <\/p>\n\n\n\n<p style=\"font-size:22px\">Al\u00e9m disso, o aluno pode monitorar seu desempenho e aprendizado por meio de exerc\u00edcios semanais de citologia digital, oferecido por uma plataforma inovadora da AC&amp;T que compara o seu diferencial com o do professor e o restante da turma. Com essa tecnologia, o professor consegue identificar pontos de dificuldade, e direcionar as explica\u00e7\u00f5es de forma mais assertiva. <\/p>\n<\/div><\/div>\n\n\n\n<div style=\"height:20px\" aria-hidden=\"true\" class=\"wp-block-spacer\"><\/div>\n\n\n\n<h2 class=\"wp-block-heading\">INVESTIMENTO<\/h2>\n\n\n\n<p class=\"has-vivid-red-color has-text-color has-link-color wp-elements-0306bf485f3e5a4b4cfa7c34f7b42c34\" style=\"font-size:22px\">Valor do curso com <strong>desconto at\u00e9 20\/08<\/strong> &#8211; R$1110 ou 3x de R$370 (3x de R$290 para alunos e ex-alunos de P\u00f3s da AC&amp;T).<\/p>\n\n\n\n<p class=\"has-text-color has-link-color wp-elements-5d08f27d514bd760529da6f997a42b5a\" style=\"color:#073163;font-size:22px\">Ap\u00f3s essa data, valor \u00fanico de R$1260 (ou 3x de R$420). <\/p>\n\n\n\n<p class=\"has-text-color\" style=\"color:#089461;font-size:22px\"><span style=\"color:#0c4c67\" class=\"has-inline-color\"><strong>ATEN\u00c7\u00c3O:<\/strong> As vagas s\u00e3o limitadas e as inscri\u00e7\u00f5es se encerram ao atingirmos o limite m\u00e1ximo de vagas.<\/span><\/p>\n\n\n\n<p class=\"has-text-color\" style=\"color:#089461;font-size:22px\"><strong>Garanta j\u00e1 a sua vaga com desconto! <\/strong><\/p>\n\n\n\n<p class=\"has-text-color\" style=\"color:#089461;font-size:22px\">Para parcelamento em 3x por PIX ou transfer\u00eancia, entre em contato pelo WhatsApp. (O pagamento da 1\u00aa parcela j\u00e1 garante a sua vaga).<\/p>\n\n\n\n<p class=\"has-text-color\" style=\"color:#089461;font-size:22px\">Para pagar o valor total por PIX ou parcelar com cart\u00e3o de cr\u00e9dito em at\u00e9 18x, basta clicar no bot\u00e3o abaixo.<\/p>\n\n\n\n<div class=\"wp-block-uagb-marketing-button uagb-marketing-btn__align-left uagb-marketing-btn__align-text-center uagb-marketing-btn__icon-after uagb-block-bd3e29dc wp-block-button\"><a href=\"https:\/\/pag.ae\/7_LNBj_Kv\" class=\"uagb-marketing-btn__link wp-block-button__link\" target=\"_blank\" rel=\"noopener noreferrer\"><span class=\"uagb-marketing-btn__title\">Inscreva-se agora<\/span><svg xmlns=\"https:\/\/www.w3.org\/2000\/svg\" viewBox=\"0 0 512 512\"><path d=\"M384 320c-17.67 0-32 14.33-32 32v96H64V160h96c17.67 0 32-14.32 32-32s-14.33-32-32-32L64 96c-35.35 0-64 28.65-64 64V448c0 35.34 28.65 64 64 64h288c35.35 0 64-28.66 64-64v-96C416 334.3 401.7 320 384 320zM488 0H352c-12.94 0-24.62 7.797-29.56 19.75c-4.969 11.97-2.219 25.72 6.938 34.88L370.8 96L169.4 297.4c-12.5 12.5-12.5 32.75 0 45.25C175.6 348.9 183.8 352 192 352s16.38-3.125 22.62-9.375L416 141.3l41.38 41.38c9.156 9.141 22.88 11.84 34.88 6.938C504.2 184.6 512 172.9 512 160V24C512 10.74 501.3 0 488 0z\"><\/path><\/svg><p class=\"uagb-marketing-btn__prefix\">Pagamento com desconto (pix, cart\u00e3o ou boleto)<\/p><\/a><\/div>\n\n\n\n<div style=\"height:36px\" aria-hidden=\"true\" class=\"wp-block-spacer\"><\/div>\n\n\n\n<p class=\"has-black-color has-text-color\" style=\"font-size:22px\"><span style=\"color:#073b50\" class=\"has-inline-color\">Ficou alguma d\u00favida? Ent\u00e3o \u00e9 s\u00f3 preencher o formul\u00e1rio abaixo:<\/span><\/p>\n\n\n<div class=\"wpforms-container wpforms-container-full wpforms-block wpforms-block-bd424b89-4d12-4bb0-a93f-f2bf47e68d61\" id=\"wpforms-7401\"><form id=\"wpforms-form-7401\" class=\"wpforms-validate wpforms-form\" data-formid=\"7401\" method=\"post\" enctype=\"multipart\/form-data\" action=\"\/index.php\/wp-json\/wp\/v2\/pages\/7378\" data-token=\"7cfd99368faa0a877e71f739f1a37a94\" data-token-time=\"1776371813\"><noscript class=\"wpforms-error-noscript\">Ative o JavaScript no seu navegador para preencher este formul\u00e1rio.<\/noscript><div class=\"wpforms-field-container\"><div id=\"wpforms-7401-field_0-container\" class=\"wpforms-field wpforms-field-name\" data-field-id=\"0\"><label class=\"wpforms-field-label\">Nome <span class=\"wpforms-required-label\">*<\/span><\/label><div class=\"wpforms-field-row wpforms-field-medium\"><div class=\"wpforms-field-row-block wpforms-first wpforms-one-half\"><input type=\"text\" id=\"wpforms-7401-field_0\" class=\"wpforms-field-name-first wpforms-field-required\" name=\"wpforms[fields][0][first]\" required><label for=\"wpforms-7401-field_0\" class=\"wpforms-field-sublabel after\">Nome<\/label><\/div><div class=\"wpforms-field-row-block wpforms-one-half\"><input type=\"text\" id=\"wpforms-7401-field_0-last\" class=\"wpforms-field-name-last wpforms-field-required\" name=\"wpforms[fields][0][last]\" required><label for=\"wpforms-7401-field_0-last\" class=\"wpforms-field-sublabel after\">Sobrenome<\/label><\/div><\/div><\/div><div id=\"wpforms-7401-field_1-container\" class=\"wpforms-field wpforms-field-email\" data-field-id=\"1\"><label class=\"wpforms-field-label\" for=\"wpforms-7401-field_1\">O seu melhor E-mail <span class=\"wpforms-required-label\">*<\/span><\/label><input type=\"email\" id=\"wpforms-7401-field_1\" class=\"wpforms-field-medium wpforms-field-required\" name=\"wpforms[fields][1]\" spellcheck=\"false\" required><\/div><div id=\"wpforms-7401-field_3-container\" class=\"wpforms-field wpforms-field-number\" data-field-id=\"3\"><label class=\"wpforms-field-label\" for=\"wpforms-7401-field_3\">Celular (preferencialmente com WhatsApp) <span class=\"wpforms-required-label\">*<\/span><\/label><input type=\"number\" id=\"wpforms-7401-field_3\" class=\"wpforms-field-medium wpforms-field-required\" name=\"wpforms[fields][3]\" step=\"any\" required><\/div><div id=\"wpforms-7401-field_2-container\" class=\"wpforms-field wpforms-field-textarea\" data-field-id=\"2\"><label class=\"wpforms-field-label\" for=\"wpforms-7401-field_2\">Coment\u00e1rio ou Mensagem (opcional)<\/label><textarea id=\"wpforms-7401-field_2\" class=\"wpforms-field-medium\" name=\"wpforms[fields][2]\" ><\/textarea><\/div><\/div><!-- .wpforms-field-container --><div class=\"wpforms-submit-container\" ><input type=\"hidden\" name=\"wpforms[id]\" value=\"7401\"><input type=\"hidden\" name=\"page_title\" value=\"\"><input type=\"hidden\" name=\"page_url\" value=\"https:\/\/www.ciencianews.com.br\/index.php\/wp-json\/wp\/v2\/pages\/7378\"><input type=\"hidden\" name=\"url_referer\" value=\"\"><button type=\"submit\" name=\"wpforms[submit]\" id=\"wpforms-submit-7401\" class=\"wpforms-submit\" data-alt-text=\"Enviando...\" data-submit-text=\"Enviar\" aria-live=\"assertive\" value=\"wpforms-submit\">Enviar<\/button><\/div><\/form><\/div>  <!-- .wpforms-container -->","protected":false},"excerpt":{"rendered":"<p>O QUE \u00c9 UMA PRECEPTORIA? A preceptoria \u00e9 um curso elaborado para promover uma experi\u00eancia \u00fanica e inovadora com imers\u00e3o aprofundada no conte\u00fado e maior intera\u00e7\u00e3o entre professor e aluno, com mais espa\u00e7o para discuss\u00e3o de l\u00e2minas projetadas em tempo [&hellip;]<\/p>\n","protected":false},"author":3,"featured_media":0,"parent":0,"menu_order":0,"comment_status":"closed","ping_status":"closed","template":"","meta":{"_uag_custom_page_level_css":"","_joinchat":[],"footnotes":""},"class_list":["post-7378","page","type-page","status-publish","hentry"],"uagb_featured_image_src":{"full":false,"thumbnail":false,"medium":false,"medium_large":false,"large":false,"1536x1536":false,"2048x2048":false,"post-thumbnail":false,"business-hub-blog":false,"business-hub-work":false},"uagb_author_info":{"display_name":"Academia de Ci\u00eancia e Tecnologia","author_link":"https:\/\/www.ciencianews.com.br\/index.php\/author\/administrador\/"},"uagb_comment_info":0,"uagb_excerpt":"O QUE \u00c9 UMA PRECEPTORIA? A preceptoria \u00e9 um curso elaborado para promover uma experi\u00eancia \u00fanica e inovadora com imers\u00e3o aprofundada no conte\u00fado e maior intera\u00e7\u00e3o entre professor e aluno, com mais espa\u00e7o para discuss\u00e3o de l\u00e2minas projetadas em tempo [&hellip;]","_links":{"self":[{"href":"https:\/\/www.ciencianews.com.br\/index.php\/wp-json\/wp\/v2\/pages\/7378","targetHints":{"allow":["GET"]}}],"collection":[{"href":"https:\/\/www.ciencianews.com.br\/index.php\/wp-json\/wp\/v2\/pages"}],"about":[{"href":"https:\/\/www.ciencianews.com.br\/index.php\/wp-json\/wp\/v2\/types\/page"}],"author":[{"embeddable":true,"href":"https:\/\/www.ciencianews.com.br\/index.php\/wp-json\/wp\/v2\/users\/3"}],"replies":[{"embeddable":true,"href":"https:\/\/www.ciencianews.com.br\/index.php\/wp-json\/wp\/v2\/comments?post=7378"}],"version-history":[{"count":38,"href":"https:\/\/www.ciencianews.com.br\/index.php\/wp-json\/wp\/v2\/pages\/7378\/revisions"}],"predecessor-version":[{"id":7872,"href":"https:\/\/www.ciencianews.com.br\/index.php\/wp-json\/wp\/v2\/pages\/7378\/revisions\/7872"}],"wp:attachment":[{"href":"https:\/\/www.ciencianews.com.br\/index.php\/wp-json\/wp\/v2\/media?parent=7378"}],"curies":[{"name":"wp","href":"https:\/\/api.w.org\/{rel}","templated":true}]}}