{"id":740,"date":"2013-08-04T19:26:46","date_gmt":"2013-08-04T19:26:46","guid":{"rendered":"http:\/\/localhost\/wordpress\/?page_id=740"},"modified":"2013-08-09T16:21:52","modified_gmt":"2013-08-09T16:21:52","slug":"artigos-de-analises-clinicas","status":"publish","type":"page","link":"https:\/\/www.ciencianews.com.br\/index.php\/revista-eletronica-virtual\/revista-eletronica-virtual-artigos\/artigos-de-analises-clinicas\/","title":{"rendered":"ARTIGOS DE AN\u00c1LISES CL\u00cdNICAS"},"content":{"rendered":"<ol>\n<li style=\"text-align: justify;\">\n<h4><span style=\"color: #0000ff;\"><span style=\"color: #0000ff;\"><strong><a href=\"\/arquivos\/ACET\/IMAGENS\/revista_virtual\/artigos\/microsoftword-giardia.pdf\" target=\"_blank\">PREVAL\u00caNCIA DE GIARDIA LAMBLIA NA CIDADE DE BURITAMA ESTADO DE S\u00c3O PAULO<\/a><\/strong><\/span><\/span><span style=\"text-align: justify; line-height: 1.7;\">,\u00a0<span style=\"line-height: 1.7; font-size: 12px;\">WERLE, C. H. AC&amp;T CIENT\u00cdFICA, vol 2, n\u00famero 1, 14\/01\/09.<\/span><\/h4>\n<\/li>\n<li style=\"text-align: justify;\">\n<h4><span style=\"color: #0000ff;\"><strong><span style=\"color: #0000ff;\"><a href=\"\/arquivos\/ACET\/IMAGENS\/revista_virtual\/artigos\/trabdiabeticos.pdf\" target=\"_blank\">BENEF\u00cdCIOS DO EXERC\u00cdCIO F\u00cdSICO E DIETA HIPOCAL\u00d3RICA EM DIAB\u00c9TICOS, PAVAN, M. F. F, AC&amp;T CIENT\u00cdFICA<\/a><\/span><\/strong><\/span><span style=\"text-align: justify; line-height: 1.7;\">,\u00a0<\/span><span style=\"line-height: 1.7; font-size: 12px;\">vol 2, n\u00famero 1, 10\/03\/09.<\/span><\/h4>\n<\/li>\n<li style=\"text-align: justify;\">\n<h4><strong style=\"text-align: justify; line-height: 1.7;\"><span style=\"color: #0000ff;\"><a style=\"text-align: justify; line-height: 1.7;\" href=\"\/arquivos\/ACET\/IMAGENS\/revista_virtual\/artigos\/artrenatogomes.pdf\" target=\"_blank\">FATORES CONDICIONANTES DE PARASITOSES INTESTINAIS EM CRIAN\u00c7AS DE 1 A 8 ANOS DE IDADE. EDUCA\u00c7\u00c3O E PREVAL\u00caNCIA<\/a><\/span><\/strong><span style=\"line-height: 1.7; font-size: 12px;\">., GOMES, R. P., SILVA, S. C., MATOS, A., AC&amp;T CIENT\u00cdFICA, vol 2, n\u00famero 2, 01\/06\/10.<\/span><\/h4>\n<\/li>\n<li style=\"text-align: justify;\">\n<h4><span style=\"color: #0000ff;\"><strong><a style=\"line-height: 1.7;\" href=\"\/arquivos\/ACET\/IMAGENS\/revista_virtual\/artigos\/analises04.pdf\" target=\"_blank\">BENEF\u00cdCIOS DO EXERC\u00cdCIO F\u00cdSICO E DIETA HIPOCAL\u00d3RICA EM DIAB\u00c9TICOS, PAVAN, M.F.F., AC&amp;T CIENT\u00cdFICA<\/a><\/strong><\/span><span style=\"line-height: 1.7; font-size: 12px;\">, vol 2 n\u00famero 2, 10\/11\/12.<\/span><\/h4>\n<\/li>\n<li style=\"text-align: justify;\">\n<h4><strong style=\"text-align: justify; line-height: 1.7;\"><span style=\"color: #0000ff;\"><a style=\"text-align: justify; line-height: 1.7;\" href=\"\/arquivos\/ACET\/IMAGENS\/revista_virtual\/artigos\/analises05.pdf\" target=\"_blank\">INTERFER\u00caNCIA DE REA\u00c7\u00d5ES CRUZADAS NO DIAGN\u00d3STICO DA TOXOPLASMOSE, ARANTES, C.Z.K., AC&amp;T CIENT\u00cdFICA<\/a><\/span><\/strong><span style=\"line-height: 1.7; font-size: 12px;\">, vol 2 n\u00famero 3, 10\/11\/12.<\/span><\/h4>\n<\/li>\n<li style=\"text-align: justify;\">\n<h4><strong style=\"text-align: justify; line-height: 1.7;\"><span style=\"color: #0000ff;\"><span style=\"color: #0000ff;\"><a href=\"\/arquivos\/ACET\/IMAGENS\/revista_virtual\/artigos\/analises06.pdf\" target=\"_blank\">INFEC\u00c7\u00c3O DO TRATO URIN\u00c1RIO EM CRIAN\u00c7AS E ADOLESCENTES \u00c0 LUZ DA EVID\u00caNCIA CL\u00cdNICA<\/a><\/span><\/span><\/strong>,<span style=\"color: #0000ff;\"><span style=\"line-height: 25px;\"><b>\u00a0<\/b><\/span><\/span><span style=\"font-size: 12px; line-height: 1.7;\">V,ALADARES, K.F., AC&amp;T CIENT\u00cdFICA, vol 2 n\u00famero 4, 2012.<\/span><\/h4>\n<\/li>\n<li style=\"text-align: justify;\">\n<h4><span style=\"color: #0000ff;\"><span style=\"color: #0000ff;\"><strong><a href=\"\/arquivos\/ACET\/IMAGENS\/revista_virtual\/artigos\/analises07.pdf\" target=\"_blank\">INFEC\u00c7\u00c3O DO TRATO URIN\u00c1RIO INFANTIL \u2013 UM PROBLEMA DE NEFROLOGIA PEDI\u00c1TRICA<\/a><\/strong><\/span><\/span><span style=\"line-height: 1.7; font-size: 12px;\">, BOMBONATO, L.C., AC&amp;T CIENT\u00cdFICA, vol 2 n\u00famero 5, 2012.<\/span><\/h4>\n<\/li>\n<li style=\"text-align: justify;\">\n<h4><span style=\"color: #0000ff;\"><strong><span style=\"color: #0000ff;\"><a href=\"\/arquivos\/ACET\/IMAGENS\/revista_virtual\/artigos\/analises08.pdf\" target=\"_blank\">HANSEN\u00cdASE: CARACTER\u00cdSTICAS GERAIS<\/a><\/span><\/strong><\/span><span style=\"line-height: 1.7; font-size: 12px;\">, VIEIRA, F.M.B., AC&amp;T CIENT\u00cdFICA, vol 2 n\u00famero 6, 2012.<\/span><\/h4>\n<\/li>\n<li style=\"text-align: justify;\">\n<h4><strong style=\"text-align: justify; line-height: 1.7;\"><span style=\"color: #0000ff;\"><a style=\"text-align: justify; line-height: 1.7;\" href=\"\/arquivos\/ACET\/IMAGENS\/revista_virtual\/artigos\/analises09.pdf\" target=\"_blank\">AVALIA\u00c7\u00c3O DE PARASITOSES INTESTINAIS EM ALUNOS DE ESCOLA P\u00daBLICA DA CIDADE DE NOVA GRANADA-SP<\/a><\/span><\/strong><span style=\"line-height: 1.7; font-size: 12px;\">, CASTRO, R.L.L., AC&amp;T CIENT\u00cdFICA, vol 2 n\u00famero 7, 2012.<\/span><\/h4>\n<\/li>\n<li style=\"text-align: justify;\">\n<h4><strong style=\"text-align: justify; line-height: 1.7;\"><span style=\"color: #0000ff;\"><a style=\"text-align: justify; line-height: 1.7;\" href=\"\/arquivos\/ACET\/IMAGENS\/revista_virtual\/artigos\/analises10.pdf\" target=\"_blank\">MORFOLOGIA DE ESPERMATOG\u00caNESE<\/a><\/span><\/strong><span style=\"line-height: 1.7; font-size: 12px;\">, CARVALHO, J. C., AC&amp;T CIENT\u00cdFICA, vol2 n\u00famero 8, 2012.<\/span><\/h4>\n<\/li>\n<\/ol>\n","protected":false},"excerpt":{"rendered":"<p>PREVAL\u00caNCIA DE GIARDIA LAMBLIA NA CIDADE DE BURITAMA ESTADO DE S\u00c3O PAULO,\u00a0WERLE, C. H. AC&amp;T CIENT\u00cdFICA, vol 2, n\u00famero 1, 14\/01\/09. BENEF\u00cdCIOS DO EXERC\u00cdCIO F\u00cdSICO E DIETA HIPOCAL\u00d3RICA EM DIAB\u00c9TICOS, PAVAN, M. F. F, AC&amp;T CIENT\u00cdFICA,\u00a0vol 2, n\u00famero 1, 10\/03\/09. [&hellip;]<\/p>\n","protected":false},"author":2,"featured_media":0,"parent":1010,"menu_order":0,"comment_status":"closed","ping_status":"open","template":"","meta":{"_uag_custom_page_level_css":"","_joinchat":[],"footnotes":""},"class_list":["post-740","page","type-page","status-publish","hentry"],"uagb_featured_image_src":{"full":false,"thumbnail":false,"medium":false,"medium_large":false,"large":false,"1536x1536":false,"2048x2048":false,"post-thumbnail":false,"business-hub-blog":false,"business-hub-work":false},"uagb_author_info":{"display_name":"admin","author_link":"https:\/\/www.ciencianews.com.br\/index.php\/author\/admin\/"},"uagb_comment_info":0,"uagb_excerpt":"PREVAL\u00caNCIA DE GIARDIA LAMBLIA NA CIDADE DE BURITAMA ESTADO DE S\u00c3O PAULO,\u00a0WERLE, C. H. AC&amp;T CIENT\u00cdFICA, vol 2, n\u00famero 1, 14\/01\/09. BENEF\u00cdCIOS DO EXERC\u00cdCIO F\u00cdSICO E DIETA HIPOCAL\u00d3RICA EM DIAB\u00c9TICOS, PAVAN, M. F. F, AC&amp;T CIENT\u00cdFICA,\u00a0vol 2, n\u00famero 1, 10\/03\/09. [&hellip;]","_links":{"self":[{"href":"https:\/\/www.ciencianews.com.br\/index.php\/wp-json\/wp\/v2\/pages\/740","targetHints":{"allow":["GET"]}}],"collection":[{"href":"https:\/\/www.ciencianews.com.br\/index.php\/wp-json\/wp\/v2\/pages"}],"about":[{"href":"https:\/\/www.ciencianews.com.br\/index.php\/wp-json\/wp\/v2\/types\/page"}],"author":[{"embeddable":true,"href":"https:\/\/www.ciencianews.com.br\/index.php\/wp-json\/wp\/v2\/users\/2"}],"replies":[{"embeddable":true,"href":"https:\/\/www.ciencianews.com.br\/index.php\/wp-json\/wp\/v2\/comments?post=740"}],"version-history":[{"count":8,"href":"https:\/\/www.ciencianews.com.br\/index.php\/wp-json\/wp\/v2\/pages\/740\/revisions"}],"predecessor-version":[{"id":1030,"href":"https:\/\/www.ciencianews.com.br\/index.php\/wp-json\/wp\/v2\/pages\/740\/revisions\/1030"}],"up":[{"embeddable":true,"href":"https:\/\/www.ciencianews.com.br\/index.php\/wp-json\/wp\/v2\/pages\/1010"}],"wp:attachment":[{"href":"https:\/\/www.ciencianews.com.br\/index.php\/wp-json\/wp\/v2\/media?parent=740"}],"curies":[{"name":"wp","href":"https:\/\/api.w.org\/{rel}","templated":true}]}}