{"id":7880,"date":"2025-08-14T22:22:48","date_gmt":"2025-08-14T22:22:48","guid":{"rendered":"https:\/\/www.ciencianews.com.br\/?page_id=7880"},"modified":"2025-10-06T01:29:45","modified_gmt":"2025-10-06T01:29:45","slug":"7880-2","status":"publish","type":"page","link":"https:\/\/www.ciencianews.com.br\/index.php\/7880-2\/","title":{"rendered":"pagina teste"},"content":{"rendered":"\n<div data-aos= \"fade-up\" data-aos-duration=\"400\" data-aos-delay=\"0\" data-aos-easing=\"ease\" data-aos-once=\"true\" class=\"wp-block-uagb-container uagb-layout-flex uagb-block-9f8c831e alignfull uagb-is-root-container\"><div class=\"uagb-container-inner-blocks-wrap\">\n<div class=\"wp-block-uagb-container uagb-block-8688596a\">\n<figure class=\"wp-block-image size-full is-style-default\"><a href=\"https:\/\/www.ciencianews.com.br\/wp-content\/uploads\/2025\/08\/Imagem1-1.png\" rel=\"lightbox-0\"><img loading=\"lazy\" decoding=\"async\" width=\"1115\" height=\"935\" src=\"https:\/\/www.ciencianews.com.br\/wp-content\/uploads\/2025\/08\/Imagem1-1.png\" alt=\"\" class=\"wp-image-7949\" style=\"aspect-ratio:4\/3;object-fit:cover\" srcset=\"https:\/\/www.ciencianews.com.br\/wp-content\/uploads\/2025\/08\/Imagem1-1.png 1115w, https:\/\/www.ciencianews.com.br\/wp-content\/uploads\/2025\/08\/Imagem1-1-300x252.png 300w, https:\/\/www.ciencianews.com.br\/wp-content\/uploads\/2025\/08\/Imagem1-1-1024x859.png 1024w, https:\/\/www.ciencianews.com.br\/wp-content\/uploads\/2025\/08\/Imagem1-1-768x644.png 768w, https:\/\/www.ciencianews.com.br\/wp-content\/uploads\/2025\/08\/Imagem1-1-441x370.png 441w\" sizes=\"auto, (max-width: 1115px) 100vw, 1115px\" \/><\/a><\/figure>\n<\/div>\n\n\n\n<div class=\"wp-block-uagb-container uagb-block-bc8eb816\">\n<h2 class=\"wp-block-heading\"><strong><strong>Preceptoria em Citologia Hematol\u00f3gica Avan\u00e7ada<\/strong><\/strong><\/h2>\n\n\n\n<p class=\"has-medium-font-size\"><strong>In\u00edcio em 5 de setembro. 100% Online.<\/strong><\/p>\n\n\n\n<p class=\"has-medium-font-size\">Curso pr\u00e1tico de alt\u00edssimo n\u00edvel na microscopia das doen\u00e7as hematol\u00f3gicas benignas e malignas. Foco em <strong>sangue perif\u00e9rico<\/strong> e <strong>mielograma<\/strong>.  Dura\u00e7\u00e3o de 4 semanas com certificado de 30 horas.<\/p>\n\n\n\n<div class=\"wp-block-uagb-call-to-action uagb-block-c347ed9a wp-block-button\"><div class=\"uagb-cta__wrap\"><\/div><div class=\"uagb-cta__buttons\"><a href=\"https:\/\/www.ciencianews.com.br\/index.php\/preceptoria-em-citologia-hematologica-avancada\/\" class=\"uagb-cta__button-link-wrapper wp-block-button__link\" target=\"_blank\" rel=\"noopener noreferrer\">Saiba mais<svg xmlns=\"https:\/\/www.w3.org\/2000\/svg\" viewBox=\"0 0 512 512\"><path d=\"M504.3 273.6l-112.1 104c-6.992 6.484-17.18 8.218-25.94 4.406c-8.758-3.812-14.42-12.45-14.42-21.1L351.9 288H32C14.33 288 .0002 273.7 .0002 255.1S14.33 224 32 224h319.9l0-72c0-9.547 5.66-18.19 14.42-22c8.754-3.809 18.95-2.075 25.94 4.41l112.1 104C514.6 247.9 514.6 264.1 504.3 273.6z\"><\/path><\/svg><\/a><\/div><\/div>\n<\/div>\n<\/div><\/div>\n\n\n\n<div class=\"wp-block-uagb-separator uagb-block-53839252\"><div class=\"wp-block-uagb-separator__inner\" style=\"--my-background-image:url(&quot;data:image\/svg+xml,%3Csvg width='16' height='16' viewBox='0 0 16 16' fill='none' xmlns='http:\/\/www.w3.org\/2000\/svg'%3E%3Cpath d='M6.29312 16.9999L17 6.29302M14.2931 16.9999L17 14.293M-0.707031 15.9999L16.0002 -0.707153M8.00017 -0.707153L-0.706882 7.9999' stroke='black'\/%3E%3C\/svg%3E&quot;)\"><\/div><\/div>\n\n\n\n<div data-aos= \"fade-up\" data-aos-duration=\"400\" data-aos-delay=\"0\" data-aos-easing=\"ease\" data-aos-once=\"true\" class=\"wp-block-uagb-container uagb-layout-flex uagb-block-b0c019fe alignfull uagb-is-root-container\"><div class=\"uagb-container-inner-blocks-wrap\">\n<div class=\"wp-block-uagb-container uagb-block-1f8222c4\">\n<figure class=\"wp-block-image size-full is-style-default\"><a href=\"https:\/\/www.ciencianews.com.br\/wp-content\/uploads\/2025\/08\/curso-imunohemato-webp.webp\"><img loading=\"lazy\" decoding=\"async\" width=\"1024\" height=\"768\" src=\"https:\/\/www.ciencianews.com.br\/wp-content\/uploads\/2025\/08\/curso-imunohemato-webp-edited.webp\" alt=\"Curso de Imunohematologia. Tipagem sangu\u00ednea e Imuno-hematologia.\" class=\"wp-image-7921\" srcset=\"https:\/\/www.ciencianews.com.br\/wp-content\/uploads\/2025\/08\/curso-imunohemato-webp-edited.webp 1024w, https:\/\/www.ciencianews.com.br\/wp-content\/uploads\/2025\/08\/curso-imunohemato-webp-edited-300x225.webp 300w, https:\/\/www.ciencianews.com.br\/wp-content\/uploads\/2025\/08\/curso-imunohemato-webp-edited-768x576.webp 768w, https:\/\/www.ciencianews.com.br\/wp-content\/uploads\/2025\/08\/curso-imunohemato-webp-edited-493x370.webp 493w\" sizes=\"auto, (max-width: 1024px) 100vw, 1024px\" \/><\/a><\/figure>\n<\/div>\n\n\n\n<div class=\"wp-block-uagb-container uagb-block-2f55f0a3\">\n<h2 class=\"wp-block-heading\"><strong><strong>SOS Imunohematologia \u2013 Como reconhecer e solucionar os problemas na rotina?<\/strong><\/strong><\/h2>\n\n\n\n<p class=\"has-medium-font-size\"><strong>8 de novembro de 2025, das 8h00 \u00e0s 12h00. 100% Online .<\/strong><\/p>\n\n\n\n<p class=\"has-medium-font-size\">Aprofunde seu conhecimento em <strong>imunohematologia<\/strong> por meio de estudos de caso reais e aulas ao vivo que simulam a rotina profissional. Ideal para quem busca identificar e solucionar discrep\u00e2ncias em tipagem sangu\u00ednea, anticorpos irregulares, sangues raros e controle de qualidade.<\/p>\n\n\n\n<div class=\"wp-block-uagb-call-to-action uagb-block-ae0ac002 wp-block-button\"><div class=\"uagb-cta__wrap\"><\/div><div class=\"uagb-cta__buttons\"><a href=\"https:\/\/www.ciencianews.com.br\/index.php\/sos-em-imunohematologia-como-reconhecer-e-solucionar-os-problemas-da-rotina\/\" class=\"uagb-cta__button-link-wrapper wp-block-button__link\" target=\"_blank\" rel=\"noopener noreferrer\">Saiba mais<svg xmlns=\"https:\/\/www.w3.org\/2000\/svg\" viewBox=\"0 0 512 512\"><path d=\"M504.3 273.6l-112.1 104c-6.992 6.484-17.18 8.218-25.94 4.406c-8.758-3.812-14.42-12.45-14.42-21.1L351.9 288H32C14.33 288 .0002 273.7 .0002 255.1S14.33 224 32 224h319.9l0-72c0-9.547 5.66-18.19 14.42-22c8.754-3.809 18.95-2.075 25.94 4.41l112.1 104C514.6 247.9 514.6 264.1 504.3 273.6z\"><\/path><\/svg><\/a><\/div><\/div>\n<\/div>\n<\/div><\/div>\n\n\n\n<div class=\"wp-block-uagb-separator uagb-block-99ae9153\"><div class=\"wp-block-uagb-separator__inner\" style=\"--my-background-image:url(&quot;data:image\/svg+xml,%3Csvg width='16' height='16' viewBox='0 0 16 16' fill='none' xmlns='http:\/\/www.w3.org\/2000\/svg'%3E%3Cpath d='M6.29312 16.9999L17 6.29302M14.2931 16.9999L17 14.293M-0.707031 15.9999L16.0002 -0.707153M8.00017 -0.707153L-0.706882 7.9999' stroke='black'\/%3E%3C\/svg%3E&quot;)\"><\/div><\/div>\n\n\n\n<div data-aos= \"fade-up\" data-aos-duration=\"400\" data-aos-delay=\"0\" data-aos-easing=\"ease\" data-aos-once=\"true\" class=\"wp-block-uagb-container uagb-layout-flex uagb-block-78ff4e0f alignfull uagb-is-root-container\"><div class=\"uagb-container-inner-blocks-wrap\">\n<div class=\"wp-block-uagb-container uagb-block-9b4ac470\">\n<figure class=\"wp-block-image size-full is-style-default\"><a href=\"https:\/\/www.ciencianews.com.br\/wp-content\/uploads\/2025\/08\/HBS-2025.3.png\" rel=\"lightbox-1\"><img loading=\"lazy\" decoding=\"async\" width=\"940\" height=\"788\" src=\"https:\/\/www.ciencianews.com.br\/wp-content\/uploads\/2025\/08\/HBS-2025.3.png\" alt=\"\" class=\"wp-image-7946\" srcset=\"https:\/\/www.ciencianews.com.br\/wp-content\/uploads\/2025\/08\/HBS-2025.3.png 940w, https:\/\/www.ciencianews.com.br\/wp-content\/uploads\/2025\/08\/HBS-2025.3-300x251.png 300w, https:\/\/www.ciencianews.com.br\/wp-content\/uploads\/2025\/08\/HBS-2025.3-768x644.png 768w, https:\/\/www.ciencianews.com.br\/wp-content\/uploads\/2025\/08\/HBS-2025.3-441x370.png 441w\" sizes=\"auto, (max-width: 940px) 100vw, 940px\" \/><\/a><\/figure>\n<\/div>\n\n\n\n<div class=\"wp-block-uagb-container uagb-block-8fddd2bf\">\n<h2 class=\"wp-block-heading\"><strong><strong>P\u00f3s em Hematologia e Banco de Sangue<\/strong><\/strong><\/h2>\n\n\n\n<p class=\"has-medium-font-size\"><strong>In\u00edcio em Fevereiro de 2026<\/strong>.<\/p>\n\n\n\n<p class=\"has-text-align-left has-medium-font-size\">Especializa\u00e7\u00e3o focada em <strong>aulas pr\u00e1ticas e discuss\u00f5es de casos<\/strong>. Voc\u00ea vai se aprofundar em <strong>doen\u00e7as hematol\u00f3gicas benignas e malignas, <\/strong>t\u00e9cnicas de<strong> imunohematologia <\/strong>e gest\u00e3o de<strong> Banco de Sangue<\/strong>. Com dura\u00e7\u00e3o de <strong>18 meses<\/strong>, o curso combina <strong>10 m\u00f3dulos presenciais<\/strong> e <strong>8 online<\/strong> (gravados) \u2014 e concede <strong>acomoda\u00e7\u00e3o gratuita e transfer cortesia<\/strong>. Curso reconhecido pelo MEC.<\/p>\n\n\n\n<div class=\"wp-block-uagb-call-to-action uagb-block-46aacce6 wp-block-button\"><div class=\"uagb-cta__wrap\"><h3 class=\"uagb-cta__title\">Matr\u00edculas em breve<\/h3><\/div><div class=\"uagb-cta__buttons\"><a href=\"https:\/\/www.ciencianews.com.br\/index.php\/inscricao-para-pos-graduacao\/\" class=\"uagb-cta__button-link-wrapper wp-block-button__link\" target=\"_blank\" rel=\"noopener noreferrer\">Registre seu interesse<svg xmlns=\"https:\/\/www.w3.org\/2000\/svg\" viewBox=\"0 0 512 512\"><path d=\"M504.3 273.6l-112.1 104c-6.992 6.484-17.18 8.218-25.94 4.406c-8.758-3.812-14.42-12.45-14.42-21.1L351.9 288H32C14.33 288 .0002 273.7 .0002 255.1S14.33 224 32 224h319.9l0-72c0-9.547 5.66-18.19 14.42-22c8.754-3.809 18.95-2.075 25.94 4.41l112.1 104C514.6 247.9 514.6 264.1 504.3 273.6z\"><\/path><\/svg><\/a><\/div><\/div>\n<\/div>\n<\/div><\/div>\n\n\n\n<div class=\"wp-block-uagb-separator uagb-block-59295368\"><div class=\"wp-block-uagb-separator__inner\" style=\"--my-background-image:url(&quot;data:image\/svg+xml,%3Csvg width='16' height='16' viewBox='0 0 16 16' fill='none' xmlns='http:\/\/www.w3.org\/2000\/svg'%3E%3Cpath d='M6.29312 16.9999L17 6.29302M14.2931 16.9999L17 14.293M-0.707031 15.9999L16.0002 -0.707153M8.00017 -0.707153L-0.706882 7.9999' stroke='black'\/%3E%3C\/svg%3E&quot;)\"><\/div><\/div>\n","protected":false},"excerpt":{"rendered":"<p>Preceptoria em Citologia Hematol\u00f3gica Avan\u00e7ada In\u00edcio em 5 de setembro. 100% Online. Curso pr\u00e1tico de alt\u00edssimo n\u00edvel na microscopia das doen\u00e7as hematol\u00f3gicas benignas e malignas. Foco em sangue perif\u00e9rico e mielograma. Dura\u00e7\u00e3o de 4 semanas com certificado de 30 horas. [&hellip;]<\/p>\n","protected":false},"author":3,"featured_media":7864,"parent":0,"menu_order":0,"comment_status":"closed","ping_status":"closed","template":"","meta":{"_uag_custom_page_level_css":"","_joinchat":[],"footnotes":""},"class_list":["post-7880","page","type-page","status-publish","has-post-thumbnail","hentry"],"uagb_featured_image_src":{"full":["https:\/\/www.ciencianews.com.br\/wp-content\/uploads\/2025\/08\/curso-imunohemato-webp.webp",1024,1024,false],"thumbnail":["https:\/\/www.ciencianews.com.br\/wp-content\/uploads\/2025\/08\/curso-imunohemato-webp-150x150.webp",150,150,true],"medium":["https:\/\/www.ciencianews.com.br\/wp-content\/uploads\/2025\/08\/curso-imunohemato-webp-300x300.webp",300,300,true],"medium_large":["https:\/\/www.ciencianews.com.br\/wp-content\/uploads\/2025\/08\/curso-imunohemato-webp-768x768.webp",768,768,true],"large":["https:\/\/www.ciencianews.com.br\/wp-content\/uploads\/2025\/08\/curso-imunohemato-webp.webp",785,785,false],"1536x1536":["https:\/\/www.ciencianews.com.br\/wp-content\/uploads\/2025\/08\/curso-imunohemato-webp.webp",1024,1024,false],"2048x2048":["https:\/\/www.ciencianews.com.br\/wp-content\/uploads\/2025\/08\/curso-imunohemato-webp.webp",1024,1024,false],"post-thumbnail":["https:\/\/www.ciencianews.com.br\/wp-content\/uploads\/2025\/08\/curso-imunohemato-webp-370x370.webp",370,370,true],"business-hub-blog":["https:\/\/www.ciencianews.com.br\/wp-content\/uploads\/2025\/08\/curso-imunohemato-webp-260x250.webp",260,250,true],"business-hub-work":["https:\/\/www.ciencianews.com.br\/wp-content\/uploads\/2025\/08\/curso-imunohemato-webp-357x240.webp",357,240,true]},"uagb_author_info":{"display_name":"Academia de Ci\u00eancia e Tecnologia","author_link":"https:\/\/www.ciencianews.com.br\/index.php\/author\/administrador\/"},"uagb_comment_info":0,"uagb_excerpt":"Preceptoria em Citologia Hematol\u00f3gica Avan\u00e7ada In\u00edcio em 5 de setembro. 100% Online. Curso pr\u00e1tico de alt\u00edssimo n\u00edvel na microscopia das doen\u00e7as hematol\u00f3gicas benignas e malignas. Foco em sangue perif\u00e9rico e mielograma. Dura\u00e7\u00e3o de 4 semanas com certificado de 30 horas. [&hellip;]","_links":{"self":[{"href":"https:\/\/www.ciencianews.com.br\/index.php\/wp-json\/wp\/v2\/pages\/7880","targetHints":{"allow":["GET"]}}],"collection":[{"href":"https:\/\/www.ciencianews.com.br\/index.php\/wp-json\/wp\/v2\/pages"}],"about":[{"href":"https:\/\/www.ciencianews.com.br\/index.php\/wp-json\/wp\/v2\/types\/page"}],"author":[{"embeddable":true,"href":"https:\/\/www.ciencianews.com.br\/index.php\/wp-json\/wp\/v2\/users\/3"}],"replies":[{"embeddable":true,"href":"https:\/\/www.ciencianews.com.br\/index.php\/wp-json\/wp\/v2\/comments?post=7880"}],"version-history":[{"count":61,"href":"https:\/\/www.ciencianews.com.br\/index.php\/wp-json\/wp\/v2\/pages\/7880\/revisions"}],"predecessor-version":[{"id":7951,"href":"https:\/\/www.ciencianews.com.br\/index.php\/wp-json\/wp\/v2\/pages\/7880\/revisions\/7951"}],"wp:featuredmedia":[{"embeddable":true,"href":"https:\/\/www.ciencianews.com.br\/index.php\/wp-json\/wp\/v2\/media\/7864"}],"wp:attachment":[{"href":"https:\/\/www.ciencianews.com.br\/index.php\/wp-json\/wp\/v2\/media?parent=7880"}],"curies":[{"name":"wp","href":"https:\/\/api.w.org\/{rel}","templated":true}]}}