{"id":99,"date":"2013-07-23T00:00:16","date_gmt":"2013-07-23T00:00:16","guid":{"rendered":"http:\/\/localhost\/wordpress\/?page_id=99"},"modified":"2020-07-07T12:24:06","modified_gmt":"2020-07-07T12:24:06","slug":"contato","status":"publish","type":"page","link":"https:\/\/www.ciencianews.com.br\/index.php\/contato\/","title":{"rendered":"Contato"},"content":{"rendered":"<h2 style=\"text-align: center;\"><strong>Academia de Ci\u00eancia e Tecnologia de S\u00e3o Jos\u00e9 do Rio Preto, SP, Brasil<\/strong><\/h2>\n<h4 style=\"text-align: left;\"><\/h4>\n<ul>\n<li>\n<h3><span style=\"line-height: 1.7;\">e:mail: a.c.t@terra.com.br<\/span><\/h3>\n<\/li>\n<li>\n<h3><span style=\"line-height: 1.7;\">Telefone (<\/span><span style=\"line-height: 1.7;\">Phone<\/span><span style=\"line-height: 1.7;\">):\u00a0<\/span><span style=\"line-height: 1.7;\">(55 17) 3233-4490<\/span><\/h3>\n<\/li>\n<li>\n<h3><span style=\"line-height: 1.7;\">Telefone (<\/span><span style=\"line-height: 1.7;\">WhatsApp<\/span><span style=\"line-height: 1.7;\">):\u00a0<\/span><span style=\"line-height: 1.7;\">(55 17) 99794-4667<\/span><\/h3>\n<\/li>\n<li>\n<h3><span style=\"line-height: 1.7;\">Endere\u00e7o (Address): Rua Bonf\u00e1 Natale, 1860 &#8211; CEP (Zip Code): 15020-130 &#8211; S\u00e3o Jos\u00e9 do Rio Preto, SP.<\/span><\/h3>\n<\/li>\n<\/ul>\n<p><center><br \/>\n<iframe loading=\"lazy\" src=\"https:\/\/www.google.com\/maps\/embed?pb=!1m18!1m12!1m3!1d3729.396787007684!2d-49.403235485355395!3d-20.815677886114187!2m3!1f0!2f0!3f0!3m2!1i1024!2i768!4f13.1!3m3!1m2!1s0x94bdad79f6734109%3A0xcfb12ba8b1513f30!2sAcademia%20de%20Ci%C3%AAncia%20e%20Tecnologia%20de!5e0!3m2!1spt-BR!2sbr!4v1594124402412!5m2!1spt-BR!2sbr\" width=\"700\" height=\"400\" frameborder=\"0\" style=\"border:0;\" allowfullscreen=\"\" aria-hidden=\"false\" tabindex=\"0\"><\/iframe><br \/>\n<\/center><\/p>\n<blockquote>\n<h5 style=\"text-align: center;\"><strong>o Preenchimento dos campos abaixo ser\u00e1 encaminhado um e-mail diretamente para Academia de Ci\u00eancia e Tecnologia.<\/strong><\/h5>\n<\/blockquote>\n\n<div class=\"wpcf7 no-js\" id=\"wpcf7-f93-o1\" lang=\"en-US\" dir=\"ltr\" data-wpcf7-id=\"93\">\n<div class=\"screen-reader-response\"><p role=\"status\" aria-live=\"polite\" aria-atomic=\"true\"><\/p> <ul><\/ul><\/div>\n<form action=\"\/index.php\/wp-json\/wp\/v2\/pages\/99#wpcf7-f93-o1\" method=\"post\" class=\"wpcf7-form init\" aria-label=\"Contact form\" novalidate=\"novalidate\" data-status=\"init\">\n<fieldset class=\"hidden-fields-container\"><input type=\"hidden\" name=\"_wpcf7\" value=\"93\" \/><input type=\"hidden\" name=\"_wpcf7_version\" value=\"6.1\" \/><input type=\"hidden\" name=\"_wpcf7_locale\" value=\"en_US\" \/><input type=\"hidden\" name=\"_wpcf7_unit_tag\" value=\"wpcf7-f93-o1\" \/><input type=\"hidden\" name=\"_wpcf7_container_post\" value=\"0\" \/><input type=\"hidden\" name=\"_wpcf7_posted_data_hash\" value=\"\" \/><input type=\"hidden\" name=\"_wpcf7_recaptcha_response\" value=\"\" \/>\n<\/fieldset>\n<p>Seu nome (obrigat\u00f3rio)<br \/>\n<span class=\"wpcf7-form-control-wrap\" data-name=\"your-name\"><input size=\"40\" maxlength=\"400\" class=\"wpcf7-form-control wpcf7-text wpcf7-validates-as-required\" aria-required=\"true\" aria-invalid=\"false\" value=\"\" type=\"text\" name=\"your-name\" \/><\/span>\n<\/p>\n<p>Seu e-mail (obrigat\u00f3rio)<br \/>\n<span class=\"wpcf7-form-control-wrap\" data-name=\"email-921\"><input size=\"40\" maxlength=\"400\" class=\"wpcf7-form-control wpcf7-email wpcf7-validates-as-required wpcf7-text wpcf7-validates-as-email\" aria-required=\"true\" aria-invalid=\"false\" value=\"\" type=\"email\" name=\"email-921\" \/><\/span>\n<\/p>\n<p>Assunto (obrigat\u00f3rio)<br \/>\n<span class=\"wpcf7-form-control-wrap\" data-name=\"text-823\"><input size=\"40\" maxlength=\"400\" class=\"wpcf7-form-control wpcf7-text\" aria-invalid=\"false\" value=\"\" type=\"text\" name=\"text-823\" \/><\/span>\n<\/p>\n<p>Mensagem\n<\/p>\n<p><span class=\"wpcf7-form-control-wrap\" data-name=\"textarea-221\"><textarea cols=\"6\" rows=\"3\" maxlength=\"1000\" class=\"wpcf7-form-control wpcf7-textarea\" aria-invalid=\"false\" name=\"textarea-221\"><\/textarea><\/span>\n<\/p>\n\n<p><input class=\"wpcf7-form-control wpcf7-submit has-spinner\" type=\"submit\" value=\"Enviar\" \/>\n<\/p><p style=\"display: none !important;\" class=\"akismet-fields-container\" data-prefix=\"_wpcf7_ak_\"><label>&#916;<textarea name=\"_wpcf7_ak_hp_textarea\" cols=\"45\" rows=\"8\" maxlength=\"100\"><\/textarea><\/label><input type=\"hidden\" id=\"ak_js_1\" name=\"_wpcf7_ak_js\" value=\"222\"\/><script>document.getElementById( \"ak_js_1\" ).setAttribute( \"value\", ( new Date() ).getTime() );<\/script><\/p><div class=\"wpcf7-response-output\" aria-hidden=\"true\"><\/div>\n<\/form>\n<\/div>\n\n<p>&nbsp;<\/p>\n","protected":false},"excerpt":{"rendered":"<p>Academia de Ci\u00eancia e Tecnologia de S\u00e3o Jos\u00e9 do Rio Preto, SP, Brasil e:mail: a.c.t@terra.com.br Telefone (Phone):\u00a0(55 17) 3233-4490 Telefone (WhatsApp):\u00a0(55 17) 99794-4667 Endere\u00e7o (Address): Rua Bonf\u00e1 Natale, 1860 &#8211; CEP (Zip Code): 15020-130 &#8211; S\u00e3o Jos\u00e9 do Rio Preto, [&hellip;]<\/p>\n","protected":false},"author":2,"featured_media":0,"parent":0,"menu_order":0,"comment_status":"closed","ping_status":"open","template":"","meta":{"_uag_custom_page_level_css":"","_joinchat":[],"footnotes":""},"class_list":["post-99","page","type-page","status-publish","hentry"],"uagb_featured_image_src":{"full":false,"thumbnail":false,"medium":false,"medium_large":false,"large":false,"1536x1536":false,"2048x2048":false,"post-thumbnail":false,"business-hub-blog":false,"business-hub-work":false},"uagb_author_info":{"display_name":"admin","author_link":"https:\/\/www.ciencianews.com.br\/index.php\/author\/admin\/"},"uagb_comment_info":0,"uagb_excerpt":"Academia de Ci\u00eancia e Tecnologia de S\u00e3o Jos\u00e9 do Rio Preto, SP, Brasil e:mail: a.c.t@terra.com.br Telefone (Phone):\u00a0(55 17) 3233-4490 Telefone (WhatsApp):\u00a0(55 17) 99794-4667 Endere\u00e7o (Address): Rua Bonf\u00e1 Natale, 1860 &#8211; CEP (Zip Code): 15020-130 &#8211; S\u00e3o Jos\u00e9 do Rio Preto, [&hellip;]","_links":{"self":[{"href":"https:\/\/www.ciencianews.com.br\/index.php\/wp-json\/wp\/v2\/pages\/99","targetHints":{"allow":["GET"]}}],"collection":[{"href":"https:\/\/www.ciencianews.com.br\/index.php\/wp-json\/wp\/v2\/pages"}],"about":[{"href":"https:\/\/www.ciencianews.com.br\/index.php\/wp-json\/wp\/v2\/types\/page"}],"author":[{"embeddable":true,"href":"https:\/\/www.ciencianews.com.br\/index.php\/wp-json\/wp\/v2\/users\/2"}],"replies":[{"embeddable":true,"href":"https:\/\/www.ciencianews.com.br\/index.php\/wp-json\/wp\/v2\/comments?post=99"}],"version-history":[{"count":13,"href":"https:\/\/www.ciencianews.com.br\/index.php\/wp-json\/wp\/v2\/pages\/99\/revisions"}],"predecessor-version":[{"id":5883,"href":"https:\/\/www.ciencianews.com.br\/index.php\/wp-json\/wp\/v2\/pages\/99\/revisions\/5883"}],"wp:attachment":[{"href":"https:\/\/www.ciencianews.com.br\/index.php\/wp-json\/wp\/v2\/media?parent=99"}],"curies":[{"name":"wp","href":"https:\/\/api.w.org\/{rel}","templated":true}]}}